{"id":1154,"date":"2023-09-11T16:18:28","date_gmt":"2023-09-11T14:18:28","guid":{"rendered":"https:\/\/amblapaz.esteri.it\/?page_id=1154"},"modified":"2023-09-12T14:45:27","modified_gmt":"2023-09-12T12:45:27","slug":"messaggio-dellambasciatore","status":"publish","type":"page","link":"https:\/\/amblapaz.esteri.it\/es\/chi-siamo\/lambasciatore\/messaggio-dellambasciatore\/","title":{"rendered":"Mensaje del Embajador"},"content":{"rendered":"<p><em>Mi m\u00e1s cordial saludo a mis compatriotas residentes en el Estado Plurinacional de Bolivia y a todos los dem\u00e1s visitantes de este sitio interesados en utilizar los servicios de la Embajada de Italia en La Paz.<\/em><\/p>\n<p><em>Bajo la gu\u00eda del Ministerio de Relaciones Exteriores y Cooperaci\u00f3n Internacional y en colaboraci\u00f3n con todas las instituciones italianas presentes en el territorio, nos proponemos contribuir a reforzar los s\u00f3lidos lazos de amistad en los que siempre se han basado nuestras relaciones y ofrecer mayores oportunidades de conocimiento y crecimiento rec\u00edproco en los \u00e1mbitos social, cultural, econ\u00f3mico y comercial.<\/em><\/p>\n<p><em>Formamos un equipo de pocas personas, pero que se compromete a diario a garantizar los servicios que puedan satisfacer sus expectativas en la medida de lo posible.<\/em><\/p>\n<p><em>Les invito a seguirnos tambi\u00e9n en las principales redes sociales para estar al d\u00eda de las iniciativas tanto de esta Embajada como del Ministerio de Relaciones Exteriores y Cooperaci\u00f3n Internacional.<\/em><\/p>\n<p><em>Esperando conocerles personalmente, \u00a1les deseo una buena navegaci\u00f3n! <\/em><\/p>\n<p><em>Fabio Messineo<\/em><\/p>\n","protected":false},"excerpt":{"rendered":"Mi m\u00e1s cordial saludo a mis compatriotas residentes en el Estado Plurinacional de Bolivia y a todos los dem\u00e1s visitantes de este sitio interesados en utilizar los servicios de la Embajada de Italia en La Paz. Bajo la gu\u00eda del Ministerio de Relaciones Exteriores y Cooperaci\u00f3n Internacional y en colaboraci\u00f3n con todas las instituciones italianas [&hellip;]","protected":false},"author":4,"featured_media":0,"parent":145,"menu_order":0,"comment_status":"closed","ping_status":"closed","template":"","meta":{"footnotes":""},"class_list":["post-1154","page","type-page","status-publish","hentry"],"_links":{"self":[{"href":"https:\/\/amblapaz.esteri.it\/es\/wp-json\/wp\/v2\/pages\/1154","targetHints":{"allow":["GET"]}}],"collection":[{"href":"https:\/\/amblapaz.esteri.it\/es\/wp-json\/wp\/v2\/pages"}],"about":[{"href":"https:\/\/amblapaz.esteri.it\/es\/wp-json\/wp\/v2\/types\/page"}],"author":[{"embeddable":true,"href":"https:\/\/amblapaz.esteri.it\/es\/wp-json\/wp\/v2\/users\/4"}],"replies":[{"embeddable":true,"href":"https:\/\/amblapaz.esteri.it\/es\/wp-json\/wp\/v2\/comments?post=1154"}],"version-history":[{"count":4,"href":"https:\/\/amblapaz.esteri.it\/es\/wp-json\/wp\/v2\/pages\/1154\/revisions"}],"predecessor-version":[{"id":1159,"href":"https:\/\/amblapaz.esteri.it\/es\/wp-json\/wp\/v2\/pages\/1154\/revisions\/1159"}],"up":[{"embeddable":true,"href":"https:\/\/amblapaz.esteri.it\/es\/wp-json\/wp\/v2\/pages\/145"}],"wp:attachment":[{"href":"https:\/\/amblapaz.esteri.it\/es\/wp-json\/wp\/v2\/media?parent=1154"}],"curies":[{"name":"wp","href":"https:\/\/api.w.org\/{rel}","templated":true}]}}