{"id":145,"date":"2023-04-11T17:53:01","date_gmt":"2023-04-11T15:53:01","guid":{"rendered":"https:\/\/amblapaz.esteri.it\/chi-siamo\/lambasciatore\/"},"modified":"2023-09-12T14:48:34","modified_gmt":"2023-09-12T12:48:34","slug":"lambasciatore","status":"publish","type":"page","link":"https:\/\/amblapaz.esteri.it\/es\/chi-siamo\/lambasciatore\/","title":{"rendered":"L\u2019Ambasciatore"},"content":{"rendered":"<p><img loading=\"lazy\" decoding=\"async\" class=\"img-fluid aligncenter wp-image-1148\" src=\"https:\/\/amblapaz.esteri.it\/wp-content\/uploads\/2023\/09\/foto-Fabio-Messineo-1.jpeg\" alt=\"\" width=\"241\" height=\"208\" \/><\/p>\n<p><strong>Fabio Messineo<\/strong><\/p>\n<p><strong>Embajador de Italia en Bolivia<\/strong><\/p>\n<p>Fabio Messineo naci\u00f3 en Marsala (Trapani) en 1964. Se gradu\u00f3 en Derecho en la Universidad de Messina en 1986 y posteriormente hizo parte del colegio de abogados. Tras su servicio militar como oficial de la Guardia di Finanza, trabaj\u00f3 en el Ministerio del Interior y en el Ministerio de Educaci\u00f3n P\u00fablica.<\/p>\n<p>En 2001 aprob\u00f3 el examen para la Carrera Diplom\u00e1tica y fue destinado como Jefe de Misi\u00f3n Adjunto en Colombia, Bolivia, Portugal y Venezuela y como C\u00f3nsul General en Vancouver. En el Ministerio de Relaciones Exteriores de Italia prest\u00f3 servicios en la Direcci\u00f3n General de Gesti\u00f3n de Recursos Humanos.<\/p>\n<p>Desde el 11 de septiembre de 2023 es Embajador de Italia en La Paz.<\/p>\n<p>Sus pasatiempos son los libros de historia, el ajedrez y el deporte. En particular el baloncesto, el tenis y la esgrima.<\/p>\n<p>Est\u00e1 casado con Silvia. Tienen dos hijos, Marcello y Michele.<\/p>\n<p>&nbsp;<\/p>\n","protected":false},"excerpt":{"rendered":"Fabio Messineo Embajador de Italia en Bolivia Fabio Messineo naci\u00f3 en Marsala (Trapani) en 1964. Se gradu\u00f3 en Derecho en la Universidad de Messina en 1986 y posteriormente hizo parte del colegio de abogados. Tras su servicio militar como oficial de la Guardia di Finanza, trabaj\u00f3 en el Ministerio del Interior y en el Ministerio [&hellip;]","protected":false},"author":1,"featured_media":0,"parent":143,"menu_order":0,"comment_status":"closed","ping_status":"closed","template":"","meta":{"footnotes":""},"class_list":["post-145","page","type-page","status-publish","hentry"],"_links":{"self":[{"href":"https:\/\/amblapaz.esteri.it\/es\/wp-json\/wp\/v2\/pages\/145","targetHints":{"allow":["GET"]}}],"collection":[{"href":"https:\/\/amblapaz.esteri.it\/es\/wp-json\/wp\/v2\/pages"}],"about":[{"href":"https:\/\/amblapaz.esteri.it\/es\/wp-json\/wp\/v2\/types\/page"}],"author":[{"embeddable":true,"href":"https:\/\/amblapaz.esteri.it\/es\/wp-json\/wp\/v2\/users\/1"}],"replies":[{"embeddable":true,"href":"https:\/\/amblapaz.esteri.it\/es\/wp-json\/wp\/v2\/comments?post=145"}],"version-history":[{"count":5,"href":"https:\/\/amblapaz.esteri.it\/es\/wp-json\/wp\/v2\/pages\/145\/revisions"}],"predecessor-version":[{"id":1161,"href":"https:\/\/amblapaz.esteri.it\/es\/wp-json\/wp\/v2\/pages\/145\/revisions\/1161"}],"up":[{"embeddable":true,"href":"https:\/\/amblapaz.esteri.it\/es\/wp-json\/wp\/v2\/pages\/143"}],"wp:attachment":[{"href":"https:\/\/amblapaz.esteri.it\/es\/wp-json\/wp\/v2\/media?parent=145"}],"curies":[{"name":"wp","href":"https:\/\/api.w.org\/{rel}","templated":true}]}}