{"id":1497,"date":"2024-02-07T12:05:59","date_gmt":"2024-02-07T16:05:59","guid":{"rendered":"https:\/\/amblapaz.esteri.it\/?page_id=1497"},"modified":"2025-03-05T10:02:04","modified_gmt":"2025-03-05T14:02:04","slug":"ingreso-de-animales-domesticos-en-italia","status":"publish","type":"page","link":"https:\/\/amblapaz.esteri.it\/es\/servizi-consolari-e-visti\/servizi-per-il-cittadino-italiano\/assistenza-ai-cittadini-allestero\/ingreso-de-animales-domesticos-en-italia\/","title":{"rendered":"Ingreso de animales domesticos en Italia"},"content":{"rendered":"<p>Desde el 2 de octubre de 2004, el Reglamento 998\/2003\/CE relativo a los requisitos veterinarios requisitos veterinarios aplicables a la introducci\u00f3n y al traslado en el territorio de la Uni\u00f3n Europea de animales dom\u00e9sticos (perros, gatos y hurones) que acompa\u00f1en a viajeros y con fines no comerciales.<\/p>\n<p>Para consultar los requisitos haga clic <a href=\"https:\/\/amblapaz.esteri.it\/wp-content\/uploads\/2024\/06\/req.-tranporte-animales.doc\">aqui<\/a>.<\/p>\n<div class=\"entry-content\">\n<p><strong>Viajando a l\u2019Italia<\/strong>: <a href=\"https:\/\/www.salute.gov.it\/portale\/caniGatti\/dettaglioContenutiCaniGatti.jsp?lingua=italiano&amp;id=4278&amp;area=cani&amp;menu=viaggiare\">https:\/\/www.salute.gov.it\/portale\/caniGatti\/dettaglioContenutiCaniGatti.jsp?lingua=italiano&amp;id=4278&amp;area=cani&amp;menu=viaggiare\u00a0<\/a><\/p>\n<p><strong>Transporte de animales domesticos: <\/strong><a href=\"https:\/\/www.salute.gov.it\/portale\/caniGatti\/dettaglioContenutiCaniGatti.jsp?lingua=italiano&amp;id=3975&amp;area=cani&amp;menu=viaggiare\">https:\/\/www.salute.gov.it\/portale\/caniGatti\/dettaglioContenutiCaniGatti.jsp?lingua=italiano&amp;id=3975&amp;area=cani&amp;menu=viaggiare\u00a0<\/a><strong><br \/>\n<\/strong><\/p>\n<p><strong>Consejos utiles para viajar con animales domesticos<\/strong>: <a href=\"https:\/\/www.salute.gov.it\/portale\/caniGatti\/dettaglioContenutiCaniGatti.jsp?lingua=italiano&amp;id=217&amp;area=cani&amp;menu=viaggiare\">https:\/\/www.salute.gov.it\/portale\/caniGatti\/dettaglioContenutiCaniGatti.jsp?lingua=italiano&amp;id=217&amp;area=cani&amp;menu=viaggiare\u00a0<\/a><\/p>\n<\/div>\n","protected":false},"excerpt":{"rendered":"Desde el 2 de octubre de 2004, el Reglamento 998\/2003\/CE relativo a los requisitos veterinarios requisitos veterinarios aplicables a la introducci\u00f3n y al traslado en el territorio de la Uni\u00f3n Europea de animales dom\u00e9sticos (perros, gatos y hurones) que acompa\u00f1en a viajeros y con fines no comerciales. Para consultar los requisitos haga clic aqui. Viajando [&hellip;]","protected":false},"author":4,"featured_media":0,"parent":174,"menu_order":0,"comment_status":"closed","ping_status":"closed","template":"","meta":{"footnotes":""},"class_list":["post-1497","page","type-page","status-publish","hentry"],"_links":{"self":[{"href":"https:\/\/amblapaz.esteri.it\/es\/wp-json\/wp\/v2\/pages\/1497","targetHints":{"allow":["GET"]}}],"collection":[{"href":"https:\/\/amblapaz.esteri.it\/es\/wp-json\/wp\/v2\/pages"}],"about":[{"href":"https:\/\/amblapaz.esteri.it\/es\/wp-json\/wp\/v2\/types\/page"}],"author":[{"embeddable":true,"href":"https:\/\/amblapaz.esteri.it\/es\/wp-json\/wp\/v2\/users\/4"}],"replies":[{"embeddable":true,"href":"https:\/\/amblapaz.esteri.it\/es\/wp-json\/wp\/v2\/comments?post=1497"}],"version-history":[{"count":5,"href":"https:\/\/amblapaz.esteri.it\/es\/wp-json\/wp\/v2\/pages\/1497\/revisions"}],"predecessor-version":[{"id":3750,"href":"https:\/\/amblapaz.esteri.it\/es\/wp-json\/wp\/v2\/pages\/1497\/revisions\/3750"}],"up":[{"embeddable":true,"href":"https:\/\/amblapaz.esteri.it\/es\/wp-json\/wp\/v2\/pages\/174"}],"wp:attachment":[{"href":"https:\/\/amblapaz.esteri.it\/es\/wp-json\/wp\/v2\/media?parent=1497"}],"curies":[{"name":"wp","href":"https:\/\/api.w.org\/{rel}","templated":true}]}}