{"id":156,"date":"2023-04-11T17:55:33","date_gmt":"2023-04-11T15:55:33","guid":{"rendered":"https:\/\/amblapaz.esteri.it\/chi-siamo\/la-sede\/"},"modified":"2023-08-07T18:07:18","modified_gmt":"2023-08-07T16:07:18","slug":"la-sede","status":"publish","type":"page","link":"https:\/\/amblapaz.esteri.it\/es\/chi-siamo\/la-sede\/","title":{"rendered":"Sede"},"content":{"rendered":"<p>La sede de la Embajada de Italia en Bolivia se encuentra en el barrio residencial de Calacoto, Zona Sud di La Paz (Avenida S\u00e1nchez Bustamante n.977-Ed.Torre Pacifico &#8211; La Paz. He aqu\u00ed algunas im\u00e1genes del edificio.<\/p>\n<p><img loading=\"lazy\" decoding=\"async\" class=\"alignnone wp-image-264 img-fluid\" src=\"https:\/\/amblapaz.esteri.it\/wp-content\/uploads\/2023\/07\/sede-lapaz-300x225.jpg\" alt=\"sede-lapaz\" width=\"766\" height=\"574\" srcset=\"https:\/\/amblapaz.esteri.it\/wp-content\/uploads\/2023\/07\/sede-lapaz-300x225.jpg 300w, https:\/\/amblapaz.esteri.it\/wp-content\/uploads\/2023\/07\/sede-lapaz-1024x769.jpg 1024w, https:\/\/amblapaz.esteri.it\/wp-content\/uploads\/2023\/07\/sede-lapaz-768x577.jpg 768w, https:\/\/amblapaz.esteri.it\/wp-content\/uploads\/2023\/07\/sede-lapaz.jpg 1139w\" sizes=\"auto, (max-width: 766px) 100vw, 766px\" \/><\/p>\n<p><img loading=\"lazy\" decoding=\"async\" class=\"\" src=\"https:\/\/amblapaz.esteri.it\/ambasciata_lapaz\/resource\/img\/2019\/03\/bxwk0545.jpg\" alt=\"bxwk0545\" width=\"765\" height=\"1019\" \/><\/p>\n<p><img loading=\"lazy\" decoding=\"async\" class=\"\" src=\"https:\/\/amblapaz.esteri.it\/ambasciata_lapaz\/resource\/img\/2019\/03\/radq6850.jpg\" alt=\"radq6850\" width=\"762\" height=\"572\" \/><\/p>\n<p><img loading=\"lazy\" decoding=\"async\" class=\"\" src=\"https:\/\/amblapaz.esteri.it\/ambasciata_lapaz\/resource\/img\/2019\/03\/uhzq03551.jpg\" alt=\"uhzq03551\" width=\"773\" height=\"580\" \/><\/p>\n<p><img loading=\"lazy\" decoding=\"async\" class=\"\" src=\"https:\/\/amblapaz.esteri.it\/ambasciata_lapaz\/resource\/img\/2019\/03\/ldim88991.jpg\" alt=\"ldim88991\" width=\"780\" height=\"585\" \/><\/p>\n<p><img loading=\"lazy\" decoding=\"async\" class=\"\" src=\"https:\/\/amblapaz.esteri.it\/ambasciata_lapaz\/resource\/img\/2019\/03\/bezv45131.jpg\" alt=\"bezv45131\" width=\"780\" height=\"1040\" \/><\/p>\n","protected":false},"excerpt":{"rendered":"La sede de la Embajada de Italia en Bolivia se encuentra en el barrio residencial de Calacoto, Zona Sud di La Paz (Avenida S\u00e1nchez Bustamante n.977-Ed.Torre Pacifico &#8211; La Paz. He aqu\u00ed algunas im\u00e1genes del edificio.","protected":false},"author":1,"featured_media":0,"parent":143,"menu_order":2,"comment_status":"closed","ping_status":"closed","template":"","meta":{"footnotes":""},"class_list":["post-156","page","type-page","status-publish","hentry"],"_links":{"self":[{"href":"https:\/\/amblapaz.esteri.it\/es\/wp-json\/wp\/v2\/pages\/156","targetHints":{"allow":["GET"]}}],"collection":[{"href":"https:\/\/amblapaz.esteri.it\/es\/wp-json\/wp\/v2\/pages"}],"about":[{"href":"https:\/\/amblapaz.esteri.it\/es\/wp-json\/wp\/v2\/types\/page"}],"author":[{"embeddable":true,"href":"https:\/\/amblapaz.esteri.it\/es\/wp-json\/wp\/v2\/users\/1"}],"replies":[{"embeddable":true,"href":"https:\/\/amblapaz.esteri.it\/es\/wp-json\/wp\/v2\/comments?post=156"}],"version-history":[{"count":2,"href":"https:\/\/amblapaz.esteri.it\/es\/wp-json\/wp\/v2\/pages\/156\/revisions"}],"predecessor-version":[{"id":292,"href":"https:\/\/amblapaz.esteri.it\/es\/wp-json\/wp\/v2\/pages\/156\/revisions\/292"}],"up":[{"embeddable":true,"href":"https:\/\/amblapaz.esteri.it\/es\/wp-json\/wp\/v2\/pages\/143"}],"wp:attachment":[{"href":"https:\/\/amblapaz.esteri.it\/es\/wp-json\/wp\/v2\/media?parent=156"}],"curies":[{"name":"wp","href":"https:\/\/api.w.org\/{rel}","templated":true}]}}