{"id":157,"date":"2023-04-11T18:07:19","date_gmt":"2023-04-11T22:07:19","guid":{"rendered":"https:\/\/amblapaz.esteri.it\/chi-siamo\/numeri-di-emergenza\/"},"modified":"2024-09-05T09:53:02","modified_gmt":"2024-09-05T13:53:02","slug":"numeri-di-emergenza","status":"publish","type":"page","link":"https:\/\/amblapaz.esteri.it\/es\/chi-siamo\/numeri-di-emergenza\/","title":{"rendered":"N\u00fameros de emergencia"},"content":{"rendered":"<p><span style=\"color: #ff0000;\">Para informaciones de\u00a0 <strong><span style=\"text-decoration: underline;\">VISAS<\/span>\u00a0 <\/strong>escribir a lapaz.visti@esteri.it o llamar al n\u00famero <strong>(+591) 2 2125430-32<\/strong><\/span><\/p>\n<p style=\"text-align: left;\">Durante el cierre de las oficinas, se encuentra activo un tel\u00e9fono m\u00f3vil de guardia, para ser contactado <strong>\u00fanicamente en caso de emergencia grave y comprobada.<\/strong><\/p>\n<p style=\"text-align: left;\">Tel\u00e9fono m\u00f3vil para emergencias:<strong> (+591) 71554805<\/strong><\/p>\n<p style=\"text-align: left;\">Tenga en cuenta que los n\u00fameros indicados anteriormente se utilizan <span style=\"text-decoration: underline;\"><strong>exclusivamente<\/strong> <\/span>para informar situaciones de emergencia grave y comprobada que requieren intervenciones inmediatas\u00a0 para proteger a los ciudadanos italianos en el extranjero (por ejemplo: accidentes, arrestos, problemas m\u00e9dicos graves).<\/p>\n<p style=\"text-align: left;\">Los funcionarios de turno <span style=\"text-decoration: underline;\"><strong>NO PUEDEN<\/strong><\/span> dar seguimiento a solicitudes gen\u00e9ricas relativas a tr\u00e1mites administrativos como por ejemplo: <span style=\"text-decoration: underline;\"><strong>INFORMACIONES DE TRAMITES DE VISAS, CIUDADANIA ETC.<\/strong><\/span><\/p>\n<p>&nbsp;<\/p>\n<p>&nbsp;<\/p>\n<pre id=\"tw-target-text\" class=\"tw-data-text tw-text-large tw-ta\" dir=\"ltr\" data-placeholder=\"Traduzione\"><span class=\"Y2IQFc\" lang=\"es\">\u00a0<\/span><\/pre>\n","protected":false},"excerpt":{"rendered":"Para informaciones de\u00a0 VISAS\u00a0 escribir a lapaz.visti@esteri.it o llamar al n\u00famero (+591) 2 2125430-32 Durante el cierre de las oficinas, se encuentra activo un tel\u00e9fono m\u00f3vil de guardia, para ser contactado \u00fanicamente en caso de emergencia grave y comprobada. Tel\u00e9fono m\u00f3vil para emergencias: (+591) 71554805 Tenga en cuenta que los n\u00fameros indicados anteriormente se utilizan [&hellip;]","protected":false},"author":1,"featured_media":0,"parent":143,"menu_order":6,"comment_status":"closed","ping_status":"closed","template":"","meta":{"footnotes":""},"class_list":["post-157","page","type-page","status-publish","hentry"],"_links":{"self":[{"href":"https:\/\/amblapaz.esteri.it\/es\/wp-json\/wp\/v2\/pages\/157","targetHints":{"allow":["GET"]}}],"collection":[{"href":"https:\/\/amblapaz.esteri.it\/es\/wp-json\/wp\/v2\/pages"}],"about":[{"href":"https:\/\/amblapaz.esteri.it\/es\/wp-json\/wp\/v2\/types\/page"}],"author":[{"embeddable":true,"href":"https:\/\/amblapaz.esteri.it\/es\/wp-json\/wp\/v2\/users\/1"}],"replies":[{"embeddable":true,"href":"https:\/\/amblapaz.esteri.it\/es\/wp-json\/wp\/v2\/comments?post=157"}],"version-history":[{"count":7,"href":"https:\/\/amblapaz.esteri.it\/es\/wp-json\/wp\/v2\/pages\/157\/revisions"}],"predecessor-version":[{"id":2550,"href":"https:\/\/amblapaz.esteri.it\/es\/wp-json\/wp\/v2\/pages\/157\/revisions\/2550"}],"up":[{"embeddable":true,"href":"https:\/\/amblapaz.esteri.it\/es\/wp-json\/wp\/v2\/pages\/143"}],"wp:attachment":[{"href":"https:\/\/amblapaz.esteri.it\/es\/wp-json\/wp\/v2\/media?parent=157"}],"curies":[{"name":"wp","href":"https:\/\/api.w.org\/{rel}","templated":true}]}}