{"id":160,"date":"2023-04-11T18:10:30","date_gmt":"2023-04-11T22:10:30","guid":{"rendered":"https:\/\/amblapaz.esteri.it\/italia-e-repubblica-ceca\/diplomazia-economica\/"},"modified":"2025-11-20T08:27:18","modified_gmt":"2025-11-20T12:27:18","slug":"diplomazia-economica","status":"publish","type":"page","link":"https:\/\/amblapaz.esteri.it\/es\/italia-e-bolivia\/diplomazia-economica\/","title":{"rendered":"Diplomacia economica"},"content":{"rendered":"<div>\n<p class=\"boxLevel03\"><strong>CAMARA BOLIVIANA ITALIANA DE COMERCIO E INDUSTRIA (CBICI)<\/strong><\/p>\n<p>Se cre\u00f3 en la ciudad de Santa Cruz de la Sierra, por Asamblea General Ordinaria de socios, representantes legales de varias empresas ligadas al \u00e1mbito empresarial con Italia, constituidos en fundadores en fecha 2 de mayo de 2019.<\/p>\n<p>Nace como una asociaci\u00f3n sin fines de lucro que tiene como objeto el de impulsar, promover, desarrollar y fortalecer el comercio, industria y servicios entre los empresarios privados tanto en Bolivia como en Italia, con la finalidad primordial de estudiar, facilitar,<br \/>\nfomentar y promover la integraci\u00f3n en las \u00e1reas de cooperaci\u00f3n e intercambio comercial, econ\u00f3mico, transferencia de tecnolog\u00eda, capacitaci\u00f3n y hermanamiento entre los dos Pa\u00edses.<\/p>\n<p>Entre sus fines se encuentran principalmente:<\/p>\n<ul>\n<li>velar por la vigencia de los derechos y el cumplimiento de las obligaciones del comercio, industria y servicios;contribuir a la mayor capacitaci\u00f3n del empresario y de sus colaboradores, tomando en cuenta la din\u00e1mica evoluci\u00f3n del comercio, industria y servicios, mediante seminarios, conferencias, congresos, exposiciones y otras actividades propias de su objeto;servir como Centro de Coordinaci\u00f3n para diversas reuniones empresariales de car\u00e1cter conjunto, teniendo como objetivo el promover comercio, industria, servicios y inversi\u00f3n internacional, debatiendo sobre los problemas y obst\u00e1culos del comercio bilateral;promover la integraci\u00f3n entre sector p\u00fablico y privado, el di\u00e1logo entre las instituciones p\u00fablicas y el sector empresarial privado, valorizando el potencial de la econom\u00eda comunitaria y el rol de las organizaciones sociales y de las mancomunidades en los proyectos de desarrollo productivo comunitario y tur\u00edstico.<\/li>\n<\/ul>\n<p>Direcci\u00f3n: calle C\u00f3rdoba N\u00b0 21, Equipetrol, Sta. Cruz de la Sierra<br \/>\nCelular: (+591) 76243250<\/p>\n<p><strong>Miembros del Directorio actual:<\/strong><\/p>\n<p>Presidente : Dra. Giovanna Gismondi, <a href=\"mailto:presidente@camaracbici.com.bo\">presidente@camaracbici.com.bo<\/a><br \/>\nVicepresidente : Ing. Sergio Calabi, <a href=\"mailto:vicepresidente@camaracbici.com.bo\">vicepresidente@camaracbici.com.bo<\/a><br \/>\nSecretaria General : Lic. Carola Capra, <a href=\"mailto:secretariogeneral@camaracbici.com.bo\">secretariogeneral@camaracbici.com.bo<\/a><br \/>\nTesorera: Sra. Rosa Maria Colamarino, <a href=\"mailto:tesorero@camaracbici.com.bo\">tesorero@camaracbici.com.bo<\/a><br \/>\nVocal 1: Ing. Lizeth Garc\u00eda, <a href=\"mailto:vocaldirector1@camaracbici.com.bo\">vocaldirector1@camaracbici.com.bo<\/a><br \/>\nVocal 2 : Ing. Milenka Espinoza, <a href=\"mailto:vocaldirector2@camaracbici.com.bo\">vocaldirector2@camaracbici.com.bo<\/a><\/p>\n<\/div>\n","protected":false},"excerpt":{"rendered":"CAMARA BOLIVIANA ITALIANA DE COMERCIO E INDUSTRIA (CBICI) Se cre\u00f3 en la ciudad de Santa Cruz de la Sierra, por Asamblea General Ordinaria de socios, representantes legales de varias empresas ligadas al \u00e1mbito empresarial con Italia, constituidos en fundadores en fecha 2 de mayo de 2019. Nace como una asociaci\u00f3n sin fines de lucro que [&hellip;]","protected":false},"author":1,"featured_media":0,"parent":158,"menu_order":0,"comment_status":"closed","ping_status":"closed","template":"","meta":{"footnotes":""},"class_list":["post-160","page","type-page","status-publish","hentry"],"_links":{"self":[{"href":"https:\/\/amblapaz.esteri.it\/es\/wp-json\/wp\/v2\/pages\/160","targetHints":{"allow":["GET"]}}],"collection":[{"href":"https:\/\/amblapaz.esteri.it\/es\/wp-json\/wp\/v2\/pages"}],"about":[{"href":"https:\/\/amblapaz.esteri.it\/es\/wp-json\/wp\/v2\/types\/page"}],"author":[{"embeddable":true,"href":"https:\/\/amblapaz.esteri.it\/es\/wp-json\/wp\/v2\/users\/1"}],"replies":[{"embeddable":true,"href":"https:\/\/amblapaz.esteri.it\/es\/wp-json\/wp\/v2\/comments?post=160"}],"version-history":[{"count":7,"href":"https:\/\/amblapaz.esteri.it\/es\/wp-json\/wp\/v2\/pages\/160\/revisions"}],"predecessor-version":[{"id":5263,"href":"https:\/\/amblapaz.esteri.it\/es\/wp-json\/wp\/v2\/pages\/160\/revisions\/5263"}],"up":[{"embeddable":true,"href":"https:\/\/amblapaz.esteri.it\/es\/wp-json\/wp\/v2\/pages\/158"}],"wp:attachment":[{"href":"https:\/\/amblapaz.esteri.it\/es\/wp-json\/wp\/v2\/media?parent=160"}],"curies":[{"name":"wp","href":"https:\/\/api.w.org\/{rel}","templated":true}]}}