{"id":162,"date":"2023-04-11T18:24:57","date_gmt":"2023-04-11T16:24:57","guid":{"rendered":"https:\/\/amblapaz.esteri.it\/lingua-e-cultura-italiana\/"},"modified":"2023-09-06T18:01:28","modified_gmt":"2023-09-06T16:01:28","slug":"lingua-e-cultura-italiana","status":"publish","type":"page","link":"https:\/\/amblapaz.esteri.it\/es\/italia-e-bolivia\/diplomazia-culturale\/lingua-e-cultura-italiana\/","title":{"rendered":"Lengua y cultura italiana"},"content":{"rendered":"<p><strong>SOCIET\u00c0 DANTE ALIGHIERI \u2013 COMITATO DI LA PAZ, BOLIVIA<\/strong><br \/>\nCentro Certificatore PLIDA<\/p>\n<p><strong>Sede Sopocachi<br \/>\n<\/strong>Av. 6 de agosto, 2575, Sopocachi<br \/>\nLa Paz (Bolivia)<br \/>\nCel. +591 71561603<br \/>\nE-mail: <a title=\"&lt;a href=\" href=\"mailto:info@dantelapaz.com\">info@dantelapaz.com<\/a><\/p>\n<p><strong>Sucursal Zona Sur<\/strong><br \/>\nEdificio Imperial, 564, Calle Inofuentes, esquina Calle 23, Calacoto<br \/>\nLa Paz (Bolivia)<br \/>\nCel. +591 71558997<br \/>\nE-mail: <a title=\"&lt;a href=\" href=\"mailto:info@dantelapaz.com\">info@dantelapaz.com<\/a>\u00a0<strong><em><br \/>\n<\/em><\/strong>Facebook: Societ\u00e0 Dante Alighieri &#8211; La Paz<\/p>\n<p>El Comit\u00e9 de La Paz, Bolivia, es una Asociaci\u00f3n civil cultural sin fines de lucro, que se funda en el mismo objetivo de promoci\u00f3n, en su \u00e1mbito geogr\u00e1fico, de la lengua y cultura italiana, adem\u00e1s del enriquecimiento de las relaciones entre bolivianos e italianos.<\/p>\n<p>En especial se dictan cursos de italiano divididos en los seis niveles definidos por el Marco de Referencia Europeo, en las zonas de Sopocachi y San Miguel de la ciudad de La Paz, contando con un equipo de docentes formados para la ense\u00f1anza. Los servicios y las actividades principales, adem\u00e1s de los cursos de idioma, son: vacaciones estudio y orientaci\u00f3n para las becas de estudios en Italia, servicios de traducci\u00f3n e interpretariado, eventos culturales tambi\u00e9n en colaboraci\u00f3n con otras Instituciones de La Paz.<\/p>\n<p>Actualmente el Comit\u00e9 de La Paz tiene acuerdos para la ense\u00f1anza del italiano con UPB, UPDS, UMSA, UCB, UNSLP, EMI, UNIFRANZ, Universidad Loyola.<\/p>\n","protected":false},"excerpt":{"rendered":"SOCIET\u00c0 DANTE ALIGHIERI \u2013 COMITATO DI LA PAZ, BOLIVIA Centro Certificatore PLIDA Sede Sopocachi Av. 6 de agosto, 2575, Sopocachi La Paz (Bolivia) Cel. +591 71561603 E-mail: info@dantelapaz.com Sucursal Zona Sur Edificio Imperial, 564, Calle Inofuentes, esquina Calle 23, Calacoto La Paz (Bolivia) Cel. +591 71558997 E-mail: info@dantelapaz.com\u00a0 Facebook: Societ\u00e0 Dante Alighieri &#8211; La Paz [&hellip;]","protected":false},"author":1,"featured_media":0,"parent":165,"menu_order":0,"comment_status":"closed","ping_status":"closed","template":"","meta":{"footnotes":""},"class_list":["post-162","page","type-page","status-publish","hentry"],"_links":{"self":[{"href":"https:\/\/amblapaz.esteri.it\/es\/wp-json\/wp\/v2\/pages\/162","targetHints":{"allow":["GET"]}}],"collection":[{"href":"https:\/\/amblapaz.esteri.it\/es\/wp-json\/wp\/v2\/pages"}],"about":[{"href":"https:\/\/amblapaz.esteri.it\/es\/wp-json\/wp\/v2\/types\/page"}],"author":[{"embeddable":true,"href":"https:\/\/amblapaz.esteri.it\/es\/wp-json\/wp\/v2\/users\/1"}],"replies":[{"embeddable":true,"href":"https:\/\/amblapaz.esteri.it\/es\/wp-json\/wp\/v2\/comments?post=162"}],"version-history":[{"count":3,"href":"https:\/\/amblapaz.esteri.it\/es\/wp-json\/wp\/v2\/pages\/162\/revisions"}],"predecessor-version":[{"id":481,"href":"https:\/\/amblapaz.esteri.it\/es\/wp-json\/wp\/v2\/pages\/162\/revisions\/481"}],"up":[{"embeddable":true,"href":"https:\/\/amblapaz.esteri.it\/es\/wp-json\/wp\/v2\/pages\/165"}],"wp:attachment":[{"href":"https:\/\/amblapaz.esteri.it\/es\/wp-json\/wp\/v2\/media?parent=162"}],"curies":[{"name":"wp","href":"https:\/\/api.w.org\/{rel}","templated":true}]}}