{"id":163,"date":"2023-04-11T18:24:28","date_gmt":"2023-04-11T16:24:28","guid":{"rendered":"https:\/\/amblapaz.esteri.it\/missioni-archeologiche\/"},"modified":"2023-09-06T22:38:26","modified_gmt":"2023-09-06T20:38:26","slug":"missioni-archeologiche","status":"publish","type":"page","link":"https:\/\/amblapaz.esteri.it\/es\/italia-e-bolivia\/diplomazia-culturale\/missioni-archeologiche\/","title":{"rendered":"Missioni archeologiche"},"content":{"rendered":"<p>El procedimiento de solicitud de nuevas contribuciones, actualizado hasta 2023, se describe en la secci\u00f3n <a href=\"https:\/\/www.esteri.it\/it\/diplomazia-culturale-e-diplomazia-scientifica\/cultura\/archeologiapatrimonioculturale\/\">Misiones arqueol\u00f3gicas y patrimonio<\/a> de la p\u00e1gina web del MAECI.<\/p>\n","protected":false},"excerpt":{"rendered":"El procedimiento de solicitud de nuevas contribuciones, actualizado hasta 2023, se describe en la secci\u00f3n Misiones arqueol\u00f3gicas y patrimonio de la p\u00e1gina web del MAECI.","protected":false},"author":1,"featured_media":0,"parent":165,"menu_order":0,"comment_status":"closed","ping_status":"closed","template":"","meta":{"footnotes":""},"class_list":["post-163","page","type-page","status-publish","hentry"],"_links":{"self":[{"href":"https:\/\/amblapaz.esteri.it\/es\/wp-json\/wp\/v2\/pages\/163","targetHints":{"allow":["GET"]}}],"collection":[{"href":"https:\/\/amblapaz.esteri.it\/es\/wp-json\/wp\/v2\/pages"}],"about":[{"href":"https:\/\/amblapaz.esteri.it\/es\/wp-json\/wp\/v2\/types\/page"}],"author":[{"embeddable":true,"href":"https:\/\/amblapaz.esteri.it\/es\/wp-json\/wp\/v2\/users\/1"}],"replies":[{"embeddable":true,"href":"https:\/\/amblapaz.esteri.it\/es\/wp-json\/wp\/v2\/comments?post=163"}],"version-history":[{"count":4,"href":"https:\/\/amblapaz.esteri.it\/es\/wp-json\/wp\/v2\/pages\/163\/revisions"}],"predecessor-version":[{"id":536,"href":"https:\/\/amblapaz.esteri.it\/es\/wp-json\/wp\/v2\/pages\/163\/revisions\/536"}],"up":[{"embeddable":true,"href":"https:\/\/amblapaz.esteri.it\/es\/wp-json\/wp\/v2\/pages\/165"}],"wp:attachment":[{"href":"https:\/\/amblapaz.esteri.it\/es\/wp-json\/wp\/v2\/media?parent=163"}],"curies":[{"name":"wp","href":"https:\/\/api.w.org\/{rel}","templated":true}]}}