{"id":169,"date":"2023-04-11T17:08:57","date_gmt":"2023-04-11T21:08:57","guid":{"rendered":"https:\/\/amblapaz.esteri.it\/servizi-consolari-e-visti\/"},"modified":"2025-07-01T08:35:38","modified_gmt":"2025-07-01T12:35:38","slug":"servizi-consolari-e-visti","status":"publish","type":"page","link":"https:\/\/amblapaz.esteri.it\/es\/servizi-consolari-e-visti\/","title":{"rendered":"Servizi Consolari e Visti"},"content":{"rendered":"<p>Bienvenidos a la secci\u00f3n dedicada a los servicios consulares.<\/p>\n<p><strong>SERVIZIOS PARA EL CIUDADANO ITALIANO<\/strong><\/p>\n<p><a href=\"https:\/\/amblapaz.esteri.it\/es\/servizi-consolari-e-visti\/servizi-per-il-cittadino-italiano\/passaporti-e-carte-didentita\/\">Pasaporte<\/a><br \/>\n<a href=\"https:\/\/amblapaz.esteri.it\/es\/servizi-consolari-e-visti\/servizi-per-il-cittadino-italiano\/emergency-travel-documents-etd\/\">Emercency Travel Document (ETD)<\/a><br \/>\n<a href=\"https:\/\/amblapaz.esteri.it\/es\/servizi-consolari-e-visti\/servizi-per-il-cittadino-italiano\/registro-civil\/\">Registro AIRE<\/a><br \/>\n<a href=\"https:\/\/amblapaz.esteri.it\/es\/servizi-consolari-e-visti\/servizi-per-il-cittadino-italiano\/stato-civile\/\">Estado civ\u00edl<\/a><br \/>\n<a href=\"https:\/\/amblapaz.esteri.it\/es\/servizi-consolari-e-visti\/servizi-per-il-cittadino-straniero\/traduzione-e-legalizzazione-dei-documenti-2\/\">Traducci\u00f3n y legalizaci\u00f3n de documentos<\/a><br \/>\n<a href=\"https:\/\/amblapaz.esteri.it\/es\/servizi-consolari-e-visti\/servizi-per-il-cittadino-italiano\/codice-fiscale\/\">C\u00f3digo fiscal para ciudadanos italianos<\/a><br \/>\n<a href=\"https:\/\/amblapaz.esteri.it\/es\/servizi-consolari-e-visti\/servizi-per-il-cittadino-italiano\/carta-didentita-elettronica-cie\/\">Carnet de identidad electronico (CIE)<\/a><br \/>\n<a href=\"https:\/\/amblapaz.esteri.it\/es\/servizi-consolari-e-visti\/servizi-per-il-cittadino-italiano\/servizi-elettorali\/\">Servicios electorales<\/a><br \/>\n<a href=\"https:\/\/amblapaz.esteri.it\/es\/servizi-consolari-e-visti\/servizi-per-il-cittadino-italiano\/servizi-notarili\/\">Servicios notariales<\/a><br \/>\n<a href=\"https:\/\/amblapaz.esteri.it\/es\/servizi-consolari-e-visti\/servizi-per-il-cittadino-italiano\/autoveicoli-e-patenti-di-guida\/\">Veh\u00edculos y permiso de conducir<\/a><br \/>\n<a href=\"https:\/\/amblapaz.esteri.it\/es\/servizi-consolari-e-visti\/servizi-per-il-cittadino-italiano\/pensioni-e-sicurezza-sociale\/\">Pensioni e sicurezza sociale<\/a><br \/>\n<a href=\"https:\/\/amblapaz.esteri.it\/es\/italia-e-bolivia\/diplomazia-culturale\/studiare-in-italia\/dichiarazione-di-valore\/\">Declaraci\u00f3n de valor<\/a><\/p>\n<p><strong>SERVIZIOS PARA EL CIUDADANO EXTRANJERO<\/strong><\/p>\n<p><a href=\"https:\/\/amblapaz.esteri.it\/es\/servizi-consolari-e-visti\/servizi-per-il-cittadino-straniero\/visti\/\">Visas<\/a><br \/>\n<a href=\"https:\/\/amblapaz.esteri.it\/es\/servizi-consolari-e-visti\/servizi-per-il-cittadino-straniero\/cittadinanza\/\">Ciudadan\u00eda<\/a><br \/>\n<a href=\"https:\/\/amblapaz.esteri.it\/es\/servizi-consolari-e-visti\/servizi-per-il-cittadino-straniero\/traduzione-e-legalizzazione-dei-documenti-2\/\">Traducci\u00f3n y legalizaci\u00f3n de documentos<\/a><br \/>\n<a href=\"https:\/\/amblapaz.esteri.it\/es\/servizi-consolari-e-visti\/servizi-per-il-cittadino-straniero\/3729-2\/\">C\u00f3digo fiscal para ciudadanos extranjeros<\/a><br \/>\n<a href=\"https:\/\/amblapaz.esteri.it\/es\/italia-e-bolivia\/diplomazia-culturale\/studiare-in-italia\/dichiarazione-di-valore\/\">Declaraci\u00f3n de valor<\/a><\/p>\n<p>Para los dem\u00e1s servicios consutar el menu lateral.<\/p>\n<p><span style=\"color: #ff00ff;\">Para las tarifas consulares haz clic <a style=\"color: #ff00ff;\" href=\"https:\/\/amblapaz.esteri.it\/es\/servizi-consolari-e-visti\/servizi-per-il-cittadino-italiano\/tariffe-consolari\/\">aqui<\/a>.<\/span><\/p>\n<p><strong>LAS CITAS EN LA EMBAJADA SON GRATUITAS<\/strong><\/p>\n<p>La Embajada de Italia desea recordar a todos los usuarios que el sistema de reservas es totalmente <strong>GRATUITO<\/strong>. Nunca se pedir\u00e1 a los usuarios que paguen ninguna tarifa para reservar una cita en esta Embajada.<\/p>\n<p>Recomendamos a todos los usuarios que se abstengan de aceptar cualquier oferta realizada por sitios web, agencias u otras personas o servicios que afirmen poder reservar una cita anticipada en su nombre, por el pago de una tarifa.<\/p>\n<p>Esta Embajada no ofrece servicio de solicitudes de urgencia a cambio de un costo extra.<\/p>\n<p>La Embajada no reconoce ninguno de los servicios, agencias o individuos.<\/p>\n<p>Ser\u00e1n efectuados debidos controles en la gesti\u00f3n de las citas para los servicios consulares y la Embajada se reserva el derecho de tomar las medidas oportunas en caso de irregularidades.<\/p>\n<p>En caso de presentaci\u00f3n de documentaci\u00f3n falsa, esta Embajada podr\u00e1 se\u00f1alar al solicitante tambi\u00e9n ante a la autoridad judicial italiana (art\u00edculos 331-332 del C\u00f3digo de Procedimiento Penal italiano).<strong>\u00a0<\/strong><\/p>\n","protected":false},"excerpt":{"rendered":"Bienvenidos a la secci\u00f3n dedicada a los servicios consulares. SERVIZIOS PARA EL CIUDADANO ITALIANO Pasaporte Emercency Travel Document (ETD) Registro AIRE Estado civ\u00edl Traducci\u00f3n y legalizaci\u00f3n de documentos C\u00f3digo fiscal para ciudadanos italianos Carnet de identidad electronico (CIE) Servicios electorales Servicios notariales Veh\u00edculos y permiso de conducir Pensioni e sicurezza sociale Declaraci\u00f3n de valor SERVIZIOS [&hellip;]","protected":false},"author":1,"featured_media":0,"parent":0,"menu_order":6,"comment_status":"closed","ping_status":"closed","template":"","meta":{"footnotes":""},"class_list":["post-169","page","type-page","status-publish","hentry"],"_links":{"self":[{"href":"https:\/\/amblapaz.esteri.it\/es\/wp-json\/wp\/v2\/pages\/169","targetHints":{"allow":["GET"]}}],"collection":[{"href":"https:\/\/amblapaz.esteri.it\/es\/wp-json\/wp\/v2\/pages"}],"about":[{"href":"https:\/\/amblapaz.esteri.it\/es\/wp-json\/wp\/v2\/types\/page"}],"author":[{"embeddable":true,"href":"https:\/\/amblapaz.esteri.it\/es\/wp-json\/wp\/v2\/users\/1"}],"replies":[{"embeddable":true,"href":"https:\/\/amblapaz.esteri.it\/es\/wp-json\/wp\/v2\/comments?post=169"}],"version-history":[{"count":6,"href":"https:\/\/amblapaz.esteri.it\/es\/wp-json\/wp\/v2\/pages\/169\/revisions"}],"predecessor-version":[{"id":4607,"href":"https:\/\/amblapaz.esteri.it\/es\/wp-json\/wp\/v2\/pages\/169\/revisions\/4607"}],"wp:attachment":[{"href":"https:\/\/amblapaz.esteri.it\/es\/wp-json\/wp\/v2\/media?parent=169"}],"curies":[{"name":"wp","href":"https:\/\/api.w.org\/{rel}","templated":true}]}}