{"id":171,"date":"2023-04-11T18:13:11","date_gmt":"2023-04-11T22:13:11","guid":{"rendered":"https:\/\/amblapaz.esteri.it\/servizi-consolari-e-visti\/servizi-per-il-cittadino-italiano\/passaporti-e-carte-didentita\/"},"modified":"2024-09-05T11:35:35","modified_gmt":"2024-09-05T15:35:35","slug":"passaporti-e-carte-didentita","status":"publish","type":"page","link":"https:\/\/amblapaz.esteri.it\/es\/servizi-consolari-e-visti\/servizi-per-il-cittadino-italiano\/passaporti-e-carte-didentita\/","title":{"rendered":"Pasaportes"},"content":{"rendered":"<p align=\"left\">La presente Canciller\u00eda Consular emite \u00fanicamente pasaportes electr\u00f3nicos de segunda generaci\u00f3n. Por lo tanto surge imprescindible que los interesados, al momento de la emisi\u00f3n del pasaporte, se presenten personalmente al fin de la captaci\u00f3n de las huellas dactilares.<\/p>\n<p>La obligaci\u00f3n del ingreso de las huellas dactilares en el pasaporte fue dispuesto por la normativa europea. Tal disposici\u00f3n comporta que todos los ciudadanos europeos se atengan a su cumplimiento, que hace necesaria la presencia del solicitante en la oficina emitente.<\/p>\n<p><strong>Los pasaportes electr\u00f3nicos son v\u00e1lidos para el ingreso en USA. No es necesaria la validez de 6 meses de acuerdo a circular de la Embajada de los Estados Unidos de Am\u00e9rica \u2013 Secci\u00f3n Consular.<\/strong><\/p>\n<p><strong>Para el ingreso de turismo\/negocios en USA es necesaria la autorizaci\u00f3n ESTA<\/strong>.<\/p>\n<p>Previo a la realizaci\u00f3n de un viaje, se sugiere contactar siempre las Representaciones Diplom\u00e1ticas de los Pa\u00edses de destino, al fin de verificar las formalidades solicitadas para el ingreso.<\/p>\n<p>Anticipadamente de la adquisici\u00f3n de cualquier t\u00edtulo de viaje (ej. boleto a\u00e9reo) que requiera el uso obligatorio del Pasaporte, a prestar la m\u00e1xima atenci\u00f3n sobre los requisitos de la validez del pasaporte. La falta de cualquiera de los elementos ut supra puede conllevar a la necesidad de obtener un nuevo pasaporte en un tiempo demasiado breve, que puede no corresponder a la complejidad del<br \/>\nprocedimiento para la emisi\u00f3n.<\/p>\n<p><strong>INFORMACIONES GENERALES<\/strong><\/p>\n<p>Se recuerda que es obligaci\u00f3n para todos los ciudadanos italianos de regularizar el estado civil y la residencia\/domicilio, por lo tanto se<br \/>\nrecomienda que tal actualizaci\u00f3n sea realizada previa de la eventual solicitud del pasaporte.<\/p>\n<p>Los pasaportes <strong>NO SON RENOVABLES<\/strong>.<\/p>\n<p>Generalmente, pueden solicitar el pasaporte ante esta Canciller\u00eda Consular de la Embajada en La Paz, los ciudadanos italianos residentes en Bolivia e inscritos A.I.R.E. (Anagrafe de los Italianos Residentes en el Exterior); en casos particulares, suportados de una motivaci\u00f3n y documentaci\u00f3n , el pasaporte puede ser emitido a los ciudadanos italianos no residentes (deber haber adquirido la Autorizaci\u00f3n por parte de la Questura italiana o del Consulado competente por residencia).<\/p>\n<p>Por lo tanto, quien no resulta registrado en la base de datos A.I.R.E. tendr\u00e1 antes que regularizar la propia inscripci\u00f3n en el portal <a href=\"https:\/\/serviziconsolari.esteri.it\/ScoFE\/index.sco\"><strong>FAST IT<\/strong><\/a>.<\/p>\n<p>Si se cambi\u00f3 direcci\u00f3n de residencia (respecto a lo comunicado a la Oficina consular), es necesario solicitar la variaci\u00f3n de direcci\u00f3n en el portal <a href=\"https:\/\/serviziconsolari.esteri.it\/ScoFE\/index.sco\"><strong>FAST IT<\/strong><\/a>.<\/p>\n<p><strong>COSTO Y VIGENCIA DEL PASAPORTE<\/strong><\/p>\n<p>El costo de la emisi\u00f3n del pasaporte es de Euros 116.-<\/p>\n<p>El pago debe ser efectuado exclusivamente en Bolivianos (Bs).<\/p>\n<p>La emisi\u00f3n del pasaporte es gratuita en los siguientes casos:<\/p>\n<ul>\n<li>el solicitante italiano es indigente;<\/li>\n<li>el solicitante italiano es un ministro de culto o un religioso misionero (en este caso debe ser presentada una declaraci\u00f3n del superior, en carta sellada, que certifique que el solicitante es un religioso misionero, con la indicaci\u00f3n de su residencia).<\/li>\n<\/ul>\n<p><strong>&gt; \u00bfCu\u00e1les son las modalidades de pago?<\/strong><\/p>\n<p>El pago se realiza en cualquier agencia del Banco BCP<\/p>\n<p><strong>&gt; \u00bfCu\u00e1l es la vigencia del pasaporte?<\/strong><\/p>\n<p>La validez temporal del pasaporte difiere en funci\u00f3n a la edad del titular:<\/p>\n<ul>\n<li>para los menores de 3 a\u00f1os la validez es de 3 a\u00f1os;<\/li>\n<li>para los menores de edad desde los 3 hasta los 18 a\u00f1os la validez es de 5 a\u00f1os;<\/li>\n<li>para los mayores de edad la validez es de 10 a\u00f1os.<\/li>\n<\/ul>\n<p>Para solicitar la emisi\u00f3n del pasaporte es necesario fijar una cita a trav\u00e9s del <a href=\"https:\/\/prenotami.esteri.it\/\">Prenot@mi<\/a>. <strong>Hay que tomar una cita para cada<\/strong><br \/>\n<strong>solicitante y NO s\u00f3lo una cita para toda la familia. Tambi\u00e9n es necesaria una cita para la expedici\u00f3n de pasaporte a menores de edad.<\/strong><\/p>\n<p><strong>DOCUMENTOS NECESARIOS PARA LA EMISI\u00d3N DEL PASAPORTE<\/strong><\/p>\n<p>La documentaci\u00f3n abajo indicada debe ser entregada en original, acompa\u00f1ada de una fotocopia simple.<\/p>\n<p>La Oficina de Pasaportes se reserva as\u00ed mismo, despu\u00e9s de haber analizado cada caso en particular, la facultad de solicitar eventualmente ulterior documentaci\u00f3n que considerase necesaria.<\/p>\n<p><strong>ATENCI\u00d3N: Antes de la solicitud del pasaporte, la situaci\u00f3n de residencia y de estado civil debe estar actualizada<\/strong> (cambios de residencia, matrimonio, nacimiento de hijos, divorcio, etc.).<\/p>\n<p><strong>Ciudadanos italianos<\/strong><\/p>\n<ul>\n<li>el pasaporte anterior o, si no se posee, otro documento de identidad vigente del solicitante; si el pasaporte es para un menor de edad, es necesaria la presencia de los padres junto a un documento de identidad vigente y una copia del mismo;<\/li>\n<li>2 fotograf\u00edas iguales recientes, NO digitalizadas, de 4cm x 4,5cm, a color, en fondo blanco de buena calidad, que capturen el rostro de frente, a media distancia e con el arco superciliar descubierto;<\/li>\n<li>Si el solicitante no tiene el documento anterior a causa de hurto o extravi\u00f3 es necesario presentar: la denuncia emitida por las Autoridades bolivianas de Polic\u00eda;<\/li>\n<li>fotocopia del carnet de identitad emitido por autoridades locales (SEGIP)<\/li>\n<\/ul>\n<p>Si se cambi\u00f3 direcci\u00f3n de residencia (respecto a lo comunicado a la Oficina consular), es necesario solicitar la variaci\u00f3n de direcci\u00f3n<br \/>\nen el portal <a href=\"https:\/\/serviziconsolari.esteri.it\/ScoFE\/index.sco\"><strong>FAST IT<\/strong><\/a>.<\/p>\n<p><strong>Solicitante menor de 18 a\u00f1os<\/strong><\/p>\n<p>Para la emisi\u00f3n de Pasaportes a menores de 18 a\u00f1os es necesaria la autorizaci\u00f3n de <strong>ambos progenitores<\/strong> expresadas en una de las formas enunciadas en el punto precedente.<\/p>\n<p><strong>ES SIEMPRE necesaria la presencia personal del menor<\/strong> por el que se solicita el pasaporte en conjunto con:<\/p>\n<ul>\n<li>el pasaporte anterior o, si no se posee, otro documento de identidad vigente del solicitante;<\/li>\n<li>es necesaria la presencia de los padres junto a un documento de identidad vigente y una copia del mismo;<\/li>\n<li>2 fotograf\u00edas iguales recientes, NO digitalizadas, de 4cm x 4,5cm, a color, en fondo blanco de buena calidad, que capturen el rostro de frente, a media distancia e con el arco superciliar descubierto;<\/li>\n<li>si el solicitante no tiene el documento anterior a causa de hurto o extravi\u00f3 es necesario presentar: la denuncia emitida por las Autoridades bolivianas de Polic\u00eda;<\/li>\n<li>fotocopia del carnet de identitad emitido por autoridades locales (SEGIP)<\/li>\n<\/ul>\n<p>Todos los menores de edad deben poseer pasaporte individual.<\/p>\n<p>El menor de edad podr\u00e1 viajar al extranjero solo con un libreto de pasaporte individual.<\/p>\n<p>Contempor\u00e1neamente los pasaportes de los padres\/madres con inscripci\u00f3n de hijos menores en los mismos mantienen la validez solamente para el titular hasta el natural vencimiento. Tambi\u00e9n los pasaportes emitidos a los menores, anterior a la nueva normativa (del 25\/11\/2009), con duraci\u00f3n de 10 a\u00f1os, restan v\u00e1lidos hasta su vencimiento.<\/p>\n<p>Normativa de referencia: Ley Italiana N\u00ba 1185 del 21\/11\/1967 y modificaciones.<\/p>\n<p><strong>En caso de incumplimiento de estos requisitos, no ser\u00e1 posible emitir el pasaporte. Por lo tanto, se recomienda prestar mucha atenci\u00f3n <\/strong><strong>al cumplimiento de los requisitos.<\/strong><\/p>\n<p><strong>CASOS DE HURTO O EXTRAV\u00cdO DEL PASAPORTE<\/strong><\/p>\n<p>En caso de hurto o extrav\u00edo del pasaporte, al connacional en situaci\u00f3n de emergencia, residente en Italia o en otro Pa\u00eds, y por el que no lograse en tiempo a realizar el necesario procedimiento para la emisi\u00f3n de un nuevo pasaporte, podr\u00e1 ser emitido un documento de viaje de emergencia (Emergency Travel Document \u2013 ETD) v\u00e1lido solamente para el viaje de retorno a Italia o al Pa\u00eds de residencia legal (registrada) en el extranjero, en casos sumamente excepcionales, para otro destino.<\/p>\n<p>Nota Complementaria: Cuando el Pa\u00eds de residencia legal (registrada) sea fuera de la UE se aconseja de verificar con la epresentaci\u00f3n<br \/>\nDiplom\u00e1tico-Consular competente la validez del ETD a los fines del ingreso.<\/p>\n<p>El interesado deber\u00e1 presentarse en esta Canciller\u00eda Consular con:<\/p>\n<ul>\n<li>Documento de identidad vigente (y copia)Denuncia de hurto o extrav\u00edo del pasaporte ante la Autoridad Local de Polic\u00eda emitida en el d\u00eda de la fecha o en los primeros d\u00edas precedentes a la presentaci\u00f3n (maximo 3 meses);<\/li>\n<li>2 fotograf\u00edas iguales recientes, NO digitalizadas, de 4cm x 4,5cm, a color, en fondo blanco de buena calidad, que capturen el rostro de frente, a media distancia e con el arco superciliar descubierto;<\/li>\n<li>Boleto de viaje para el retorno (no es suficiente la reserva)<\/li>\n<li>Costo de Euro 1,55 (equivalente en\u00a0Bolivianos) da pagare in contanti<\/li>\n<\/ul>\n<p>El pago se realiza exclusivamente en Bolivianos (Bs).<\/p>\n<p>En el caso se necesite un nuevo pasaporte, porque debieran atravesar otras fronteras previo a realizar el retorno en Italia, la Oficina proveer\u00e1 a solicitar a la Autoridad Italiana competente las autorizaciones para la emisi\u00f3n del nuevo pasaporte. Esto solo y siempre si se encontrara provisto de un cualquier documento de identidad v\u00e1lido.<\/p>\n<p><strong>ADVERTENCIAS<\/strong> <strong>GENERALES<\/strong><\/p>\n<p>Se sugiere de presentar la solicitud con el debido anticipo respecto a la fecha de un eventual viaje.<\/p>\n<p>Se aconseja, al connacional, de evitar tomar compromisos de viaje teniendo el pasaporte vencido o sin la validez necesaria para el ingreso al Pa\u00eds de destino.<\/p>\n<p>El solicitante debe haber actualizado la propia posici\u00f3n de residencia y de estado civil previo a presentar solicitud para la emisi\u00f3n del<br \/>\npasaporte.<\/p>\n<p>Se aconseja no realizar compromisos de viaje si a la fecha de la solicitud de pasaporte el solicitante que posea hijos menores no ha el debido acto de consentimiento del otro progenitor.<\/p>\n<p>Contactos de la Oficina Pasaportes: <a href=\"mailto:passaporti.lapaz@esteri.it\">passaporti.lapaz@esteri.it<\/a><\/p>\n<p>Para ulteriores informaciones, se sugiere visitar la siguiente pagina web: <a href=\"https:\/\/www.esteri.it\/mae\/it\/servizi\/italiani-all-estero\/documenti_di_viaggio\/passaporto.html\">Informazioni generali sul sito del Ministero degli Affari Esteri e della Cooperazione InternazionaleCooperazione Internazionale<\/a><\/p>\n","protected":false},"excerpt":{"rendered":"La presente Canciller\u00eda Consular emite \u00fanicamente pasaportes electr\u00f3nicos de segunda generaci\u00f3n. Por lo tanto surge imprescindible que los interesados, al momento de la emisi\u00f3n del pasaporte, se presenten personalmente al fin de la captaci\u00f3n de las huellas dactilares. La obligaci\u00f3n del ingreso de las huellas dactilares en el pasaporte fue dispuesto por la normativa europea. [&hellip;]","protected":false},"author":1,"featured_media":0,"parent":170,"menu_order":0,"comment_status":"closed","ping_status":"closed","template":"","meta":{"footnotes":""},"class_list":["post-171","page","type-page","status-publish","hentry"],"_links":{"self":[{"href":"https:\/\/amblapaz.esteri.it\/es\/wp-json\/wp\/v2\/pages\/171","targetHints":{"allow":["GET"]}}],"collection":[{"href":"https:\/\/amblapaz.esteri.it\/es\/wp-json\/wp\/v2\/pages"}],"about":[{"href":"https:\/\/amblapaz.esteri.it\/es\/wp-json\/wp\/v2\/types\/page"}],"author":[{"embeddable":true,"href":"https:\/\/amblapaz.esteri.it\/es\/wp-json\/wp\/v2\/users\/1"}],"replies":[{"embeddable":true,"href":"https:\/\/amblapaz.esteri.it\/es\/wp-json\/wp\/v2\/comments?post=171"}],"version-history":[{"count":3,"href":"https:\/\/amblapaz.esteri.it\/es\/wp-json\/wp\/v2\/pages\/171\/revisions"}],"predecessor-version":[{"id":2560,"href":"https:\/\/amblapaz.esteri.it\/es\/wp-json\/wp\/v2\/pages\/171\/revisions\/2560"}],"up":[{"embeddable":true,"href":"https:\/\/amblapaz.esteri.it\/es\/wp-json\/wp\/v2\/pages\/170"}],"wp:attachment":[{"href":"https:\/\/amblapaz.esteri.it\/es\/wp-json\/wp\/v2\/media?parent=171"}],"curies":[{"name":"wp","href":"https:\/\/api.w.org\/{rel}","templated":true}]}}