{"id":175,"date":"2023-04-11T18:18:56","date_gmt":"2023-04-11T16:18:56","guid":{"rendered":"https:\/\/amblapaz.esteri.it\/servizi-consolari-e-visti\/servizi-per-il-cittadino-italiano\/servizi-elettorali\/"},"modified":"2023-09-06T17:05:39","modified_gmt":"2023-09-06T15:05:39","slug":"servizi-elettorali","status":"publish","type":"page","link":"https:\/\/amblapaz.esteri.it\/es\/servizi-consolari-e-visti\/servizi-per-il-cittadino-italiano\/servizi-elettorali\/","title":{"rendered":"Servicios electorales"},"content":{"rendered":"<p>Los <strong>ciudadanos italianos residentes en el extranjero y regularmente inscritos al AIRE<\/strong> pueden ejercer el derecho de voto en el exterior desde el lugar de residencia para las elecciones pol\u00edticas nacionales, para los refer\u00e9ndum abrogativos y constitucionales ex. Art. 75 y 138 de la Constituci\u00f3n y para las elecciones del Parlamento europeo.<br \/>\nLa votaci\u00f3n en el extranjero para las elecciones pol\u00edticas nacionales y los refer\u00e9ndum est\u00e1 regulada\u00a0 por la Ley 27 de diciembre de 2001, n. 49 y por el relativo Reglamento de actuaci\u00f3n (D.P.R. 2 de abril de 2003, n. 104), en actuaci\u00f3n de los art. 48, 56 y 57 de la Constituci\u00f3n, que han instituido la Circunscripci\u00f3n Extranjera.<br \/>\nLa votaci\u00f3n en el extranjero para la elecci\u00f3n de los representantes italianos al Parlamento europeo est\u00e1, por otro lado, regulada por la ley 24 de enero de 1979 n. 18 y Decreto-ley del 24 de junio de 1994 n. 408 (convertido en ley 3 de agosto de 1994, n. 483).<br \/>\nLos electores italianos residente en el extranjero y regularmente inscritos al A.I.R.E. pueden adem\u00e1s votar para la elecci\u00f3n de los representantes COMITES \u2013 Comit\u00e9s de los italianos en el extranjero (ley 23 de octubre de 2003, n, 283).<\/p>\n<p><a href=\"http:\/\/www.esteri.it\/MAE\/IT\/Italiani_nel_Mondo\/ServiziConsolari\/VotoEstero\/\" target=\"_blank\" rel=\"noopener\">Pinchando aqu\u00ed se puede acceder a la espec\u00edfica secci\u00f3n de la p\u00e1gina web del Ministerio de Asuntos Exteriores.<\/a><\/p>\n","protected":false},"excerpt":{"rendered":"Los ciudadanos italianos residentes en el extranjero y regularmente inscritos al AIRE pueden ejercer el derecho de voto en el exterior desde el lugar de residencia para las elecciones pol\u00edticas nacionales, para los refer\u00e9ndum abrogativos y constitucionales ex. Art. 75 y 138 de la Constituci\u00f3n y para las elecciones del Parlamento europeo. La votaci\u00f3n en [&hellip;]","protected":false},"author":1,"featured_media":0,"parent":170,"menu_order":8,"comment_status":"closed","ping_status":"closed","template":"","meta":{"footnotes":""},"class_list":["post-175","page","type-page","status-publish","hentry"],"_links":{"self":[{"href":"https:\/\/amblapaz.esteri.it\/es\/wp-json\/wp\/v2\/pages\/175","targetHints":{"allow":["GET"]}}],"collection":[{"href":"https:\/\/amblapaz.esteri.it\/es\/wp-json\/wp\/v2\/pages"}],"about":[{"href":"https:\/\/amblapaz.esteri.it\/es\/wp-json\/wp\/v2\/types\/page"}],"author":[{"embeddable":true,"href":"https:\/\/amblapaz.esteri.it\/es\/wp-json\/wp\/v2\/users\/1"}],"replies":[{"embeddable":true,"href":"https:\/\/amblapaz.esteri.it\/es\/wp-json\/wp\/v2\/comments?post=175"}],"version-history":[{"count":3,"href":"https:\/\/amblapaz.esteri.it\/es\/wp-json\/wp\/v2\/pages\/175\/revisions"}],"predecessor-version":[{"id":462,"href":"https:\/\/amblapaz.esteri.it\/es\/wp-json\/wp\/v2\/pages\/175\/revisions\/462"}],"up":[{"embeddable":true,"href":"https:\/\/amblapaz.esteri.it\/es\/wp-json\/wp\/v2\/pages\/170"}],"wp:attachment":[{"href":"https:\/\/amblapaz.esteri.it\/es\/wp-json\/wp\/v2\/media?parent=175"}],"curies":[{"name":"wp","href":"https:\/\/api.w.org\/{rel}","templated":true}]}}