{"id":179,"date":"2023-04-11T18:20:09","date_gmt":"2023-04-11T22:20:09","guid":{"rendered":"https:\/\/amblapaz.esteri.it\/servizi-consolari-e-visti\/servizi-per-il-cittadino-italiano\/autoveicoli-e-patenti-di-guida\/"},"modified":"2024-11-04T15:52:25","modified_gmt":"2024-11-04T19:52:25","slug":"autoveicoli-e-patenti-di-guida","status":"publish","type":"page","link":"https:\/\/amblapaz.esteri.it\/es\/servizi-consolari-e-visti\/servizi-per-il-cittadino-italiano\/autoveicoli-e-patenti-di-guida\/","title":{"rendered":"Veh\u00edculos y permisos de conducir"},"content":{"rendered":"<p><strong>RENOVACION LICENCIA DE CONDUCIR\u00a0<\/strong><\/p>\n<p>Este servicio se realiza <strong>SOLO Y EXCLUSIVAMENTE<\/strong> mediante <strong>cita<\/strong> que puede ser solicitada escribiendo al mail <a href=\"mailto:passaporti.lapaz@esteri.it\">passaporti.lapaz@esteri.it<\/a><\/p>\n<p>&nbsp;<\/p>\n<p><strong>PARTE GENERAL<\/strong><\/p>\n<p>La renovaci\u00f3n de la licencia de conducir Italiana var\u00eda de acuerdo a la edad de la persona y a la tipolog\u00eda o clase de licencia:<\/p>\n<p>&nbsp;<\/p>\n<p>\u00b7 Licencia clase A:<\/p>\n<p>1. Renovaci\u00f3n por 10 a\u00f1os hasta los 50 a\u00f1os de edad del titular;<\/p>\n<p>2. Renovaci\u00f3n por 5 a\u00f1os para edad del titular entre los 50 y 70 a\u00f1os;<\/p>\n<p>3. Renovaci\u00f3n por 3 a\u00f1os despu\u00e9s de los 70 a\u00f1os del titular.<\/p>\n<p>&nbsp;<\/p>\n<p>\u00b7 Licencia clase B:<\/p>\n<p>1. Renovaci\u00f3n por 10 a\u00f1os hasta los 50 a\u00f1os de edad del titular;<\/p>\n<p>2. Renovaci\u00f3n por 5 a\u00f1os para edad del titular entre los 50 y 70 a\u00f1os;<\/p>\n<p>3. Renovaci\u00f3n por 3 a\u00f1os despu\u00e9s de los 70 a\u00f1os del titular.<\/p>\n<p>&nbsp;<\/p>\n<p>\u00b7 Licencia clase C:<\/p>\n<p>1. Renovaci\u00f3n por 5 a\u00f1os hasta los 65 a\u00f1os de edad del titular;<\/p>\n<p>2. Renovaci\u00f3n por 2 a\u00f1os despu\u00e9s de los 65 a\u00f1os del titular.<\/p>\n<p>&nbsp;<\/p>\n<p>\u00b7 Licencia clase D:<\/p>\n<p>1. Renovaci\u00f3n por 5 a\u00f1os hasta los 60 a\u00f1os del titular;<\/p>\n<p>2. Renovaci\u00f3n por 1 a\u00f1o despu\u00e9s de los 60 a\u00f1os del titular.<\/p>\n<p>&nbsp;<\/p>\n<p>Para solicitar la renovaci\u00f3n de la licencia de conducir italiana de los ciudadanos inscritos en el AIRE, es necesario:<\/p>\n<p>1. Que la licencia de conducir <strong>NO est\u00e9 vencida desde m\u00e1s de\u00a05 a\u00f1os<\/strong>;<\/p>\n<p>2. Efectuar una visita m\u00e9dica con uno de los m\u00e9dicos acreditados por esta Embajada, el cual deber\u00e1 otorgar un certificado m\u00e9dico;<\/p>\n<p>3. foto carnet (4X4 fondo blanco)<\/p>\n<p>&nbsp;<\/p>\n<p><strong>Atenci\u00f3n!\u00a0<\/strong>La renovaci\u00f3n consiste en una hoja que acredita la pr\u00f3rroga de la validez de la licencia y no es un permiso de conducci\u00f3n nuevo. La hoja de renovaci\u00f3n expedida por la Embajada confirma la aptitud para conducir.<\/p>\n","protected":false},"excerpt":{"rendered":"RENOVACION LICENCIA DE CONDUCIR\u00a0 Este servicio se realiza SOLO Y EXCLUSIVAMENTE mediante cita que puede ser solicitada escribiendo al mail passaporti.lapaz@esteri.it &nbsp; PARTE GENERAL La renovaci\u00f3n de la licencia de conducir Italiana var\u00eda de acuerdo a la edad de la persona y a la tipolog\u00eda o clase de licencia: &nbsp; \u00b7 Licencia clase A: 1. [&hellip;]","protected":false},"author":1,"featured_media":0,"parent":170,"menu_order":16,"comment_status":"closed","ping_status":"closed","template":"","meta":{"footnotes":""},"class_list":["post-179","page","type-page","status-publish","hentry"],"_links":{"self":[{"href":"https:\/\/amblapaz.esteri.it\/es\/wp-json\/wp\/v2\/pages\/179","targetHints":{"allow":["GET"]}}],"collection":[{"href":"https:\/\/amblapaz.esteri.it\/es\/wp-json\/wp\/v2\/pages"}],"about":[{"href":"https:\/\/amblapaz.esteri.it\/es\/wp-json\/wp\/v2\/types\/page"}],"author":[{"embeddable":true,"href":"https:\/\/amblapaz.esteri.it\/es\/wp-json\/wp\/v2\/users\/1"}],"replies":[{"embeddable":true,"href":"https:\/\/amblapaz.esteri.it\/es\/wp-json\/wp\/v2\/comments?post=179"}],"version-history":[{"count":6,"href":"https:\/\/amblapaz.esteri.it\/es\/wp-json\/wp\/v2\/pages\/179\/revisions"}],"predecessor-version":[{"id":2815,"href":"https:\/\/amblapaz.esteri.it\/es\/wp-json\/wp\/v2\/pages\/179\/revisions\/2815"}],"up":[{"embeddable":true,"href":"https:\/\/amblapaz.esteri.it\/es\/wp-json\/wp\/v2\/pages\/170"}],"wp:attachment":[{"href":"https:\/\/amblapaz.esteri.it\/es\/wp-json\/wp\/v2\/media?parent=179"}],"curies":[{"name":"wp","href":"https:\/\/api.w.org\/{rel}","templated":true}]}}