{"id":180,"date":"2023-04-11T18:20:20","date_gmt":"2023-04-11T22:20:20","guid":{"rendered":"https:\/\/amblapaz.esteri.it\/servizi-consolari-e-visti\/servizi-per-il-cittadino-italiano\/codice-fiscale\/"},"modified":"2025-03-24T16:19:26","modified_gmt":"2025-03-24T20:19:26","slug":"codice-fiscale","status":"publish","type":"page","link":"https:\/\/amblapaz.esteri.it\/es\/servizi-consolari-e-visti\/servizi-per-il-cittadino-italiano\/codice-fiscale\/","title":{"rendered":"C\u00f3digo fiscal para ciudadanos italiano"},"content":{"rendered":"<p><strong><u>CIUDADANOS ITALIANOS RESIDENTES EN EL EXTRANJERO INSCRITOS EN AIRE<\/u><\/strong><\/p>\n<p>Los ciudadanos italianos mayores de edad inscritos en AIRE pueden<strong> solicitar el c\u00f3digo fiscal<\/strong>, para s\u00ed mismos y para sus hijos menores de edad, a trav\u00e9s del portal electr\u00f3nico Fast-it, accediendo al servicio correspondiente y siguiendo las indicaciones. A trav\u00e9s del <a href=\"https:\/\/serviziconsolari.esteri.it\/ScoFE\/index.sco\"><strong>portal Fast-it<\/strong><\/a> tambi\u00e9n podr\u00e1n descargar el certificado de asignaci\u00f3n del c\u00f3digo fiscal, una vez que se haya completado el proceso.<\/p>\n<p><strong><em>\u00bfC\u00f3mo hacerlo?<\/em><\/strong><\/p>\n<ol>\n<li>Accede al <a href=\"https:\/\/serviziconsolari.esteri.it\/ScoFE\/index.sco\"><strong>Portale Fast-it<\/strong><\/a>;<\/li>\n<li>Haz clic en \u00abAnagrafe Consolare e AIRE\u00bb y luego en \u00abAttribuzione Codice Fiscale\u00bb;<\/li>\n<li>Confirma los datos y comienza la solicitud;<\/li>\n<li>Una vez procesada la solicitud por el Consulado, podr\u00e1s descargar (download) el certificado de asignaci\u00f3n del C\u00f3digo Fiscal.<\/li>\n<\/ol>\n<p><strong><em>Si no puedes descargar el certificado de asignaci\u00f3n del C\u00f3digo Fiscal:<\/em><\/strong><\/p>\n<ol>\n<li>Reg\u00edstrate en el <a href=\"https:\/\/serviziconsolari.esteri.it\/ScoFE\/index.sco\"><strong>portal FAST IT<\/strong><\/a>, o accede si ya tienes una cuenta activa;<\/li>\n<li>Solicita la \u201cAssociazione Online\u201d haciendo clic en \u00abAnagrafe Consolare e AIRE\u00bb y luego en \u00bb Visualizzare la propria scheda anagrafica\u00bb;<\/li>\n<li>Recibir\u00e1s un mensaje en tu correo electr\u00f3nico confirmando la asociaci\u00f3n;<\/li>\n<li>Accede nuevamente al portal y descarga el certificado.<\/li>\n<\/ol>\n<p>Los ciudadanos mayores de edad inscritos en AIRE que ya tienen el c\u00f3digo fiscal pueden <strong>descargar directamente el certificado del c\u00f3digo fiscal<\/strong> a trav\u00e9s del portal telem\u00e1tico Fast-it accediendo al servicio correspondiente y siguiendo las indicaciones proporcionadas para solicitar el c\u00f3digo fiscal; en este caso no ser\u00e1 necesario la intervenci\u00f3n del Consulado para la emisi\u00f3n del certificado.<\/p>\n<p>&nbsp;<\/p>\n","protected":false},"excerpt":{"rendered":"CIUDADANOS ITALIANOS RESIDENTES EN EL EXTRANJERO INSCRITOS EN AIRE Los ciudadanos italianos mayores de edad inscritos en AIRE pueden solicitar el c\u00f3digo fiscal, para s\u00ed mismos y para sus hijos menores de edad, a trav\u00e9s del portal electr\u00f3nico Fast-it, accediendo al servicio correspondiente y siguiendo las indicaciones. A trav\u00e9s del portal Fast-it tambi\u00e9n podr\u00e1n descargar [&hellip;]","protected":false},"author":1,"featured_media":0,"parent":170,"menu_order":18,"comment_status":"closed","ping_status":"closed","template":"","meta":{"footnotes":""},"class_list":["post-180","page","type-page","status-publish","hentry"],"_links":{"self":[{"href":"https:\/\/amblapaz.esteri.it\/es\/wp-json\/wp\/v2\/pages\/180","targetHints":{"allow":["GET"]}}],"collection":[{"href":"https:\/\/amblapaz.esteri.it\/es\/wp-json\/wp\/v2\/pages"}],"about":[{"href":"https:\/\/amblapaz.esteri.it\/es\/wp-json\/wp\/v2\/types\/page"}],"author":[{"embeddable":true,"href":"https:\/\/amblapaz.esteri.it\/es\/wp-json\/wp\/v2\/users\/1"}],"replies":[{"embeddable":true,"href":"https:\/\/amblapaz.esteri.it\/es\/wp-json\/wp\/v2\/comments?post=180"}],"version-history":[{"count":7,"href":"https:\/\/amblapaz.esteri.it\/es\/wp-json\/wp\/v2\/pages\/180\/revisions"}],"predecessor-version":[{"id":3939,"href":"https:\/\/amblapaz.esteri.it\/es\/wp-json\/wp\/v2\/pages\/180\/revisions\/3939"}],"up":[{"embeddable":true,"href":"https:\/\/amblapaz.esteri.it\/es\/wp-json\/wp\/v2\/pages\/170"}],"wp:attachment":[{"href":"https:\/\/amblapaz.esteri.it\/es\/wp-json\/wp\/v2\/media?parent=180"}],"curies":[{"name":"wp","href":"https:\/\/api.w.org\/{rel}","templated":true}]}}