{"id":2203,"date":"2024-06-19T15:11:01","date_gmt":"2024-06-19T19:11:01","guid":{"rendered":"https:\/\/amblapaz.esteri.it\/?page_id=2203"},"modified":"2025-01-28T12:09:46","modified_gmt":"2025-01-28T16:09:46","slug":"requisitos","status":"publish","type":"page","link":"https:\/\/amblapaz.esteri.it\/es\/servizi-consolari-e-visti\/servizi-per-il-cittadino-italiano\/carta-didentita-elettronica-cie\/requisitos\/","title":{"rendered":"Requisitos"},"content":{"rendered":"<p>Para la emisi\u00f3n del CIE es esencial que el solicitante:<\/p>\n<ul>\n<li>sea ciudadano italiano con residencia legal en Bolivia;<\/li>\n<li>est\u00e9 inscrito en el AIRE y su nombre haya sido registrado por el Comune italiano de referencia. Para ello, los interesados deber\u00e1n verificar su registroconsular en FAST IT (<a href=\"https:\/\/serviziconsolari.esteri.it\/ScoFE\/index.sco\">Servizi Consolari Online (esteri.it)<\/a>.<\/li>\n<li>haya realizado la transcripci\u00f3n de su acta de nacimiento en Italia;<\/li>\n<li>haya validado su c\u00f3digo fiscal mediante la \u201cAgenzia Delle Entrate\u201d;<\/li>\n<li>haya actualizado sus datos en los archivos consulares en caso de cambio de direcci\u00f3n, cambio de estado civil o nacimiento de hijos. Para ello deber\u00e1 escribir a <a href=\"mailto:consolare.lapaz@esteri.it\"><u>consolare.lapaz@esteri.it <\/u><\/a>antes de solicitar una cita para el documento de identidad.<\/li>\n<\/ul>\n<p><strong>ATENCI\u00d3N: \u00a1La solicitud del CIE solo se realiza mediante la reserva de una cita personal!<\/strong> En el caso de que, tras las verificaciones, no sea posible proceder con el tr\u00e1mite de emisi\u00f3n del CIE, la cita ser\u00e1 cancelada. El ciudadano ser\u00e1 informado de los motivos del rechazo y deber\u00e1 repetir el procedimiento escribiendo a <a href=\"mailto:lapaz.cie@esteri.it\"><u>lapaz.cie@esteri.it<\/u><\/a> una vez que se haya regularizado su situaci\u00f3n seg\u00fan cuanto comunicado por el Consulado.<\/p>\n<p>La cita es gratuita y personal, por lo que solo se recibir\u00e1n a los ciudadanos indicados en el correo electr\u00f3nico que hayan reservado la cita y en el horario indicado.<\/p>\n","protected":false},"excerpt":{"rendered":"Para la emisi\u00f3n del CIE es esencial que el solicitante: sea ciudadano italiano con residencia legal en Bolivia; est\u00e9 inscrito en el AIRE y su nombre haya sido registrado por el Comune italiano de referencia. Para ello, los interesados deber\u00e1n verificar su registroconsular en FAST IT (Servizi Consolari Online (esteri.it). haya realizado la transcripci\u00f3n de [&hellip;]","protected":false},"author":6,"featured_media":0,"parent":2195,"menu_order":1,"comment_status":"closed","ping_status":"closed","template":"","meta":{"footnotes":""},"class_list":["post-2203","page","type-page","status-publish","hentry"],"_links":{"self":[{"href":"https:\/\/amblapaz.esteri.it\/es\/wp-json\/wp\/v2\/pages\/2203","targetHints":{"allow":["GET"]}}],"collection":[{"href":"https:\/\/amblapaz.esteri.it\/es\/wp-json\/wp\/v2\/pages"}],"about":[{"href":"https:\/\/amblapaz.esteri.it\/es\/wp-json\/wp\/v2\/types\/page"}],"author":[{"embeddable":true,"href":"https:\/\/amblapaz.esteri.it\/es\/wp-json\/wp\/v2\/users\/6"}],"replies":[{"embeddable":true,"href":"https:\/\/amblapaz.esteri.it\/es\/wp-json\/wp\/v2\/comments?post=2203"}],"version-history":[{"count":6,"href":"https:\/\/amblapaz.esteri.it\/es\/wp-json\/wp\/v2\/pages\/2203\/revisions"}],"predecessor-version":[{"id":3436,"href":"https:\/\/amblapaz.esteri.it\/es\/wp-json\/wp\/v2\/pages\/2203\/revisions\/3436"}],"up":[{"embeddable":true,"href":"https:\/\/amblapaz.esteri.it\/es\/wp-json\/wp\/v2\/pages\/2195"}],"wp:attachment":[{"href":"https:\/\/amblapaz.esteri.it\/es\/wp-json\/wp\/v2\/media?parent=2203"}],"curies":[{"name":"wp","href":"https:\/\/api.w.org\/{rel}","templated":true}]}}