{"id":2211,"date":"2024-06-19T15:29:19","date_gmt":"2024-06-19T19:29:19","guid":{"rendered":"https:\/\/amblapaz.esteri.it\/?page_id=2211"},"modified":"2025-04-23T14:29:55","modified_gmt":"2025-04-23T18:29:55","slug":"documentacion-necesaria-para-la-emision-de-la-cie","status":"publish","type":"page","link":"https:\/\/amblapaz.esteri.it\/es\/servizi-consolari-e-visti\/servizi-per-il-cittadino-italiano\/carta-didentita-elettronica-cie\/documentacion-necesaria-para-la-emision-de-la-cie\/","title":{"rendered":"Documentaci\u00f3n necesaria para la emisi\u00f3n del CIE"},"content":{"rendered":"<p>Antes de fijar la cita a trav\u00e9s del <a href=\"https:\/\/prenotami.esteri.it\/\">Prenot@mi<\/a> , el solicitante tendr\u00e1 que env\u00edar la documentaci\u00f3n indicada m\u00e1s abajo, debidamente llenada a <a href=\"mailto:lapaz.cie@esteri.it\">lapaz.cie@esteri.it<\/a>.<\/p>\n<p>Esta documentaci\u00f3n tendr\u00e1 succesivamente que ser presentada el dia de la cita, en original, junto a una fotocopia simple y al recibo original de <strong><span style=\"color: #ff00ff;\"><a style=\"color: #ff00ff;\" href=\"https:\/\/amblapaz.esteri.it\/es\/servizi-consolari-e-visti\/servizi-per-il-cittadino-italiano\/carta-didentita-elettronica-cie\/costo-y-validez-de-la-cie\/\">pago<\/a><\/span><\/strong>.<\/p>\n<ol>\n<li>El Formulario de Solicitud (para mayores de 18 a\u00f1os, <a href=\"https:\/\/amblapaz.esteri.it\/wp-content\/uploads\/2025\/04\/CIE_-Modello-_richiesta-maggiorenne.pdf\"><span style=\"color: #ff00ff;\"><strong><u>link<\/u> <\/strong><\/span><\/a>para menores <span style=\"color: #ff00ff;\"><strong><a style=\"color: #ff00ff;\" href=\"https:\/\/amblapaz.esteri.it\/wp-content\/uploads\/2024\/06\/CIE_-Modello_richiesta_minori-2.pdf\"><u>link<\/u><\/a><\/strong><\/span>)<\/li>\n<li>Una fotograf\u00eda, NO digitalizada, de 4 cm x 4,5 cm, a colores, con fondo blanco de buena calidad, que retrate el rostro de frente, a media distancia y con el arco de las cejas descubierto;<\/li>\n<li>Carnet o cedula de identidad anterior y pasaporte italiano (solo si ya est\u00e1 en posesi\u00f3n), m\u00e1s el carnet boliviano;<\/li>\n<li>En caso de que el solicitante ya no est\u00e9 en posesi\u00f3n del documento anterior por robo o p\u00e9rdida, es necesario presentar: la denuncia efectuada ante las autoridades de Polic\u00eda bolivianas;<\/li>\n<li>Consentimiento de ambos progenitores si el solicitante es menor de 18 a\u00f1os (<strong><span style=\"color: #ff00ff;\"><a style=\"color: #ff00ff;\" href=\"https:\/\/amblapaz.esteri.it\/wp-content\/uploads\/2024\/06\/CIE-form1_-_atto_di_assenso_in_favore_dei_figli_minori-1.pdf\"><u>link<\/u><\/a><\/span><\/strong>);<\/li>\n<li>Si se solicita el CIE para un menor, es necesario que los padres que acompa\u00f1en al menor presenten tambi\u00e9n un documento de identidad v\u00e1lido m\u00e1s una copia.<\/li>\n<\/ol>\n","protected":false},"excerpt":{"rendered":"Antes de fijar la cita a trav\u00e9s del Prenot@mi , el solicitante tendr\u00e1 que env\u00edar la documentaci\u00f3n indicada m\u00e1s abajo, debidamente llenada a lapaz.cie@esteri.it. Esta documentaci\u00f3n tendr\u00e1 succesivamente que ser presentada el dia de la cita, en original, junto a una fotocopia simple y al recibo original de pago. El Formulario de Solicitud (para mayores [&hellip;]","protected":false},"author":6,"featured_media":0,"parent":2195,"menu_order":2,"comment_status":"closed","ping_status":"closed","template":"","meta":{"footnotes":""},"class_list":["post-2211","page","type-page","status-publish","hentry"],"_links":{"self":[{"href":"https:\/\/amblapaz.esteri.it\/es\/wp-json\/wp\/v2\/pages\/2211","targetHints":{"allow":["GET"]}}],"collection":[{"href":"https:\/\/amblapaz.esteri.it\/es\/wp-json\/wp\/v2\/pages"}],"about":[{"href":"https:\/\/amblapaz.esteri.it\/es\/wp-json\/wp\/v2\/types\/page"}],"author":[{"embeddable":true,"href":"https:\/\/amblapaz.esteri.it\/es\/wp-json\/wp\/v2\/users\/6"}],"replies":[{"embeddable":true,"href":"https:\/\/amblapaz.esteri.it\/es\/wp-json\/wp\/v2\/comments?post=2211"}],"version-history":[{"count":6,"href":"https:\/\/amblapaz.esteri.it\/es\/wp-json\/wp\/v2\/pages\/2211\/revisions"}],"predecessor-version":[{"id":4181,"href":"https:\/\/amblapaz.esteri.it\/es\/wp-json\/wp\/v2\/pages\/2211\/revisions\/4181"}],"up":[{"embeddable":true,"href":"https:\/\/amblapaz.esteri.it\/es\/wp-json\/wp\/v2\/pages\/2195"}],"wp:attachment":[{"href":"https:\/\/amblapaz.esteri.it\/es\/wp-json\/wp\/v2\/media?parent=2211"}],"curies":[{"name":"wp","href":"https:\/\/api.w.org\/{rel}","templated":true}]}}