{"id":2222,"date":"2024-06-19T15:51:27","date_gmt":"2024-06-19T19:51:27","guid":{"rendered":"https:\/\/amblapaz.esteri.it\/?page_id=2222"},"modified":"2025-12-12T12:34:16","modified_gmt":"2025-12-12T16:34:16","slug":"costo-y-validez-de-la-cie","status":"publish","type":"page","link":"https:\/\/amblapaz.esteri.it\/es\/servizi-consolari-e-visti\/servizi-per-il-cittadino-italiano\/carta-didentita-elettronica-cie\/costo-y-validez-de-la-cie\/","title":{"rendered":"Costo y Validez del CIE"},"content":{"rendered":"<p>El costo de la emisi\u00f3n es de Euro 21.95.<\/p>\n<p>El pago debe realizarse en cualquier sucursal del Banco BCP, en el equivalente en Bolivianos, indicado en la <a href=\"https:\/\/amblapaz.esteri.it\/es\/servizi-consolari-e-visti\/servizi-per-il-cittadino-italiano\/tariffe-consolari\/\"><strong><span style=\"color: #ff00ff;\">lista de las tarifas consulares <\/span><\/strong><\/a>(<strong>Art.28<\/strong> \u201cCIE \u2013 Carta Identit\u00e0 Elettronica \u2013 Rilascio, Tot. Rilascio\u201d).<\/p>\n<p>&nbsp;<\/p>\n<p><strong>&gt; \u00bfCu\u00e1l es el periodo de validez del\u00a0 CIE?<\/strong><\/p>\n<p>La validez del CIE difiere en funci\u00f3n de la edad del titular y es de:<\/p>\n<ul>\n<li>3 a\u00f1os para los ni\u00f1os de 0 a 3 a\u00f1os;<\/li>\n<li>5 a\u00f1os en el caso de los menores de 3 a\u00f1os que hayan alcanzado la mayor\u00eda de edad (18 a\u00f1os);<\/li>\n<li>10 a\u00f1os a partir de 18 a\u00f1os de edad.<\/li>\n<\/ul>\n","protected":false},"excerpt":{"rendered":"El costo de la emisi\u00f3n es de Euro 21.95. El pago debe realizarse en cualquier sucursal del Banco BCP, en el equivalente en Bolivianos, indicado en la lista de las tarifas consulares (Art.28 \u201cCIE \u2013 Carta Identit\u00e0 Elettronica \u2013 Rilascio, Tot. Rilascio\u201d). &nbsp; &gt; \u00bfCu\u00e1l es el periodo de validez del\u00a0 CIE? La validez del [&hellip;]","protected":false},"author":6,"featured_media":0,"parent":2195,"menu_order":3,"comment_status":"closed","ping_status":"closed","template":"","meta":{"footnotes":""},"class_list":["post-2222","page","type-page","status-publish","hentry"],"_links":{"self":[{"href":"https:\/\/amblapaz.esteri.it\/es\/wp-json\/wp\/v2\/pages\/2222","targetHints":{"allow":["GET"]}}],"collection":[{"href":"https:\/\/amblapaz.esteri.it\/es\/wp-json\/wp\/v2\/pages"}],"about":[{"href":"https:\/\/amblapaz.esteri.it\/es\/wp-json\/wp\/v2\/types\/page"}],"author":[{"embeddable":true,"href":"https:\/\/amblapaz.esteri.it\/es\/wp-json\/wp\/v2\/users\/6"}],"replies":[{"embeddable":true,"href":"https:\/\/amblapaz.esteri.it\/es\/wp-json\/wp\/v2\/comments?post=2222"}],"version-history":[{"count":6,"href":"https:\/\/amblapaz.esteri.it\/es\/wp-json\/wp\/v2\/pages\/2222\/revisions"}],"predecessor-version":[{"id":5405,"href":"https:\/\/amblapaz.esteri.it\/es\/wp-json\/wp\/v2\/pages\/2222\/revisions\/5405"}],"up":[{"embeddable":true,"href":"https:\/\/amblapaz.esteri.it\/es\/wp-json\/wp\/v2\/pages\/2195"}],"wp:attachment":[{"href":"https:\/\/amblapaz.esteri.it\/es\/wp-json\/wp\/v2\/media?parent=2222"}],"curies":[{"name":"wp","href":"https:\/\/api.w.org\/{rel}","templated":true}]}}