{"id":2232,"date":"2024-06-19T15:53:26","date_gmt":"2024-06-19T19:53:26","guid":{"rendered":"https:\/\/amblapaz.esteri.it\/?page_id=2232"},"modified":"2024-06-20T10:57:27","modified_gmt":"2024-06-20T14:57:27","slug":"emision-de-la-cie-a-menores-de-edad","status":"publish","type":"page","link":"https:\/\/amblapaz.esteri.it\/es\/servizi-consolari-e-visti\/servizi-per-il-cittadino-italiano\/carta-didentita-elettronica-cie\/emision-de-la-cie-a-menores-de-edad\/","title":{"rendered":"Emisi\u00f3n del CIE a menores de edad"},"content":{"rendered":"<p>La solicitud para la emisi\u00f3n della CIE a menores, presentada el d\u00eda de la cita, debe estar firmada por ambos padres (o por el tutor o quien ejerce la patria potestad), en general, ambos padres deben prestar su consentimiento por escrito.<\/p>\n<p><strong>SIEMPRE es necesaria la presencia personal del menor<\/strong> para el que se solicita el CIE. Se deben presentar los siguientes documentos:<\/p>\n<ul>\n<li>el carnet anterior o, si no es titular de un carnet de identidad, otro documento de identidad v\u00e1lido;<\/li>\n<li>los padres deber\u00e1n acompa\u00f1ar al menor con un documento de identidad v\u00e1lido m\u00e1s fotocopia;<\/li>\n<li>Una fotograf\u00eda reciente, NO digitalizada, de 4cm x 4,5cm, en color, sobre un fondo blanco de buena calidad, que retrata el rostro de frente, a media distancia y con el arco de las cejas descubierto.<\/li>\n<li>En el caso de que el solicitante ya no posea el documento anterior por robo o p\u00e9rdida, es necesario presentar una denuncia ante las autoridades de polic\u00eda bolivianas.<\/li>\n<\/ul>\n<p><strong>El consentimiento \u201cassenso\u201d para la emisi\u00f3n del CIE de un menor <\/strong>puede realizarse:<\/p>\n<ul>\n<li><strong>Personalmente<\/strong> en la oficina consular en la fecha de la cita (Se recuerda que quien da el consentimiento debe presentar un documento de identidad v\u00e1lido, en original y fotocopia simple);<\/li>\n<li><strong>Personalmente<\/strong> en cualquier Oficina de la Administraci\u00f3n P\u00fablica Italiana (habilitada para autenticar firmas: ej. Questura u otras representaciones diplom\u00e1tica-consulares).<\/li>\n<\/ul>\n<p><strong>Si no se cumplen estos requisitos, no ser\u00e1 posible emitir el CIE. Por lo tanto, se recomienda prestar mucha atenci\u00f3n al cumplimiento de los requisitos<\/strong>.<\/p>\n","protected":false},"excerpt":{"rendered":"La solicitud para la emisi\u00f3n della CIE a menores, presentada el d\u00eda de la cita, debe estar firmada por ambos padres (o por el tutor o quien ejerce la patria potestad), en general, ambos padres deben prestar su consentimiento por escrito. SIEMPRE es necesaria la presencia personal del menor para el que se solicita el [&hellip;]","protected":false},"author":6,"featured_media":0,"parent":2195,"menu_order":4,"comment_status":"closed","ping_status":"closed","template":"","meta":{"footnotes":""},"class_list":["post-2232","page","type-page","status-publish","hentry"],"_links":{"self":[{"href":"https:\/\/amblapaz.esteri.it\/es\/wp-json\/wp\/v2\/pages\/2232","targetHints":{"allow":["GET"]}}],"collection":[{"href":"https:\/\/amblapaz.esteri.it\/es\/wp-json\/wp\/v2\/pages"}],"about":[{"href":"https:\/\/amblapaz.esteri.it\/es\/wp-json\/wp\/v2\/types\/page"}],"author":[{"embeddable":true,"href":"https:\/\/amblapaz.esteri.it\/es\/wp-json\/wp\/v2\/users\/6"}],"replies":[{"embeddable":true,"href":"https:\/\/amblapaz.esteri.it\/es\/wp-json\/wp\/v2\/comments?post=2232"}],"version-history":[{"count":3,"href":"https:\/\/amblapaz.esteri.it\/es\/wp-json\/wp\/v2\/pages\/2232\/revisions"}],"predecessor-version":[{"id":2287,"href":"https:\/\/amblapaz.esteri.it\/es\/wp-json\/wp\/v2\/pages\/2232\/revisions\/2287"}],"up":[{"embeddable":true,"href":"https:\/\/amblapaz.esteri.it\/es\/wp-json\/wp\/v2\/pages\/2195"}],"wp:attachment":[{"href":"https:\/\/amblapaz.esteri.it\/es\/wp-json\/wp\/v2\/media?parent=2232"}],"curies":[{"name":"wp","href":"https:\/\/api.w.org\/{rel}","templated":true}]}}