{"id":2243,"date":"2024-06-19T15:54:45","date_gmt":"2024-06-19T19:54:45","guid":{"rendered":"https:\/\/amblapaz.esteri.it\/?page_id=2243"},"modified":"2025-01-28T12:45:35","modified_gmt":"2025-01-28T16:45:35","slug":"para-retirar-la-cie","status":"publish","type":"page","link":"https:\/\/amblapaz.esteri.it\/es\/servizi-consolari-e-visti\/servizi-per-il-cittadino-italiano\/carta-didentita-elettronica-cie\/para-retirar-la-cie\/","title":{"rendered":"Para retirar la CIE"},"content":{"rendered":"<p>El CIE es enviado desde Italia por la \u201cZecca di Stato\u201d a la direcci\u00f3n de la Embajada Italiana en La Paz.<\/p>\n<ul>\n<li>Para retirar el CIE ser\u00e1 necesario presentarse en la Embajada de La Paz despu\u00e9s de recibir el correo de aviso de llegada del CIE. Se ruega contestar a la misma mail indicando la fecha del rocojo (de lunes a jueves de 9:00 a 12:00)<\/li>\n<li>Alternativamente, puede delegar a una persona de confianza para que retire el CIE. En este caso se deber\u00e1 indicar el nombre completo de la persona que recoger\u00e1 el CIE respondiendo al correo electr\u00f3nico de aviso de la llegada del CIE a la sede. La persona encargada debe presentar una copia del documento del mandante, el formulario de delega (<span style=\"color: #ff00ff;\"><strong><a style=\"color: #ff00ff;\" href=\"https:\/\/amblapaz.esteri.it\/wp-content\/uploads\/2024\/06\/CIE-Delega-per-il-ritiro-1.pdf\"><u>link<\/u><\/a><\/strong><\/span>) y su documento personal original m\u00e1s una fotocopia del mismo.<\/li>\n<li>Adem\u00e1s, puede autorizar a la recojo a un currier de confianza, pagando el costo correspondiente y firmando una liberatoria a favor de la Embajada, el d\u00eca de la solicitud del CIE. El solicitante, al momento de la entrega, tendr\u00e1 que firmar el formulario, que encontrar\u00e1n junto al CIE, y enviarlo a <a href=\"mailto:lapaz.cie@esteri.it\">lapaz.cie@esteri.it<\/a><\/li>\n<\/ul>\n","protected":false},"excerpt":{"rendered":"El CIE es enviado desde Italia por la \u201cZecca di Stato\u201d a la direcci\u00f3n de la Embajada Italiana en La Paz. Para retirar el CIE ser\u00e1 necesario presentarse en la Embajada de La Paz despu\u00e9s de recibir el correo de aviso de llegada del CIE. Se ruega contestar a la misma mail indicando la fecha [&hellip;]","protected":false},"author":6,"featured_media":0,"parent":2195,"menu_order":5,"comment_status":"closed","ping_status":"closed","template":"","meta":{"footnotes":""},"class_list":["post-2243","page","type-page","status-publish","hentry"],"_links":{"self":[{"href":"https:\/\/amblapaz.esteri.it\/es\/wp-json\/wp\/v2\/pages\/2243","targetHints":{"allow":["GET"]}}],"collection":[{"href":"https:\/\/amblapaz.esteri.it\/es\/wp-json\/wp\/v2\/pages"}],"about":[{"href":"https:\/\/amblapaz.esteri.it\/es\/wp-json\/wp\/v2\/types\/page"}],"author":[{"embeddable":true,"href":"https:\/\/amblapaz.esteri.it\/es\/wp-json\/wp\/v2\/users\/6"}],"replies":[{"embeddable":true,"href":"https:\/\/amblapaz.esteri.it\/es\/wp-json\/wp\/v2\/comments?post=2243"}],"version-history":[{"count":6,"href":"https:\/\/amblapaz.esteri.it\/es\/wp-json\/wp\/v2\/pages\/2243\/revisions"}],"predecessor-version":[{"id":3460,"href":"https:\/\/amblapaz.esteri.it\/es\/wp-json\/wp\/v2\/pages\/2243\/revisions\/3460"}],"up":[{"embeddable":true,"href":"https:\/\/amblapaz.esteri.it\/es\/wp-json\/wp\/v2\/pages\/2195"}],"wp:attachment":[{"href":"https:\/\/amblapaz.esteri.it\/es\/wp-json\/wp\/v2\/media?parent=2243"}],"curies":[{"name":"wp","href":"https:\/\/api.w.org\/{rel}","templated":true}]}}