{"id":335,"date":"2023-07-26T18:42:49","date_gmt":"2023-07-26T22:42:49","guid":{"rendered":"https:\/\/amblapaz.esteri.it\/?page_id=335"},"modified":"2025-04-02T10:12:45","modified_gmt":"2025-04-02T14:12:45","slug":"dichiarazione-di-valore","status":"publish","type":"page","link":"https:\/\/amblapaz.esteri.it\/es\/italia-e-bolivia\/diplomazia-culturale\/studiare-in-italia\/dichiarazione-di-valore\/","title":{"rendered":"Dichiarazione di valore"},"content":{"rendered":"<div>\n<p><strong>La Declaraci\u00f3n de valor no atribuye ning\u00fan reconocimiento, equivalencia u homologaci\u00f3n al t\u00edtulo en Italia, sino que tiene como \u00fanica finalidad describir el valor adquirido por el t\u00edtulo en el pa\u00eds de origen. El reconocimiento o equivalencia de los titulos es competencia de las autoridades italianas espec\u00edficas.<\/strong><\/p>\n<p>Para solicitar el servicio, debe concertar una cita a trav\u00e9s de <a href=\"https:\/\/prenotami.esteri.it\/\">Prenot@mi<\/a>.<\/p>\n<\/div>\n<div>El formulario de solicitud puede descargarse <a href=\"https:\/\/amblapaz.esteri.it\/wp-content\/uploads\/2025\/04\/Modulo-richiesta-dichiarazione-di-valore.docx\"><span style=\"color: #ff00ff;\"><strong>AQU\u00cd<\/strong> <\/span><\/a>y debe presentarse, junto con los requisitos, el d\u00eda de la cita.<\/div>\n<div>\n<h3>REQUISITOS<\/h3>\n<p><strong>DECLARACI\u00d3N DE VALOR PARA TITULOS EN PROVISION NACIONAL O TITULOS PROFESIONALES<\/strong><\/p>\n<p>\u00b7Fotocopia legalizada, apostillada y traducida al italiano<br \/>\n\u00b7Certificaci\u00f3n que acredite los a\u00f1os de estudio<br \/>\n\u00b7Fotocopia de nota final o tesis o examen de grado. Para profesiones de salud certificado del a\u00f1o de internado<br \/>\n\u00b7Fotocopia del promedio de notas<br \/>\n\u00b7Fotocopia de pensum de la Carrera<br \/>\n\u00b7Fotocopia del t\u00edtulo de Bachiller<br \/>\n\u00b7Fotocopia del documento de identidad vigente<br \/>\n\u00b7Fotocopia de la matricula profesional<\/p>\n<p><strong>DECLARACI\u00d3N DE VALOR PARA TITULOS ACADEMICOS<\/strong><\/p>\n<p>\u00b7Fotocopia legalizada, apostillada y traducida al italiano<br \/>\n\u00b7Certificaci\u00f3n que acredite los a\u00f1os de estudio<br \/>\n\u00b7Fotocopia de nota final o tesis o examen de grado. Para profesiones de salud certificado del a\u00f1o de internado<br \/>\n\u00b7Fotocopia del promedio de notas<br \/>\n\u00b7Fotocopia de pensum de la Carrera<br \/>\n\u00b7Fotocopia del t\u00edtulo de Bachiller<br \/>\n\u00b7Fotocopia del documento de identidad vigente<\/p>\n<p><strong>DECLARACI\u00d3N DE VALOR DEL TITULO DE BACHILLER<\/strong><\/p>\n<p>\u00b7Fotocopia legalizada, apostillada y traducida al italiano<br \/>\n\u00b7Fotocopia de la libreta del \u00faltimo curso o del Certificado de notas del \u00faltimo curso<br \/>\n\u00b7Fotocopia del documento de identidad vigente<\/p>\n<\/div>\n","protected":false},"excerpt":{"rendered":"La Declaraci\u00f3n de valor no atribuye ning\u00fan reconocimiento, equivalencia u homologaci\u00f3n al t\u00edtulo en Italia, sino que tiene como \u00fanica finalidad describir el valor adquirido por el t\u00edtulo en el pa\u00eds de origen. El reconocimiento o equivalencia de los titulos es competencia de las autoridades italianas espec\u00edficas. Para solicitar el servicio, debe concertar una cita [&hellip;]","protected":false},"author":4,"featured_media":0,"parent":164,"menu_order":0,"comment_status":"closed","ping_status":"closed","template":"","meta":{"footnotes":""},"class_list":["post-335","page","type-page","status-publish","hentry"],"_links":{"self":[{"href":"https:\/\/amblapaz.esteri.it\/es\/wp-json\/wp\/v2\/pages\/335","targetHints":{"allow":["GET"]}}],"collection":[{"href":"https:\/\/amblapaz.esteri.it\/es\/wp-json\/wp\/v2\/pages"}],"about":[{"href":"https:\/\/amblapaz.esteri.it\/es\/wp-json\/wp\/v2\/types\/page"}],"author":[{"embeddable":true,"href":"https:\/\/amblapaz.esteri.it\/es\/wp-json\/wp\/v2\/users\/4"}],"replies":[{"embeddable":true,"href":"https:\/\/amblapaz.esteri.it\/es\/wp-json\/wp\/v2\/comments?post=335"}],"version-history":[{"count":6,"href":"https:\/\/amblapaz.esteri.it\/es\/wp-json\/wp\/v2\/pages\/335\/revisions"}],"predecessor-version":[{"id":4069,"href":"https:\/\/amblapaz.esteri.it\/es\/wp-json\/wp\/v2\/pages\/335\/revisions\/4069"}],"up":[{"embeddable":true,"href":"https:\/\/amblapaz.esteri.it\/es\/wp-json\/wp\/v2\/pages\/164"}],"wp:attachment":[{"href":"https:\/\/amblapaz.esteri.it\/es\/wp-json\/wp\/v2\/media?parent=335"}],"curies":[{"name":"wp","href":"https:\/\/api.w.org\/{rel}","templated":true}]}}