{"id":346,"date":"2023-07-26T20:32:08","date_gmt":"2023-07-27T00:32:08","guid":{"rendered":"https:\/\/amblapaz.esteri.it\/?page_id=346"},"modified":"2026-03-12T12:54:29","modified_gmt":"2026-03-12T16:54:29","slug":"registro-civil","status":"publish","type":"page","link":"https:\/\/amblapaz.esteri.it\/es\/servizi-consolari-e-visti\/servizi-per-il-cittadino-italiano\/registro-civil\/","title":{"rendered":"Registro (AIRE)"},"content":{"rendered":"<p><strong>REGISTRO DE LOS ITALIANOS RESIDENTES EN EL EXTERIOR (A.I.R.E.)<\/strong><\/p>\n<p>El Registro de los Italianos Residentes en el Exterior (A.I.R.E.) ha sido instituido con la ley 27 de octubre de 1988, n. 470 y contiene los datos de los ciudadanos italianos que planean de residir en el exterior por un per\u00edodo superior a los doce meses. Su gesti\u00f3n est\u00e1 a cargo de las Alcald\u00edas sobre la base de los datos y de las informaciones provenientes de las Representaciones consulares en el exterior.<br \/>\nLa inscripci\u00f3n al A.I.R.E es un derecho-deber del ciudadano (art. 6 ley 470\/1988) y constituye la base para gozar de una serie de servicios proporcionados por las Representaciones consulares en el exterior, y tambi\u00e9n para el ejercicio de importantes derechos, como por ejemplo:<\/p>\n<ul>\n<li>la posibilidad de votar para elecciones pol\u00edticas y refer\u00e9ndum por correo en el Pa\u00eds de residencia, y para la elecci\u00f3n de los representantes italianos ante el Parlamento Europeo en los esca\u00f1os instituidos por la red diplom\u00e1tico-consular en los Pa\u00edses pertenecientes a la UE;<\/li>\n<li>la posibilidad de obtener la emisi\u00f3n o la renovaci\u00f3n de documentos de identidad y de viaje, adem\u00e1s de certificaciones;<\/li>\n<li>la posibilidad de renovar la licencia de conducir (solo en Pa\u00edses extra UE; para detalles visitar la secci\u00f3n <a href=\"https:\/\/amblapaz.esteri.it\/es\/servizi-consolari-e-visti\/servizi-per-il-cittadino-italiano\/autoveicoli-e-patenti-di-guida\/\">Veh\u00edculos y permisos de conducir<\/a>).<\/li>\n<\/ul>\n<p><strong>Deben inscribirse al A.I.R.E:<\/strong><\/p>\n<ul>\n<li>todos los ciudadanos italianos que trasladen su residencia al extranjero <strong>deber\u00e1n<\/strong>, en el plazo de 90 d\u00edas desde su llegada al pa\u00eds de destino, efectuar la correspondiente declaraci\u00f3n en la oficina consular competente<\/li>\n<li>los que ya residen all\u00ed, ya sea por haber nacido en el extranjero o por haber adquirido posteriormente la ciudadan\u00eda italiana por cualquier motivo.<\/li>\n<\/ul>\n<p>La inscripci\u00f3n en el A.I.R.E. (Anagrafe degli Italiani Residenti all&#8217;Estero) es <strong>necesaria<\/strong> para obtener los certificados que la oficina consular expide a los residentes. La inscripci\u00f3n tambi\u00e9n permite <strong>obtener m\u00e1s r\u00e1pidamente el pasaporte<\/strong> y <strong>ejercer<\/strong> el<strong> derecho de voto <\/strong>en el extranjero.<\/p>\n<p>La inscripci\u00f3n en A.I.R.E. surte efecto a partir de la fecha de presentaci\u00f3n de la solicitud en la Oficina Consular.<\/p>\n<p>Es posible que la Comuna italiana disponga de oficio la inscripci\u00f3n en su A.I.R.E. cuando tenga conocimiento de que el ciudadano reside permanentemente en el extranjero. Del mismo modo, <strong>la oficina consular<\/strong> puede solicitar a la comuna italiana que inscriba en el A.I.R.E. al ciudadano para el que &#8211; al realizar cualquier tipo de tr\u00e1mite (por ejemplo, la expedici\u00f3n de un pasaporte) &#8211; haya constatado que reside efectiva y permanentemente en el extranjero. Por lo tanto, la inscripci\u00f3n en la A.I.R.E. tambi\u00e9n puede realizarse sin iniciativa directa del ciudadano interesado; pero en cualquier caso se informa de ello al ciudadano mediante un acto administrativo de la Comuna.<\/p>\n<p><strong>No deben \u2013 al contrario \u2013 inscribirse al A.I.R.E.:<\/strong><\/p>\n<ul>\n<li>las personas que viajan al exterior por un per\u00edodo de tiempo inferior a un a\u00f1o;<\/li>\n<li>los trabajadores estacionales;<\/li>\n<li>los empleados de planta del Estado en servicio en el exterior, que hayan sido notificados seg\u00fan las Convenciones de Viena sobre las relaciones diplom\u00e1ticas y sobre las relaciones consulares respectivamente de 1961 y de 1963;<\/li>\n<li>los militares italianos en servicio en las oficinas y las estructuras de la OTAN ubicadas en el exterior.<\/li>\n<\/ul>\n<p>La inscripci\u00f3n al A.I.R.E es realizada a ra\u00edz de <strong>declaraci\u00f3n<\/strong>, prestada por el interesado a la Oficina consular competente para el territorio, mediante formulario, dentro de los 90 d\u00edas a partir de la transferencia de la residencia.<br \/>\nEsto comporta la contextual cancelaci\u00f3n del Registro Civil de la Poblaci\u00f3n Residente (A.P.R.) de la Comuna de proveniencia.<br \/>\nAl fin de agilizar y acelerar los procedimientos de inscripci\u00f3n se sugiere la presentaci\u00f3n (no obligatoria) de un documento de identidad que compruebe el efectivo domicilio en le circunscripci\u00f3n consular (ej. Certificado de residencia otorgado por la autoridad extranjera, permiso de estad\u00eda, cr\u00e9dula de identidad extranjera, facturas, etc.).<br \/>\nLa Oficina consular puede tambi\u00e9n realizar autom\u00e1ticamente la inscripci\u00f3n, sobre la base de informaciones adquiridas externamente.<br \/>\nLa inscripci\u00f3n al A.I.R.E. es <strong>GRATUITA<\/strong> y se efectua a trav\u00e9s del Portal <a href=\"https:\/\/serviziconsolari.esteri.it\/ScoFE\/index.sco\">FAST IT<\/a>.<\/p>\n<p>Para las modalidades de inscripci\u00f3n (env\u00edo formularios por e-mail, fax, etc,) se sugiere contactar a\u00a0la Oficina consular competente (La Paz,\u00a0Santa Cruz, Sucre) y descargar el formulario de la secci\u00f3n \u201c<a href=\"https:\/\/amblapaz.esteri.it\/ambasciata_lapaz\/asciata_LaPaz\/Menu\/In_linea_con_utente\/Modulistica\" target=\"_blank\" rel=\"noopener\">Formularios<\/a>\u201d de esta p\u00e1gina web.<\/p>\n<p><strong>La actualizaci\u00f3n del A.I.R.E depende del ciudadano.<br \/>\n<\/strong>El interesado debe comunicar inmediatamente a la oficina consular:<\/p>\n<ul>\n<li>el traslado de su residencia o domicilio;<\/li>\n<li>las modificaciones del estado civil tambi\u00e9n para la eventual transcripci\u00f3n en Italia de las actas extranjeros (matrimonio, nacimiento, divorcio, deceso, etc.);<\/li>\n<li>el regreso definitivo en Italia;<\/li>\n<li>la p\u00e9rdida de ciudadan\u00eda italiana.<\/li>\n<\/ul>\n<p><strong>La falta de actualizaci\u00f3n de las informaciones, en especial de las que conciernen el cambio de direcci\u00f3n, imposibilitan el contacto con el ciudadano y la recepci\u00f3n de la postal o del sobre electoral en caso de votaciones.<br \/>\n<\/strong><br \/>\nEs importante que el connacional comunique su direcci\u00f3n de forma correcta y completa en funci\u00f3n a las normas del correo del Pa\u00eds de residencia.<\/p>\n<p>La <strong>cancelaci\u00f3n<\/strong> del A.I.R.E. ocurre:<\/p>\n<ul>\n<li>por deceso, incluyendo deceso presunto judicialmente declarado;<\/li>\n<li>por imposibilidad presunta de ubicaci\u00f3n, a menos de existir prueba contraria, si transcurrieron cien a\u00f1os desde el nacimiento o luego de dos sucesivas relevaciones, o cuando ya no resulte vigente la direcci\u00f3n en el exterior comunicada anteriormente y no sea posible adquirir la nueva;<\/li>\n<li>por p\u00e9rdida de la ciudadan\u00eda italiana;<\/li>\n<li>por traslado al A.I.R.E. de otra Comuna italiana<\/li>\n<li>por inscripci\u00f3n al Registro de la Poblaci\u00f3n Residente (A.P.R.) de una Alcald\u00eda italiana luego de traslado desde el exterior o repatriaci\u00f3n;<\/li>\n<\/ul>\n<p>Los ciudadanos <strong>registrados en AIRE<\/strong> que regresen <strong>definitivamente<\/strong> a Italia <strong>deben informar a la Alcald\u00eda<\/strong> donde han decidido establecerse para <strong>declarar su nueva direcci\u00f3n de residencia<\/strong>.<br \/>\nEn la misma fecha, la <strong>Comuna <\/strong>preceder\u00e1 a <strong>cancelarlos del AIRE<\/strong> con <strong>inscripci\u00f3n simult\u00e1nea en el APR<\/strong> (Registro de Poblaci\u00f3n Residente).<br \/>\nLa <strong>Comuna es responsable de comunicar oficialmente la fecha de la repatriaci\u00f3n al Consulado de origen<\/strong> que registrar\u00e1 la repatriaci\u00f3n en sus archivos consulares.<br \/>\nSe reitera que la <strong>cancelaci\u00f3n del Aire<\/strong> por repatriaci\u00f3n con la consiguiente actualizaci\u00f3n del archivo consular <strong>solo puede tener lugar tras la confirmaci\u00f3n de la inscripci\u00f3n del ciudadano ante la APR por parte de la Comuna italiana<\/strong>, que restablece la residencia anagr\u00e0fica y la inscripci\u00f3n en la lista de electores en el territorio de la Rep\u00fablica y notifica a la Oficina Consular.<\/p>\n<p><strong>\u00bfQu\u00e9 ocurre si uno no se inscribe en la A.I.R.E.?<\/strong><\/p>\n<p>La inscripci\u00f3n en la A.I.R.E. se realiza previa declaraci\u00f3n que el interesado debe efectuar ante la oficina consular competente en el plazo de 90 d\u00edas desde el traslado de residencia y conlleva la baja simult\u00e1nea en el Registro de Poblaci\u00f3n Residente (A.P.R.) del municipio de origen. Toda persona que, teniendo obligaciones registrales, contravenga las disposiciones de la ley n\u00b0 1228 del 24 de diciembre de 1954, de la ley n\u00b0 470 del 27 de octubre de 1988 y de los reglamentos de aplicaci\u00f3n de las leyes antes mencionadas est\u00e1 sujeta a multas administrativas, seg\u00fan lo dispuesto por la ley n\u00b0 213 del 30 de diciembre de 2023. La autoridad competente para constatar e imponer la sanci\u00f3n es el municipio donde est\u00e9 inscrito el infractor.<\/p>\n<p>El procedimiento de comprobaci\u00f3n y de sanci\u00f3n en manos de los municipios se rige por la Ley n\u00b0 689 de 24 de noviembre de 1981, cuyo art\u00edculo 1 dispone que \u00abNadie podr\u00e1 ser objeto de sanciones administrativas sino en virtud de una ley que haya entrado en vigor antes de que se cometiera la infracci\u00f3n\u00bb.<\/p>\n<header class=\"entry-header\"><\/header>\n<div class=\"entry-content\">\n<p>&nbsp;<\/p>\n<\/div>\n","protected":false},"excerpt":{"rendered":"REGISTRO DE LOS ITALIANOS RESIDENTES EN EL EXTERIOR (A.I.R.E.) El Registro de los Italianos Residentes en el Exterior (A.I.R.E.) ha sido instituido con la ley 27 de octubre de 1988, n. 470 y contiene los datos de los ciudadanos italianos que planean de residir en el exterior por un per\u00edodo superior a los doce meses. [&hellip;]","protected":false},"author":4,"featured_media":0,"parent":170,"menu_order":0,"comment_status":"closed","ping_status":"closed","template":"","meta":{"footnotes":""},"class_list":["post-346","page","type-page","status-publish","hentry"],"_links":{"self":[{"href":"https:\/\/amblapaz.esteri.it\/es\/wp-json\/wp\/v2\/pages\/346","targetHints":{"allow":["GET"]}}],"collection":[{"href":"https:\/\/amblapaz.esteri.it\/es\/wp-json\/wp\/v2\/pages"}],"about":[{"href":"https:\/\/amblapaz.esteri.it\/es\/wp-json\/wp\/v2\/types\/page"}],"author":[{"embeddable":true,"href":"https:\/\/amblapaz.esteri.it\/es\/wp-json\/wp\/v2\/users\/4"}],"replies":[{"embeddable":true,"href":"https:\/\/amblapaz.esteri.it\/es\/wp-json\/wp\/v2\/comments?post=346"}],"version-history":[{"count":6,"href":"https:\/\/amblapaz.esteri.it\/es\/wp-json\/wp\/v2\/pages\/346\/revisions"}],"predecessor-version":[{"id":5985,"href":"https:\/\/amblapaz.esteri.it\/es\/wp-json\/wp\/v2\/pages\/346\/revisions\/5985"}],"up":[{"embeddable":true,"href":"https:\/\/amblapaz.esteri.it\/es\/wp-json\/wp\/v2\/pages\/170"}],"wp:attachment":[{"href":"https:\/\/amblapaz.esteri.it\/es\/wp-json\/wp\/v2\/media?parent=346"}],"curies":[{"name":"wp","href":"https:\/\/api.w.org\/{rel}","templated":true}]}}