{"id":3729,"date":"2025-03-04T11:32:36","date_gmt":"2025-03-04T15:32:36","guid":{"rendered":"https:\/\/amblapaz.esteri.it\/?page_id=3729"},"modified":"2025-03-05T09:49:39","modified_gmt":"2025-03-05T13:49:39","slug":"3729-2","status":"publish","type":"page","link":"https:\/\/amblapaz.esteri.it\/es\/servizi-consolari-e-visti\/servizi-per-il-cittadino-straniero\/3729-2\/","title":{"rendered":"C\u00f3digo fiscal"},"content":{"rendered":"<p>El ciudadano extranjero no residente en Italia debe <strong>delegar<\/strong> espec\u00edficamente a una persona para que presente el formulario de solicitud del C\u00f3digo Fiscal directamente en las oficinas de la \u00abAgenzia delle Entrate\u00bb situadas en territorio italiano, en conformidad con el art. 1 del Decreto Ministerial n\u00ba 281 de 17 de mayo de 2001. Las direcciones de las oficinas de la \u00abAgenzia delle Entrate\u00bb pueden consultarse en el sitio web <a href=\"http:\/\/&quot;Agenzia delle Entrate&quot;\">www.agenziaentrate.it<\/a>.<\/p>\n<p>El c\u00f3digo fiscal puede ser solicitado por el extranjero <strong>a la Embajada<\/strong> s\u00f3lo en los casos en que el c\u00f3digo fiscal sea necesario para realizar tr\u00e1mites en l\u00ednea y\/o para los cuales el extranjero no pueda delegar a una persona encargada de la solicitud a la \u00abAgenzia delle Entrate\u00bb: en estos casos la oficina consular transmitir\u00e1 la solicitud a la \u00abAgenzia delle Entrate\u00bb en Italia.<\/p>\n<p>La solicitud del c\u00f3digo fiscal, que se realizar\u00e1 rellenando el formulario correspondiente, deber\u00e1 presentarse junto con la copia de un documento de identidad y la indicaci\u00f3n de los motivos de la solicitud.<\/p>\n<p>Los <strong>estudiantes<\/strong> que necesiten el C\u00f3digo Fiscal para la preinscripci\u00f3n en la Universidad pueden obtenerlo autom\u00e1ticamente en el <a href=\"https:\/\/www.universitaly.it\/\"><strong>Portal UNIVERSITALY<\/strong><\/a> durante la solicitud de preinscripci\u00f3n. La atribuci\u00f3n del c\u00f3digo fiscal puede perfeccionarse: en \u00abSportello Unico dell\u2019Immigrazione\u00bb o en la\u00bb Questura\u00bb al momento de solicitar el permiso de residencia, por los estudiantes no comunitarios; en la \u00abAgenzia delle Entrate\u00bb presentando el formulario AA4\/8, por los estudiantes comunitarios.<\/p>\n<p><strong>Los ciudadanos extranjeros que necesiten el c\u00f3digo fiscal para la compra de bienes inmuebles o para otras actividades comerciales\/financieras<\/strong> en Italia pueden delegar en su representante para que solicite el c\u00f3digo fiscal a la \u00abAgenzia delle Entrate\u00bb en su nombre.<\/p>\n<p>Los <strong>ciudadanos de pa\u00edses no pertenecientes a la UE que deseen residir en Italia<\/strong> pueden solicitar su c\u00f3digo fiscal:<br \/>\n&#8211; por \u00abSportello Unico dell\u2019Immigrazione\u00bb, presente en todas las Prefecturas y encargada de expedir la autorizaci\u00f3n de ingreso a los ciudadanos extranjeros que solicitan un permiso de residencia por trabajo o reagrupaci\u00f3n familiar;<br \/>\n&#8211; por la \u00abQuestura\u00bb, una oficina de la Polic\u00eda , para los ciudadanos extranjeros que solicitan otros tipos de permisos de residencia.<\/p>\n<p>Los <strong>ciudadanos de la UE que pretendan residir en Italia<\/strong> pueden solicitar un c\u00f3digo fiscal presentando el formulario AA4\/8 en una oficina territorial de la \u00abAgenzia delle Entrate\u00bb. La solicitud debe estar motivada y acompa\u00f1ada de un documento v\u00e1lido (pasaporte o documento de identidad v\u00e1lido para la expatriaci\u00f3n).<\/p>\n<p>Un ciudadano extranjero que necesite el c\u00f3digo fiscal para <strong>iniciar un procedimiento judicial en Italia<\/strong> puede incluir entre los poderes otorgados al abogado al que encomiende, el de solicitar el C\u00f3digo Fiscal en cualquier oficina de la \u00abAgenzia delle Entrate\u00bb; las direcciones de las oficinas de la \u00abAgenzia delle Entrate\u00bb pueden consultarse en el sitio web <a href=\"http:\/\/www.agenziaentrate.it\">www.agenziaentrate.it<\/a>.<\/p>\n<p>&nbsp;<\/p>\n","protected":false},"excerpt":{"rendered":"El ciudadano extranjero no residente en Italia debe delegar espec\u00edficamente a una persona para que presente el formulario de solicitud del C\u00f3digo Fiscal directamente en las oficinas de la \u00abAgenzia delle Entrate\u00bb situadas en territorio italiano, en conformidad con el art. 1 del Decreto Ministerial n\u00ba 281 de 17 de mayo de 2001. Las direcciones [&hellip;]","protected":false},"author":4,"featured_media":0,"parent":183,"menu_order":0,"comment_status":"closed","ping_status":"closed","template":"","meta":{"footnotes":""},"class_list":["post-3729","page","type-page","status-publish","hentry"],"_links":{"self":[{"href":"https:\/\/amblapaz.esteri.it\/es\/wp-json\/wp\/v2\/pages\/3729","targetHints":{"allow":["GET"]}}],"collection":[{"href":"https:\/\/amblapaz.esteri.it\/es\/wp-json\/wp\/v2\/pages"}],"about":[{"href":"https:\/\/amblapaz.esteri.it\/es\/wp-json\/wp\/v2\/types\/page"}],"author":[{"embeddable":true,"href":"https:\/\/amblapaz.esteri.it\/es\/wp-json\/wp\/v2\/users\/4"}],"replies":[{"embeddable":true,"href":"https:\/\/amblapaz.esteri.it\/es\/wp-json\/wp\/v2\/comments?post=3729"}],"version-history":[{"count":3,"href":"https:\/\/amblapaz.esteri.it\/es\/wp-json\/wp\/v2\/pages\/3729\/revisions"}],"predecessor-version":[{"id":3747,"href":"https:\/\/amblapaz.esteri.it\/es\/wp-json\/wp\/v2\/pages\/3729\/revisions\/3747"}],"up":[{"embeddable":true,"href":"https:\/\/amblapaz.esteri.it\/es\/wp-json\/wp\/v2\/pages\/183"}],"wp:attachment":[{"href":"https:\/\/amblapaz.esteri.it\/es\/wp-json\/wp\/v2\/media?parent=3729"}],"curies":[{"name":"wp","href":"https:\/\/api.w.org\/{rel}","templated":true}]}}