{"id":5959,"date":"2026-03-12T11:42:21","date_gmt":"2026-03-12T15:42:21","guid":{"rendered":"https:\/\/amblapaz.esteri.it\/?page_id=5959"},"modified":"2026-03-12T11:45:02","modified_gmt":"2026-03-12T15:45:02","slug":"inscripcion-en-el-portal-fast-it","status":"publish","type":"page","link":"https:\/\/amblapaz.esteri.it\/es\/servizi-consolari-e-visti\/servizi-per-il-cittadino-italiano\/registro-civil\/inscripcion-en-el-portal-fast-it\/","title":{"rendered":"Inscripci\u00f3n en el portal \u00abFast-It\u00bb"},"content":{"rendered":"<p>\u00a1Para inscribirte en el portal \u201cFast-IT\u00bb son suficientes unos pocos clicks!<\/p>\n<p>1) <strong>Con\u00e9ctate al portal<\/strong>:<\/p>\n<p>El portal lo encuentras en la direcci\u00f3n <a href=\"https:\/\/serviziconsolarionline.esteri.it\">https:\/\/serviziconsolarionline.esteri.it<\/a><\/p>\n<p>2) <strong>Reg\u00edstrate<\/strong>:<\/p>\n<p>Tendr\u00e1s que demostrar que posees la ciudadan\u00eda italiana.<\/p>\n<p>Ser\u00e1 necesario indicar tambi\u00e9n un correo electr\u00f3nico y crear una password (de un m\u00ednimo de 8 caracteres y un m\u00e1ximo de 16, con al menos una letra may\u00fascula, un n\u00famero y un car\u00e1cter especial).<\/p>\n<p>3) <strong>Activa la cuenta<\/strong>:<\/p>\n<p>Recibir\u00e1s un correo en el que te solicitar\u00e1n activar la cuenta (hacer clic en el enlace ACTIVACI\u00d3N USUARIO).<\/p>\n<p>Si la cuenta no la activas en el arco de 72 horas, deber\u00e1s solicitar un nuevo c\u00f3digo de activaci\u00f3n (ENV\u00cdO NUEVO C\u00d3DIGO DE ACTIVACI\u00d3N).<\/p>\n<p>\u00a1Cuidado, el correo electr\u00f3nico podr\u00edas recibirlo en la casilla SPAM de tu cuenta!<\/p>\n","protected":false},"excerpt":{"rendered":"\u00a1Para inscribirte en el portal \u201cFast-IT\u00bb son suficientes unos pocos clicks! 1) Con\u00e9ctate al portal: El portal lo encuentras en la direcci\u00f3n https:\/\/serviziconsolarionline.esteri.it 2) Reg\u00edstrate: Tendr\u00e1s que demostrar que posees la ciudadan\u00eda italiana. Ser\u00e1 necesario indicar tambi\u00e9n un correo electr\u00f3nico y crear una password (de un m\u00ednimo de 8 caracteres y un m\u00e1ximo de 16, [&hellip;]","protected":false},"author":4,"featured_media":0,"parent":346,"menu_order":0,"comment_status":"closed","ping_status":"closed","template":"","meta":{"footnotes":""},"class_list":["post-5959","page","type-page","status-publish","hentry"],"_links":{"self":[{"href":"https:\/\/amblapaz.esteri.it\/es\/wp-json\/wp\/v2\/pages\/5959","targetHints":{"allow":["GET"]}}],"collection":[{"href":"https:\/\/amblapaz.esteri.it\/es\/wp-json\/wp\/v2\/pages"}],"about":[{"href":"https:\/\/amblapaz.esteri.it\/es\/wp-json\/wp\/v2\/types\/page"}],"author":[{"embeddable":true,"href":"https:\/\/amblapaz.esteri.it\/es\/wp-json\/wp\/v2\/users\/4"}],"replies":[{"embeddable":true,"href":"https:\/\/amblapaz.esteri.it\/es\/wp-json\/wp\/v2\/comments?post=5959"}],"version-history":[{"count":1,"href":"https:\/\/amblapaz.esteri.it\/es\/wp-json\/wp\/v2\/pages\/5959\/revisions"}],"predecessor-version":[{"id":5961,"href":"https:\/\/amblapaz.esteri.it\/es\/wp-json\/wp\/v2\/pages\/5959\/revisions\/5961"}],"up":[{"embeddable":true,"href":"https:\/\/amblapaz.esteri.it\/es\/wp-json\/wp\/v2\/pages\/346"}],"wp:attachment":[{"href":"https:\/\/amblapaz.esteri.it\/es\/wp-json\/wp\/v2\/media?parent=5959"}],"curies":[{"name":"wp","href":"https:\/\/api.w.org\/{rel}","templated":true}]}}