{"id":5967,"date":"2026-03-12T11:48:44","date_gmt":"2026-03-12T15:48:44","guid":{"rendered":"https:\/\/amblapaz.esteri.it\/?page_id=5967"},"modified":"2026-03-12T11:50:13","modified_gmt":"2026-03-12T15:50:13","slug":"visualizacion-de-la-ficha-anagrafica-personal-a-traves-del-portal-fast-it","status":"publish","type":"page","link":"https:\/\/amblapaz.esteri.it\/es\/servizi-consolari-e-visti\/servizi-per-il-cittadino-italiano\/registro-civil\/visualizacion-de-la-ficha-anagrafica-personal-a-traves-del-portal-fast-it\/","title":{"rendered":"Visualizaci\u00f3n de la ficha anagr\u00e1fica personal a trav\u00e9s del portal \u00abFast-It\u00bb"},"content":{"rendered":"<p>El servicio \u201cVisualizaci\u00f3n de la ficha anagr\u00e1fica\u201d que da la posibilidad de ver un extracto de los datos personales memorizados en el archivo consular de nuestra embajada, le permite verificar la coherencia entre sus datos y la situaci\u00f3n real. En caso de incongruencia del domicilio de residencia, el usuario podr\u00e1 solicitar su correcci\u00f3n mediante el \u201cServicio de cambio de domicilio\u201d a trav\u00e9s del portal Fast-It\u00bb.<\/p>\n<p>Por ejemplo, en caso de incongruencia del estado civil, si entre los mencionados en el m\u00f3dulo no aparecen los nombres del c\u00f3nyuge e\/o hijos, se tendr\u00e1 que proceder a la transcripci\u00f3n de los eventuales actos de estado civil (nacimiento, matrimonio, divorcio), siguiendo las instrucciones presentes en la secci\u00f3n \u00ab<a href=\"https:\/\/amblapaz.esteri.it\/es\/servizi-consolari-e-visti\/servizi-per-il-cittadino-italiano\/stato-civile\/\">ESTADO CIVIL<\/a> \u00bb de nuestra p\u00e1gina web.<\/p>\n<p>Los usuarios que hayan presentado la solicitud de inscripci\u00f3n en el AIRE a trav\u00e9s del portal, resultar\u00e1n autom\u00e1ticamente usuarios asociados. Para quien haya presentado la solicitud de inscripci\u00f3n en el AIRE por otra v\u00eda, como correo electr\u00f3nico o ventanilla del consulado, y quiera crear un perfil asociado, despu\u00e9s de haberse inscrito en el portal, podr\u00e1 ser identificado enviando una copia escaneada de un documento de identidad vigente. Al operador consular se le activar\u00e1 una solicitud de asociaci\u00f3n online con lo cual, la cuenta del usuario ser\u00e1 conectada, a su vez, al modelo anagr\u00e1fico que aparece en el archivo consular.<\/p>\n","protected":false},"excerpt":{"rendered":"El servicio \u201cVisualizaci\u00f3n de la ficha anagr\u00e1fica\u201d que da la posibilidad de ver un extracto de los datos personales memorizados en el archivo consular de nuestra embajada, le permite verificar la coherencia entre sus datos y la situaci\u00f3n real. En caso de incongruencia del domicilio de residencia, el usuario podr\u00e1 solicitar su correcci\u00f3n mediante el [&hellip;]","protected":false},"author":4,"featured_media":0,"parent":346,"menu_order":0,"comment_status":"closed","ping_status":"closed","template":"","meta":{"footnotes":""},"class_list":["post-5967","page","type-page","status-publish","hentry"],"_links":{"self":[{"href":"https:\/\/amblapaz.esteri.it\/es\/wp-json\/wp\/v2\/pages\/5967","targetHints":{"allow":["GET"]}}],"collection":[{"href":"https:\/\/amblapaz.esteri.it\/es\/wp-json\/wp\/v2\/pages"}],"about":[{"href":"https:\/\/amblapaz.esteri.it\/es\/wp-json\/wp\/v2\/types\/page"}],"author":[{"embeddable":true,"href":"https:\/\/amblapaz.esteri.it\/es\/wp-json\/wp\/v2\/users\/4"}],"replies":[{"embeddable":true,"href":"https:\/\/amblapaz.esteri.it\/es\/wp-json\/wp\/v2\/comments?post=5967"}],"version-history":[{"count":1,"href":"https:\/\/amblapaz.esteri.it\/es\/wp-json\/wp\/v2\/pages\/5967\/revisions"}],"predecessor-version":[{"id":5970,"href":"https:\/\/amblapaz.esteri.it\/es\/wp-json\/wp\/v2\/pages\/5967\/revisions\/5970"}],"up":[{"embeddable":true,"href":"https:\/\/amblapaz.esteri.it\/es\/wp-json\/wp\/v2\/pages\/346"}],"wp:attachment":[{"href":"https:\/\/amblapaz.esteri.it\/es\/wp-json\/wp\/v2\/media?parent=5967"}],"curies":[{"name":"wp","href":"https:\/\/api.w.org\/{rel}","templated":true}]}}