{"id":5979,"date":"2026-03-12T11:52:51","date_gmt":"2026-03-12T15:52:51","guid":{"rendered":"https:\/\/amblapaz.esteri.it\/?page_id=5979"},"modified":"2026-03-13T10:14:05","modified_gmt":"2026-03-13T14:14:05","slug":"comunicacion-de-variacion-de-domicilio-de-residencia-dentro-de-bolivia-a-traves-del-portal-fast-it","status":"publish","type":"page","link":"https:\/\/amblapaz.esteri.it\/es\/servizi-consolari-e-visti\/servizi-per-il-cittadino-italiano\/registro-civil\/comunicacion-de-variacion-de-domicilio-de-residencia-dentro-de-bolivia-a-traves-del-portal-fast-it\/","title":{"rendered":"Comunicaci\u00f3n de variaci\u00f3n de domicilio de residencia dentro de Bolivia a trav\u00e9s del portal \u00abFast-It\u00bb"},"content":{"rendered":"<p>Si el ciudadano italiano ya est\u00e1 inscrito en el AIRE, <strong>puede comunicar su nueva direcci\u00f3n de domicilio en Bolivia<\/strong>. La solicitud ser\u00e1 enviada a nuestra canciller\u00eda consular, donde se registrar\u00e1 las modificaciones indicadas, y comunicar\u00e1 las actualizaciones al mismo municipio (comune) de inscripci\u00f3n en el AIRE. Se ruega que se comunique el cambio de direcci\u00f3n en modo correcto y completo (nombre de la calle, n\u00famero, departamento o n\u00famero o letra de casa), siguiendo las instrucciones indicadas a continuaci\u00f3n.<\/p>\n<p>Le recordamos que la falta de actualizaci\u00f3n de informaci\u00f3n sobre el domicilio, hace imposible el contacto con el ciudadano, e impide que \u00e9ste reciba el sobre electoral, en caso de votaciones.<\/p>\n<p><strong>IMPORTANTE<\/strong>: Cada ciudadano italiano mayor de edad podr\u00e1 presentar su solicitud de inscripci\u00f3n en el AIRE para s\u00ed mismo y sus familiares convivientes que tengan ciudadan\u00eda italiana. Sin embargo, en caso de que tuviera que inscribir a un familiar cuyo estado civil (nacimiento, matrimonio, divorcio) no haya sido transcrito, ser\u00e1 necesario regularizar previamente dicha situaci\u00f3n, siguiendo las instrucciones contenidas en la secci\u00f3n \u201c<a href=\"https:\/\/amblapaz.esteri.it\/es\/servizi-consolari-e-visti\/servizi-per-il-cittadino-italiano\/stato-civile\/\">ESTADO CIVIL<\/a> \u201d de nuestra p\u00e1gina web.<\/p>\n<p><strong>INSTRUCCIONES PR\u00c1CTICAS<\/strong>:<\/p>\n<p><strong>Llena la solicitud<\/strong>:<\/p>\n<p>Despu\u00e9s de haber llenado los campos requeridos en el modelo online, ser\u00e1 necesario tambi\u00e9n adjuntar:<\/p>\n<p><strong>ANEXO A<\/strong>: Copia de un documento de identidad italiano vigente (pasaporte, o carta de identidad) de todos los componentes del n\u00facleo familiar con ciudadan\u00eda italiana, residentes en el mismo domicilio.<br \/>\n<strong>ANEXO B<\/strong>: Copia de la \u201ccomunicaci\u00f3n cambio de direcci\u00f3n\u201d debidamente llenado EN TODOS LOS CAMPOS, y firmado<\/p>\n<p>\u00a1RECUERDA! El sistema de up load del portal rechaza cualquier documento de tama\u00f1o superior a 1.0 MB (o 1024 KB). No es necesario usar el esc\u00e1ner en resoluci\u00f3n m\u00e1xima para tener una versi\u00f3n digital del documento a enviar.<\/p>\n<p><strong>C\u00f3mo convertir en digital un documento en el mejor modo<\/strong>:<\/p>\n<p>En general, el esc\u00e1ner puede ser configurado con los siguientes par\u00e1metros:<br \/>\nResoluci\u00f3n 200 DPI. Una resoluci\u00f3n de 150 DPI a 200 DPI ofrece una buena calidad de imagen suficientemente \u00fatil para su\u00a0procesamiento y una buena impresi\u00f3n respecto al documento original.<br \/>\nColor: escala de grises (gray scale). NO usar colores, si no es requerido.<br \/>\nFormato: JPEG o PDF aconsejados.<br \/>\nDe este modo, se obtendr\u00e1 un documento m\u00e1s liviano, legible y de f\u00e1cil impresi\u00f3n.<\/p>\n<p><strong>Env\u00eda la solicitud<\/strong>.<\/p>\n<p><strong>IMPORTANTE: PIN<\/strong> \u2013 Se informa que el n\u00famero PIN que solicita el portal \u201c<a href=\"https:\/\/serviziconsolari.esteri.it\/home\">Fast-It<\/a>\u201d, NO es necesario para realizar la solicitud. Adem\u00e1s, se precisa que las funciones del portal que necesitan PIN a\u00fan no han sido activadas por el Ministerio de Relaciones Exteriores y Cooperaci\u00f3n Internacional. Se especifica que para los usuarios no es posible generar aut\u00f3nomamente su propio PIN y que esta embajada publicar\u00e1 en el sitio web un aviso espec\u00edfico concerniente a la generaci\u00f3n del mismo, apenas este servicio est\u00e9 disponible.<\/p>\n","protected":false},"excerpt":{"rendered":"Si el ciudadano italiano ya est\u00e1 inscrito en el AIRE, puede comunicar su nueva direcci\u00f3n de domicilio en Bolivia. La solicitud ser\u00e1 enviada a nuestra canciller\u00eda consular, donde se registrar\u00e1 las modificaciones indicadas, y comunicar\u00e1 las actualizaciones al mismo municipio (comune) de inscripci\u00f3n en el AIRE. Se ruega que se comunique el cambio de direcci\u00f3n [&hellip;]","protected":false},"author":4,"featured_media":0,"parent":346,"menu_order":0,"comment_status":"closed","ping_status":"closed","template":"","meta":{"footnotes":""},"class_list":["post-5979","page","type-page","status-publish","hentry"],"_links":{"self":[{"href":"https:\/\/amblapaz.esteri.it\/es\/wp-json\/wp\/v2\/pages\/5979","targetHints":{"allow":["GET"]}}],"collection":[{"href":"https:\/\/amblapaz.esteri.it\/es\/wp-json\/wp\/v2\/pages"}],"about":[{"href":"https:\/\/amblapaz.esteri.it\/es\/wp-json\/wp\/v2\/types\/page"}],"author":[{"embeddable":true,"href":"https:\/\/amblapaz.esteri.it\/es\/wp-json\/wp\/v2\/users\/4"}],"replies":[{"embeddable":true,"href":"https:\/\/amblapaz.esteri.it\/es\/wp-json\/wp\/v2\/comments?post=5979"}],"version-history":[{"count":2,"href":"https:\/\/amblapaz.esteri.it\/es\/wp-json\/wp\/v2\/pages\/5979\/revisions"}],"predecessor-version":[{"id":6017,"href":"https:\/\/amblapaz.esteri.it\/es\/wp-json\/wp\/v2\/pages\/5979\/revisions\/6017"}],"up":[{"embeddable":true,"href":"https:\/\/amblapaz.esteri.it\/es\/wp-json\/wp\/v2\/pages\/346"}],"wp:attachment":[{"href":"https:\/\/amblapaz.esteri.it\/es\/wp-json\/wp\/v2\/media?parent=5979"}],"curies":[{"name":"wp","href":"https:\/\/api.w.org\/{rel}","templated":true}]}}