{"id":6001,"date":"2026-03-12T12:57:58","date_gmt":"2026-03-12T16:57:58","guid":{"rendered":"https:\/\/amblapaz.esteri.it\/?page_id=6001"},"modified":"2026-03-12T12:59:13","modified_gmt":"2026-03-12T16:59:13","slug":"como-inscribirse-en-el-a-i-r-e","status":"publish","type":"page","link":"https:\/\/amblapaz.esteri.it\/es\/servizi-consolari-e-visti\/servizi-per-il-cittadino-italiano\/registro-civil\/como-inscribirse-en-el-a-i-r-e\/","title":{"rendered":"C\u00f3mo inscribirse en el A.I.R.E."},"content":{"rendered":"<p><strong>Se invita a los conciudadanos a utilizar el Portal \u201cFast-It\u201d <\/strong>(<a href=\"https:\/\/serviziconsolari.esteri.it\/\">https:\/\/serviziconsolari.esteri.it\/<\/a>) para la inscripci\u00f3n en el AIRE y para la comunicaci\u00f3n de variaci\u00f3n de domicilio en Bolivia.<\/p>\n<p><strong>De todas maneras, es posible solicitar las mismas operaciones a trav\u00e9s de las siguientes modalidades<\/strong>:<\/p>\n<p><strong>INSCRIPCI\u00d3N EN EL AIRE<\/strong>: Ser\u00e1 necesario adjuntar la siguiente documentaci\u00f3n:<\/p>\n<p>1) <strong>Modelo de solicitud llenado en todas sus partes y firmado<\/strong>;<\/p>\n<p>2) <strong>Fotocopia del pasaporte italiano y\/o carta de identidad italiana<\/strong>;<\/p>\n<p>3) <strong>Fotocopia del DNI peruano o Carnet de Extranjer\u00eda.<\/strong><\/p>\n<p>4) <strong>Factura di un servicio o contrato de alquiler<\/strong><\/p>\n<p><strong>IMPORTANTE:<\/strong> Cada ciudadano italiano mayor de edad podr\u00e1 presentar su solicitud de inscripci\u00f3n en el AIRE para s\u00ed mismo y sus familiares convivientes que tengan ciudadan\u00eda italiana. Sin embargo, en caso de que tuviera que inscribir a un familiar cuyo estado civil (nacimiento, matrimonio, divorcio) no haya sido transcrito, ser\u00e1 necesario regularizar previamente dicha situaci\u00f3n, siguiendo las instrucciones contenidas en la secci\u00f3n \u201c<a href=\"https:\/\/amblapaz.esteri.it\/es\/servizi-consolari-e-visti\/servizi-per-il-cittadino-italiano\/stato-civile\/\">ESTADO CIVIL<\/a> \u201d de nuestra p\u00e1gina web.<\/p>\n<p><strong>En caso de dificultades objetivas y fehacientes en el uso del portal \u201cFast-It\u201d o de \u201cPrenot@mi\u201d para el citado servicio, se invita a los conciudadanos a dirigirse por correo electr\u00f3nico directamente a <a href=\"mailto:consolare.lapaz@esteri.it\">consolare.lapaz@esteri.it<\/a><\/strong><strong>, precisando y sustentando los problemas surgidos.<\/strong><\/p>\n","protected":false},"excerpt":{"rendered":"Se invita a los conciudadanos a utilizar el Portal \u201cFast-It\u201d (https:\/\/serviziconsolari.esteri.it\/) para la inscripci\u00f3n en el AIRE y para la comunicaci\u00f3n de variaci\u00f3n de domicilio en Bolivia. De todas maneras, es posible solicitar las mismas operaciones a trav\u00e9s de las siguientes modalidades: INSCRIPCI\u00d3N EN EL AIRE: Ser\u00e1 necesario adjuntar la siguiente documentaci\u00f3n: 1) Modelo de [&hellip;]","protected":false},"author":4,"featured_media":0,"parent":346,"menu_order":0,"comment_status":"closed","ping_status":"closed","template":"","meta":{"footnotes":""},"class_list":["post-6001","page","type-page","status-publish","hentry"],"_links":{"self":[{"href":"https:\/\/amblapaz.esteri.it\/es\/wp-json\/wp\/v2\/pages\/6001","targetHints":{"allow":["GET"]}}],"collection":[{"href":"https:\/\/amblapaz.esteri.it\/es\/wp-json\/wp\/v2\/pages"}],"about":[{"href":"https:\/\/amblapaz.esteri.it\/es\/wp-json\/wp\/v2\/types\/page"}],"author":[{"embeddable":true,"href":"https:\/\/amblapaz.esteri.it\/es\/wp-json\/wp\/v2\/users\/4"}],"replies":[{"embeddable":true,"href":"https:\/\/amblapaz.esteri.it\/es\/wp-json\/wp\/v2\/comments?post=6001"}],"version-history":[{"count":1,"href":"https:\/\/amblapaz.esteri.it\/es\/wp-json\/wp\/v2\/pages\/6001\/revisions"}],"predecessor-version":[{"id":6002,"href":"https:\/\/amblapaz.esteri.it\/es\/wp-json\/wp\/v2\/pages\/6001\/revisions\/6002"}],"up":[{"embeddable":true,"href":"https:\/\/amblapaz.esteri.it\/es\/wp-json\/wp\/v2\/pages\/346"}],"wp:attachment":[{"href":"https:\/\/amblapaz.esteri.it\/es\/wp-json\/wp\/v2\/media?parent=6001"}],"curies":[{"name":"wp","href":"https:\/\/api.w.org\/{rel}","templated":true}]}}