{"id":6292,"date":"2026-03-27T13:21:27","date_gmt":"2026-03-27T17:21:27","guid":{"rendered":"https:\/\/amblapaz.esteri.it\/?page_id=6292"},"modified":"2026-03-27T13:34:05","modified_gmt":"2026-03-27T17:34:05","slug":"portal-fast-it-dudas-y-errores-frecuentes","status":"publish","type":"page","link":"https:\/\/amblapaz.esteri.it\/es\/servizi-consolari-e-visti\/servizi-per-il-cittadino-italiano\/registro-civil\/portal-fast-it-dudas-y-errores-frecuentes\/","title":{"rendered":"Dudas y errores frecuentes &#8211; Portal FAST-IT"},"content":{"rendered":"<p data-path-to-node=\"3\"><b data-path-to-node=\"3\" data-index-in-node=\"0\">He solicitado la inscripci\u00f3n a trav\u00e9s del portal FAST IT e el estado aparece como: \u201cIn Lavorazione\u201d (En tr\u00e1mite). \u00bfQu\u00e9 significa?<\/b><\/p>\n<p data-path-to-node=\"3\">Significa que su solicitud ha sido procesada en una primera fase y ha sido necesario solicitar confirmaciones a su municipio (<i data-path-to-node=\"3\" data-index-in-node=\"256\">Comune<\/i>) en Italia. El tiempo de tramitaci\u00f3n de un expediente puede variar seg\u00fan el tiempo que tarde el <i data-path-to-node=\"3\" data-index-in-node=\"359\">Comune<\/i> en responder a nuestra solicitud. Despu\u00e9s de 180 d\u00edas, es posible solicitar informaci\u00f3n por correo electr\u00f3nico: <b data-path-to-node=\"3\" data-index-in-node=\"478\">consolare.lapaz@esteri.it<\/b><\/p>\n<p data-path-to-node=\"4\"><b data-path-to-node=\"4\" data-index-in-node=\"0\">Cuando visualizo mi ficha de datos personales en FAST IT, aunque mis datos parecen estar actualizados, el estado de registro es: \u201cNon Iscritto\u201d (No inscrito). \u00bfEs un problema?<\/b><\/p>\n<p data-path-to-node=\"4\">Si en el campo \u201cISCRIZIONE AIRE\u201d aparece el estado \u201cNon iscritto\u201d \u2013pero la direcci\u00f3n y los dem\u00e1s datos est\u00e1n actualizados\u2013 el interesado <b data-path-to-node=\"4\" data-index-in-node=\"313\">NO<\/b> debe solicitar ninguna actualizaci\u00f3n. Esta informaci\u00f3n refleja la posible falta de respuesta por parte del <i data-path-to-node=\"4\" data-index-in-node=\"423\">Comune<\/i>, cuyos tiempos pueden variar, pero esto <b data-path-to-node=\"4\" data-index-in-node=\"470\">NO<\/b> altera el registro de inscritos ni limita el acceso a los servicios consulares.<\/p>\n<p data-path-to-node=\"5\"><b data-path-to-node=\"5\" data-index-in-node=\"0\">Mi hijo menor de edad, que ya es ciudadano italiano, vive con el otro progenitor extranjero. \u00bfC\u00f3mo puedo actualizar su direcci\u00f3n?<\/b><\/p>\n<p data-path-to-node=\"5\">La solicitud debe enviarse por correo electr\u00f3nico \u2013<b data-path-to-node=\"5\" data-index-in-node=\"181\">consolare.lapaz@esteri.it<\/b>\u2013 con los siguientes documentos: formulario de solicitud completado por el progenitor extranjero con quien vive el menor, acta de consentimiento AIRE firmada por el progenitor que no vive en la misma direcci\u00f3n, documento de identidad vigente de los progenitores y del menor, comprobante de residencia a nombre del progenitor extranjero (de menos de tres meses) y documentaci\u00f3n emitida por el <i data-path-to-node=\"5\" data-index-in-node=\"598\">Comune<\/i> relativa a la ciudadan\u00eda del menor (si a\u00fan no ha sido presentada ante esta Embajada).<\/p>\n<blockquote data-path-to-node=\"6\">\n<p data-path-to-node=\"6,0\"><b data-path-to-node=\"6,0\" data-index-in-node=\"0\">NOTA IMPORTANTE:<\/b> Si el progenitor que otorga el consentimiento es <strong>ciudadano de la Uni\u00f3n Europea<\/strong>, podr\u00e1 simplemente completar y firmar el formulario de consentimiento adjuntando una copia de su documento de identidad (p\u00e1gina con foto y firma). Si, por el contrario, el progenitor que otorga el consentimiento <strong>no es ciudadano de la UE (<i data-path-to-node=\"6,0\" data-index-in-node=\"341\">extra UE<\/i>)<\/strong>, deber\u00e1 firmar el formulario de consentimiento ante la Embajada o Consulado italiano competente (si reside en el extranjero) o ante el <i data-path-to-node=\"6,0\" data-index-in-node=\"486\">Comune<\/i> (si reside en Italia).<\/p>\n<\/blockquote>\n<p data-path-to-node=\"7\"><b data-path-to-node=\"7\" data-index-in-node=\"0\">Cuando intento visualizar mi registro, aparece un mensaje de error que dice que debo ser un ciudadano italiano inscrito en el AIRE para solicitar el servicio. Sin embargo, mi ciudadan\u00eda ya ha sido completada y estoy registrado en este consulado. \u00bfQu\u00e9 debo hacer?<\/b><\/p>\n<p data-path-to-node=\"7\">Este error suele significar que el registro en FAST IT no se realiz\u00f3 con los mismos datos presentes en nuestro sistema. La \u00abAsociaci\u00f3n\u00bb (<i data-path-to-node=\"7\" data-index-in-node=\"400\">Associazione<\/i>), que permite visualizar la propia ficha de datos, solo puede realizarse cuando los datos ingresados en FAST IT coinciden exactamente con los datos presentes en nuestro Registro Consular. Si tiene dudas sobre cu\u00e1les son sus datos de registro, puede enviar un correo electr\u00f3nico \u2013<b data-path-to-node=\"7\" data-index-in-node=\"692\">consolare.lapaz@esteri.it<\/b>\u2013 con sus datos completos solicitando confirmaci\u00f3n.<\/p>\n<p data-path-to-node=\"8\"><b data-path-to-node=\"8\" data-index-in-node=\"0\">Estoy registrado en FAST IT en otro consulado, pero ahora resido en Bolivia, \u00bfc\u00f3mo puedo realizar el cambio?<\/b><\/p>\n<p data-path-to-node=\"8\">Para efectuar el cambio es necesario no tener ninguna solicitud en curso. En este caso, basta con hacer clic en el bot\u00f3n <b data-path-to-node=\"8\" data-index-in-node=\"230\">\u201cComunicare la variazione della propria residenza\u201d<\/b> (Comunicar el cambio de residencia) y cambiar el Pa\u00eds\/Estado de residencia y la ciudad. Aparecer\u00e1 el siguiente mensaje: <i data-path-to-node=\"8\" data-index-in-node=\"401\">\u201cAtenci\u00f3n, est\u00e1 cambiando de Sede Consular de referencia. \u00bfEst\u00e1 seguro de que desea continuar? Al presionar \u2018Ok\u2019 ser\u00e1 redirigido a la variaci\u00f3n Aire\u201d<\/i>. Al hacer clic en \u201cOk\u201d, la SEDE de pertenencia cambiar\u00e1, incluso sin concluir la solicitud.<\/p>\n<p data-path-to-node=\"9\"><b data-path-to-node=\"9\" data-index-in-node=\"0\">Estoy intentando adjuntar todos los documentos, pero los archivos superan el l\u00edmite de 1 Mega. \u00bfQu\u00e9 hacer?<\/b><\/p>\n<p data-path-to-node=\"9\">Puede ser necesario, por ejemplo, escanear la documentaci\u00f3n en blanco y negro para reducir el tama\u00f1o de los archivos.<br \/>\n<b data-path-to-node=\"10\" data-index-in-node=\"0\">C\u00f3mo digitalizar un documento en papel de la mejor manera:<\/b> En general, el esc\u00e1ner puede configurarse con los siguientes par\u00e1metros:<\/p>\n<ul>\n<li data-path-to-node=\"11,0,0\"><b data-path-to-node=\"11,0,0\" data-index-in-node=\"0\">Resoluci\u00f3n:<\/b> 200 dpi (Una resoluci\u00f3n de 150 dpi a 200 dpi suele ofrecer una imagen de buena calidad que permite una lectura y una impresi\u00f3n fiel).<\/li>\n<li data-path-to-node=\"11,0,0\"><b data-path-to-node=\"11,1,0\" data-index-in-node=\"0\">Color:<\/b> Escala de grises (<i data-path-to-node=\"11,1,0\" data-index-in-node=\"25\">gray scale<\/i>). NO usar color a menos que se solicite expresamente.<\/li>\n<li data-path-to-node=\"11,0,0\"><b data-path-to-node=\"11,2,0\" data-index-in-node=\"0\">Formato:<\/b> Se recomiendan JPEG o PDF.<\/li>\n<\/ul>\n<p data-path-to-node=\"12\"><b data-path-to-node=\"12\" data-index-in-node=\"0\">Hice una solicitud de primera inscripci\u00f3n a trav\u00e9s de FAST IT y el estado aparece como \u201crifiutata\u201d (rechazada) con el mensaje \u201cPratica gi\u00e0 esistente\u201d (Tr\u00e1mite ya existente). \u00bfQu\u00e9 hacer?<\/b><\/p>\n<p data-path-to-node=\"12\">Cuando este Consulado acepta una solicitud de primera inscripci\u00f3n a trav\u00e9s de FAST IT, todos los datos ingresados por el solicitante migran a nuestro registro consular. Si el nombre del solicitante ya existe en nuestra base de datos, no podemos aceptar dicha solicitud. Si el pedido es para registrar cambios de estado civil (hijos, matrimonio, etc.), ser\u00e1 necesario seguir las instrucciones presentes en la secci\u00f3n de <b data-path-to-node=\"12\" data-index-in-node=\"605\">Estado Civil<\/b>.<\/p>\n<p data-path-to-node=\"13\"><b data-path-to-node=\"13\" data-index-in-node=\"0\">Mi hijo menor vive solo conmigo, pero el otro progenitor no quiere firmar la solicitud de inscripci\u00f3n al AIRE. \u00bfC\u00f3mo debo proceder?<\/b><\/p>\n<p data-path-to-node=\"13\">Si la solicitud de inscripci\u00f3n al A.I.R.E. involucra a un menor, ambos progenitores deben firmar la solicitud. En este sentido, tambi\u00e9n ser\u00e1 necesario enviar el documento de identidad del progenitor extranjero. En caso de que falte la firma de uno de los dos progenitores en dicha declaraci\u00f3n, el progenitor que presenta la instancia deber\u00e1 proporcionar al Consulado \u2013enviando un correo electr\u00f3nico a <b data-path-to-node=\"13\" data-index-in-node=\"533\">consolare.lapaz@esteri.it<\/b>\u2013 los \u00faltimos datos de contacto conocidos del otro progenitor: tel\u00e9fono, direcci\u00f3n postal y\/o correo electr\u00f3nico. De lo contrario, deber\u00e1 aportar \u2013si no figura ya en las actas de esta sede\u2013 evidencia documental de la imposibilidad de obtener el consentimiento del otro progenitor (por ejemplo: acta de defunci\u00f3n, sentencia judicial que retire la patria potestad o si el menor fue reconocido por un solo progenitor).<\/p>\n","protected":false},"excerpt":{"rendered":"He solicitado la inscripci\u00f3n a trav\u00e9s del portal FAST IT e el estado aparece como: \u201cIn Lavorazione\u201d (En tr\u00e1mite). \u00bfQu\u00e9 significa? Significa que su solicitud ha sido procesada en una primera fase y ha sido necesario solicitar confirmaciones a su municipio (Comune) en Italia. El tiempo de tramitaci\u00f3n de un expediente puede variar seg\u00fan el [&hellip;]","protected":false},"author":4,"featured_media":0,"parent":346,"menu_order":0,"comment_status":"closed","ping_status":"closed","template":"","meta":{"footnotes":""},"class_list":["post-6292","page","type-page","status-publish","hentry"],"_links":{"self":[{"href":"https:\/\/amblapaz.esteri.it\/es\/wp-json\/wp\/v2\/pages\/6292","targetHints":{"allow":["GET"]}}],"collection":[{"href":"https:\/\/amblapaz.esteri.it\/es\/wp-json\/wp\/v2\/pages"}],"about":[{"href":"https:\/\/amblapaz.esteri.it\/es\/wp-json\/wp\/v2\/types\/page"}],"author":[{"embeddable":true,"href":"https:\/\/amblapaz.esteri.it\/es\/wp-json\/wp\/v2\/users\/4"}],"replies":[{"embeddable":true,"href":"https:\/\/amblapaz.esteri.it\/es\/wp-json\/wp\/v2\/comments?post=6292"}],"version-history":[{"count":4,"href":"https:\/\/amblapaz.esteri.it\/es\/wp-json\/wp\/v2\/pages\/6292\/revisions"}],"predecessor-version":[{"id":6303,"href":"https:\/\/amblapaz.esteri.it\/es\/wp-json\/wp\/v2\/pages\/6292\/revisions\/6303"}],"up":[{"embeddable":true,"href":"https:\/\/amblapaz.esteri.it\/es\/wp-json\/wp\/v2\/pages\/346"}],"wp:attachment":[{"href":"https:\/\/amblapaz.esteri.it\/es\/wp-json\/wp\/v2\/media?parent=6292"}],"curies":[{"name":"wp","href":"https:\/\/api.w.org\/{rel}","templated":true}]}}