{"id":2123,"date":"2024-06-19T15:11:01","date_gmt":"2024-06-19T19:11:01","guid":{"rendered":"https:\/\/amblapaz.esteri.it\/?page_id=2123"},"modified":"2025-01-28T12:09:27","modified_gmt":"2025-01-28T16:09:27","slug":"requisiti-cie","status":"publish","type":"page","link":"https:\/\/amblapaz.esteri.it\/it\/servizi-consolari-e-visti\/servizi-per-il-cittadino-italiano\/carta-didentita-elettronica-cie\/requisiti-cie\/","title":{"rendered":"Requisiti &#8211; CIE"},"content":{"rendered":"<p>Ai fini dell\u2019emissione della CIE \u00e8 indispensabile che il richiedente:<\/p>\n<ul>\n<li>sia cittadino italiano regolarmente residente in Bolivia;<\/li>\n<li>sia iscritto all\u2019AIRE e il suo nominativo inserito nell\u2019apposito applicativo da parte del comune italiano di riferimento. A tal fine, gli interessati dovranno verificare la propria scheda consolare su FAST IT (<a href=\"https:\/\/serviziconsolari.esteri.it\/ScoFE\/index.sco\">Servizi Consolari Online (esteri.it)<\/a>.<\/li>\n<li>abbia l\u2019atto di nascita trascritto in Italia;<\/li>\n<li>abbia il Codice Fiscale validato dall\u2019Agenzia Delle Entrate;<\/li>\n<li>abbia aggiornato la sua posizione negli schedari consolari nel caso di cambio d\u2019indirizzo, variazione dello stato civile o nascita di figli. Per fare questo si dovr\u00e0 scrivere a <a href=\"mailto:consolare.lapaz@esteri.it\"><u>consolare.lapaz@esteri.it<\/u><\/a> prima di richiedere un appuntamento per la carta d\u2019identit\u00e0.<\/li>\n<\/ul>\n<p><strong>ATTENZIONE<\/strong>: <strong>La richiesta di una CIE viene effettuata soltanto tramite un appuntamento!<\/strong> Nel caso in cui, a seguito di verifiche, non fosse possibile procedere con la pratica di rilascio della CIE, l\u2019appuntamento verr\u00e0 annullato. Il connazionale sar\u00e0 informato sulle motivazioni del rigetto e dovr\u00e0 ripetere la procedura scrivendo a <a href=\"mailto:lapaz.cie@esteri.it\"><u>lapaz.cie@esteri.it<\/u><\/a> una volta regolarizzata la propria posizione in base a quanto comunicato dal Consolato.<\/p>\n<p>L\u2019appuntamento \u00e8 gratuito e personale quindi saranno ricevuti soltanto i cittadini indicati nella prenotazione e all\u2019orario ivi indicato.<\/p>\n","protected":false},"excerpt":{"rendered":"Ai fini dell\u2019emissione della CIE \u00e8 indispensabile che il richiedente: sia cittadino italiano regolarmente residente in Bolivia; sia iscritto all\u2019AIRE e il suo nominativo inserito nell\u2019apposito applicativo da parte del comune italiano di riferimento. A tal fine, gli interessati dovranno verificare la propria scheda consolare su FAST IT (Servizi Consolari Online (esteri.it). abbia l\u2019atto di [&hellip;]","protected":false},"author":6,"featured_media":0,"parent":2117,"menu_order":1,"comment_status":"closed","ping_status":"closed","template":"","meta":{"footnotes":""},"class_list":["post-2123","page","type-page","status-publish","hentry"],"_links":{"self":[{"href":"https:\/\/amblapaz.esteri.it\/it\/wp-json\/wp\/v2\/pages\/2123","targetHints":{"allow":["GET"]}}],"collection":[{"href":"https:\/\/amblapaz.esteri.it\/it\/wp-json\/wp\/v2\/pages"}],"about":[{"href":"https:\/\/amblapaz.esteri.it\/it\/wp-json\/wp\/v2\/types\/page"}],"author":[{"embeddable":true,"href":"https:\/\/amblapaz.esteri.it\/it\/wp-json\/wp\/v2\/users\/6"}],"replies":[{"embeddable":true,"href":"https:\/\/amblapaz.esteri.it\/it\/wp-json\/wp\/v2\/comments?post=2123"}],"version-history":[{"count":6,"href":"https:\/\/amblapaz.esteri.it\/it\/wp-json\/wp\/v2\/pages\/2123\/revisions"}],"predecessor-version":[{"id":3432,"href":"https:\/\/amblapaz.esteri.it\/it\/wp-json\/wp\/v2\/pages\/2123\/revisions\/3432"}],"up":[{"embeddable":true,"href":"https:\/\/amblapaz.esteri.it\/it\/wp-json\/wp\/v2\/pages\/2117"}],"wp:attachment":[{"href":"https:\/\/amblapaz.esteri.it\/it\/wp-json\/wp\/v2\/media?parent=2123"}],"curies":[{"name":"wp","href":"https:\/\/api.w.org\/{rel}","templated":true}]}}