{"id":2135,"date":"2024-06-19T15:29:19","date_gmt":"2024-06-19T19:29:19","guid":{"rendered":"https:\/\/amblapaz.esteri.it\/?page_id=2135"},"modified":"2025-04-23T14:28:22","modified_gmt":"2025-04-23T18:28:22","slug":"documentazione-necessaria-per-il-rilascio-della-cie","status":"publish","type":"page","link":"https:\/\/amblapaz.esteri.it\/it\/servizi-consolari-e-visti\/servizi-per-il-cittadino-italiano\/carta-didentita-elettronica-cie\/documentazione-necessaria-per-il-rilascio-della-cie\/","title":{"rendered":"Documentazione necessaria per il rilascio della CIE"},"content":{"rendered":"<p>Prima di effettuare la prenotazione dell&#8217;appuntamento tramite il Portale <a href=\"https:\/\/prenotami.esteri.it\/\">Prenot@mi<\/a> , il richiedente dovr\u00e0 inviare la documentazione sotto indicata debitamente compilata a <a href=\"mailto:lapaz.cie@esteri.it\">lapaz.cie@esteri.it<\/a>.<\/p>\n<p>Questa documentazione dovr\u00e1 successivamente essere presentata il giorno dell&#8217;appuntamento, in originale, accompagnata da una fotocopia semplice e dalla ricevuta originale di <strong><span style=\"color: #ff00ff;\"><a style=\"color: #ff00ff;\" href=\"https:\/\/amblapaz.esteri.it\/it\/servizi-consolari-e-visti\/servizi-per-il-cittadino-italiano\/carta-didentita-elettronica-cie\/costo-e-validita-della-cie\/\">pagamento<\/a><\/span><\/strong>.<\/p>\n<ol>\n<li>Il Modulo di richiesta (per maggiorenni <a href=\"https:\/\/amblapaz.esteri.it\/wp-content\/uploads\/2025\/04\/CIE_-Modello-_richiesta-maggiorenne.pdf\"><strong><span style=\"color: #ff00ff;\"><u>link<\/u><\/span><\/strong><\/a>, per minorenni\u00a0<span style=\"color: #ff00ff;\"><strong><a style=\"color: #ff00ff;\" href=\"https:\/\/amblapaz.esteri.it\/wp-content\/uploads\/2024\/06\/CIE_-Modello_richiesta_minori-2.pdf\"><u>link<\/u><\/a><\/strong><\/span>)<\/li>\n<li>Una fototessera recente, NON digitalizzata, di 4cm x 4,5cm, a colori, su fondo bianco di buona qualit\u00e0, che ritragga il viso di fronte, a media distanza e con l\u2019arco sopraccigliare scoperto;<\/li>\n<li>Carta di identit\u00e0 precedente e passaporto italiano (solo se gi\u00e0 in possesso), pi\u00f9 il carnet boliviano;<\/li>\n<li>Nel caso in cui il richiedente non sia pi\u00f9 in possesso del precedente documento in seguito a furto o smarrimento \u00e8 necessario portare: la denuncia effettuata presso le autorit\u00e0 di Polizia boliviane;<\/li>\n<li>Atto di assenso di entrambi genitori nel caso in cui il richiedente sia un minore di 18 anni (<strong><span style=\"color: #ff00ff;\"><a style=\"color: #ff00ff;\" href=\"https:\/\/amblapaz.esteri.it\/wp-content\/uploads\/2024\/06\/CIE-form1_-_atto_di_assenso_in_favore_dei_figli_minori-1.pdf\"><u>link<\/u><\/a><\/span><\/strong>);<\/li>\n<li>Se la CIE \u00e8 richiesta per un minorenne, \u00e8 necessario che anche i genitori che accompagnano il minorenne presentino un documento di riconoscimento in corso di validit\u00e0 e una copia.<\/li>\n<\/ol>\n","protected":false},"excerpt":{"rendered":"Prima di effettuare la prenotazione dell&#8217;appuntamento tramite il Portale Prenot@mi , il richiedente dovr\u00e0 inviare la documentazione sotto indicata debitamente compilata a lapaz.cie@esteri.it. Questa documentazione dovr\u00e1 successivamente essere presentata il giorno dell&#8217;appuntamento, in originale, accompagnata da una fotocopia semplice e dalla ricevuta originale di pagamento. Il Modulo di richiesta (per maggiorenni link, per minorenni\u00a0link) Una [&hellip;]","protected":false},"author":6,"featured_media":0,"parent":2117,"menu_order":2,"comment_status":"closed","ping_status":"closed","template":"","meta":{"footnotes":""},"class_list":["post-2135","page","type-page","status-publish","hentry"],"_links":{"self":[{"href":"https:\/\/amblapaz.esteri.it\/it\/wp-json\/wp\/v2\/pages\/2135","targetHints":{"allow":["GET"]}}],"collection":[{"href":"https:\/\/amblapaz.esteri.it\/it\/wp-json\/wp\/v2\/pages"}],"about":[{"href":"https:\/\/amblapaz.esteri.it\/it\/wp-json\/wp\/v2\/types\/page"}],"author":[{"embeddable":true,"href":"https:\/\/amblapaz.esteri.it\/it\/wp-json\/wp\/v2\/users\/6"}],"replies":[{"embeddable":true,"href":"https:\/\/amblapaz.esteri.it\/it\/wp-json\/wp\/v2\/comments?post=2135"}],"version-history":[{"count":7,"href":"https:\/\/amblapaz.esteri.it\/it\/wp-json\/wp\/v2\/pages\/2135\/revisions"}],"predecessor-version":[{"id":4179,"href":"https:\/\/amblapaz.esteri.it\/it\/wp-json\/wp\/v2\/pages\/2135\/revisions\/4179"}],"up":[{"embeddable":true,"href":"https:\/\/amblapaz.esteri.it\/it\/wp-json\/wp\/v2\/pages\/2117"}],"wp:attachment":[{"href":"https:\/\/amblapaz.esteri.it\/it\/wp-json\/wp\/v2\/media?parent=2135"}],"curies":[{"name":"wp","href":"https:\/\/api.w.org\/{rel}","templated":true}]}}