{"id":2164,"date":"2024-06-19T15:53:26","date_gmt":"2024-06-19T19:53:26","guid":{"rendered":"https:\/\/amblapaz.esteri.it\/?page_id=2164"},"modified":"2025-03-24T16:26:19","modified_gmt":"2025-03-24T20:26:19","slug":"rilascio-della-cie-ai-minorenni","status":"publish","type":"page","link":"https:\/\/amblapaz.esteri.it\/it\/servizi-consolari-e-visti\/servizi-per-il-cittadino-italiano\/carta-didentita-elettronica-cie\/rilascio-della-cie-ai-minorenni\/","title":{"rendered":"Rilascio della CIE ai minorenni"},"content":{"rendered":"<p>La domanda per il rilascio della CIE ai minori, presentata all\u2019Ufficio il giorno dell\u2019appuntamento, deve essere firmata da <strong><u>entrambi i genitori<\/u><\/strong> (o da chi esercita la responsabilit\u00e0 genitoriale) o comunque entrambi i genitori devono prestare il loro assenso scritto.<\/p>\n<p><strong>\u00c8 SEMPRE necessaria la <u>presenza personale del minorenne<\/u><\/strong>\u00a0per il quale si richiede la CIE munito di:<\/p>\n<ul>\n<li>il documento precedente o, se non si \u00e8 titolari di carta d\u2019identit\u00e0, altro documento di riconoscimento del richiedente in corso di validit\u00e0;<\/li>\n<li><strong><u>i genitori devono accompagnare il minore<\/u><\/strong> provvisti di un documento di riconoscimento in corso di validit\u00e0 e fotocopia;<\/li>\n<li>una fotografia recente, NON digitalizzata, di 4cm x 4,5cm, a colori, su fondo bianco di buona qualit\u00e0, che ritragga il viso di fronte, a media distanza e con l\u2019arco sopraccigliare scoperto.<\/li>\n<li>nel caso in cui il richiedente non sia pi\u00f9 in possesso del precedente documento in seguito a furto o smarrimento \u00e8 necessario portare: la denuncia effettuata presso le autorit\u00e0 di Polizia boliviane.<\/li>\n<\/ul>\n<p><strong>L\u2019<u>assenso<\/u> al rilascio della CIE di un minore<\/strong> pu\u00f2 essere manifestato in una delle seguenti forme:<\/p>\n<ul>\n<li><strong><u>personalmente<\/u><\/strong> presso questo Consolato il giorno dell\u2019appuntamento (si ricorda che chi d\u00e0 l\u2019assenso deve essere munito di un documento valido di identit\u00e0, in originale e fotocopia semplice);<\/li>\n<li><strong><u>personalmente<\/u><\/strong> presso un qualsiasi Ufficio della Pubblica Amministrazione Italiana (abilitato ad autenticare firme: es. Questura o altre rappresentanze diplomatico-consolari).<\/li>\n<\/ul>\n<p><strong>In caso di mancato possesso di tali requisiti, <u>non<\/u> sar\u00e0 possibile emettere la CIE. Si raccomanda quindi di fare molta attenzione al possesso dei requisiti.<\/strong><\/p>\n","protected":false},"excerpt":{"rendered":"La domanda per il rilascio della CIE ai minori, presentata all\u2019Ufficio il giorno dell\u2019appuntamento, deve essere firmata da entrambi i genitori (o da chi esercita la responsabilit\u00e0 genitoriale) o comunque entrambi i genitori devono prestare il loro assenso scritto. \u00c8 SEMPRE necessaria la presenza personale del minorenne\u00a0per il quale si richiede la CIE munito di: [&hellip;]","protected":false},"author":6,"featured_media":0,"parent":2117,"menu_order":4,"comment_status":"closed","ping_status":"closed","template":"","meta":{"footnotes":""},"class_list":["post-2164","page","type-page","status-publish","hentry"],"_links":{"self":[{"href":"https:\/\/amblapaz.esteri.it\/it\/wp-json\/wp\/v2\/pages\/2164","targetHints":{"allow":["GET"]}}],"collection":[{"href":"https:\/\/amblapaz.esteri.it\/it\/wp-json\/wp\/v2\/pages"}],"about":[{"href":"https:\/\/amblapaz.esteri.it\/it\/wp-json\/wp\/v2\/types\/page"}],"author":[{"embeddable":true,"href":"https:\/\/amblapaz.esteri.it\/it\/wp-json\/wp\/v2\/users\/6"}],"replies":[{"embeddable":true,"href":"https:\/\/amblapaz.esteri.it\/it\/wp-json\/wp\/v2\/comments?post=2164"}],"version-history":[{"count":1,"href":"https:\/\/amblapaz.esteri.it\/it\/wp-json\/wp\/v2\/pages\/2164\/revisions"}],"predecessor-version":[{"id":2167,"href":"https:\/\/amblapaz.esteri.it\/it\/wp-json\/wp\/v2\/pages\/2164\/revisions\/2167"}],"up":[{"embeddable":true,"href":"https:\/\/amblapaz.esteri.it\/it\/wp-json\/wp\/v2\/pages\/2117"}],"wp:attachment":[{"href":"https:\/\/amblapaz.esteri.it\/it\/wp-json\/wp\/v2\/media?parent=2164"}],"curies":[{"name":"wp","href":"https:\/\/api.w.org\/{rel}","templated":true}]}}