{"id":2168,"date":"2024-06-19T15:54:45","date_gmt":"2024-06-19T19:54:45","guid":{"rendered":"https:\/\/amblapaz.esteri.it\/?page_id=2168"},"modified":"2025-01-28T12:45:18","modified_gmt":"2025-01-28T16:45:18","slug":"ritiro-della-cie","status":"publish","type":"page","link":"https:\/\/amblapaz.esteri.it\/it\/servizi-consolari-e-visti\/servizi-per-il-cittadino-italiano\/carta-didentita-elettronica-cie\/ritiro-della-cie\/","title":{"rendered":"Ritiro della CIE"},"content":{"rendered":"<p>La CIE viene spedita dall\u2019Italia a cura della Zecca di Stato all\u2019indirizzo dell\u2019Ambasciata Italiana a La Paz.<\/p>\n<ul>\n<li>Per ritirare la CIE sar\u00e0 necessario recarsi presso l\u2019Ambasciata di La Paz una seconda volta dopo aver ricevuto l\u2019avviso di arrivo della CIE. Si prega di rispondere alla stessa email indicando la data del ritiro (da luned\u00ec a gioved\u00ec dalle 9:00 alle 12:00).<\/li>\n<li>In alternativa si pu\u00f2 delegare una persona di fiducia a ritirare la CIE. In questo caso si dovr\u00e0 indicare il nome completo della persona che ritirer\u00e0 la CIE rispondendo alla stessa email che avvisa dell\u2019arrivo della CIE in sede. La persona delegata deve portare con s\u00e9 una copia del documento del delegante, il modulo della delega (<span style=\"color: #ff00ff;\"><strong><a style=\"color: #ff00ff;\" href=\"https:\/\/amblapaz.esteri.it\/wp-content\/uploads\/2024\/06\/CIE-Delega-per-il-ritiro-1.pdf\"><u>link<\/u><\/a><\/strong><\/span>) e il proprio documento personale in originale pi\u00f9 una fotocopia dello stesso.<\/li>\n<\/ul>\n<p>Inoltre si pu\u00f2 autorizzare al ritiro un corriere di propria fiducia, pagando il relativo costo e firmando una liberatoria in favore dell\u2019Ambasciata, il giorno della richiesta della CIE. Il richiedente, al momento della consegna, dovr\u00e0 firmare il modulo, che incontrerete insieme alla CIE, e inviarlo a <a href=\"mailto:lapaz.cie@esteri.it\">lapaz.cie@esteri.it<\/a>.<\/p>\n","protected":false},"excerpt":{"rendered":"La CIE viene spedita dall\u2019Italia a cura della Zecca di Stato all\u2019indirizzo dell\u2019Ambasciata Italiana a La Paz. Per ritirare la CIE sar\u00e0 necessario recarsi presso l\u2019Ambasciata di La Paz una seconda volta dopo aver ricevuto l\u2019avviso di arrivo della CIE. Si prega di rispondere alla stessa email indicando la data del ritiro (da luned\u00ec a [&hellip;]","protected":false},"author":6,"featured_media":0,"parent":2117,"menu_order":5,"comment_status":"closed","ping_status":"closed","template":"","meta":{"footnotes":""},"class_list":["post-2168","page","type-page","status-publish","hentry"],"_links":{"self":[{"href":"https:\/\/amblapaz.esteri.it\/it\/wp-json\/wp\/v2\/pages\/2168","targetHints":{"allow":["GET"]}}],"collection":[{"href":"https:\/\/amblapaz.esteri.it\/it\/wp-json\/wp\/v2\/pages"}],"about":[{"href":"https:\/\/amblapaz.esteri.it\/it\/wp-json\/wp\/v2\/types\/page"}],"author":[{"embeddable":true,"href":"https:\/\/amblapaz.esteri.it\/it\/wp-json\/wp\/v2\/users\/6"}],"replies":[{"embeddable":true,"href":"https:\/\/amblapaz.esteri.it\/it\/wp-json\/wp\/v2\/comments?post=2168"}],"version-history":[{"count":5,"href":"https:\/\/amblapaz.esteri.it\/it\/wp-json\/wp\/v2\/pages\/2168\/revisions"}],"predecessor-version":[{"id":3463,"href":"https:\/\/amblapaz.esteri.it\/it\/wp-json\/wp\/v2\/pages\/2168\/revisions\/3463"}],"up":[{"embeddable":true,"href":"https:\/\/amblapaz.esteri.it\/it\/wp-json\/wp\/v2\/pages\/2117"}],"wp:attachment":[{"href":"https:\/\/amblapaz.esteri.it\/it\/wp-json\/wp\/v2\/media?parent=2168"}],"curies":[{"name":"wp","href":"https:\/\/api.w.org\/{rel}","templated":true}]}}