{"id":3139,"date":"2025-01-08T12:47:24","date_gmt":"2025-01-08T16:47:24","guid":{"rendered":"https:\/\/amblapaz.esteri.it\/?page_id=3139"},"modified":"2025-01-10T13:17:33","modified_gmt":"2025-01-10T17:17:33","slug":"requisiti","status":"publish","type":"page","link":"https:\/\/amblapaz.esteri.it\/it\/servizi-consolari-e-visti\/servizi-per-il-cittadino-straniero\/cittadinanza\/cittadinanza-per-matrimonio-o-unione-civile\/cittadinanza-per-matrimonio-celebrato-dopo-il-27-04-1983\/requisiti\/","title":{"rendered":"Requisiti"},"content":{"rendered":"<ul>\n<li><span style=\"text-decoration: underline;\">Residenza nella circoscrizione consolare:<br \/>\n<\/span>-Il richiedente dovr\u00e0 indirizzare la domanda alla Rappresentanza diplomatico-consolare competente per la sua residenza, esclusivamente attraverso l\u2019apposito applicativo informatico (vedi oltre: Punto 4, Procedura, Fase 1 \u2013 Registrazione e inserimento istanza).<br \/>\n-Il coniuge\/parte dell\u2019unione civile di nazionalit\u00e0 italiana deve essere residente e regolarmente iscritto all\u2019Anagrafe degli Italiani residenti all\u2019estero (A.I.R.E.) della circoscrizione consolare di competenza e convivente allo stesso indirizzo del richiedente la cittadinanza. In caso contrario, dovr\u00e0 essere fornita da entrambi i coniugi documentazione comprovante la motivazione (es. lavoro, scolarit\u00e0 dei figli, cure mediche o altro), che determina o ha determinato la necessit\u00e0 del domicilio disgiunto.<\/li>\n<\/ul>\n<p>&nbsp;<\/p>\n<ul>\n<li><u>Termini di presentazione<\/u>:<br \/>\nLa domanda pu\u00f2 essere presentata tre anni dopo la celebrazione del matrimonio\/unione civile, se il coniuge \u00e8 cittadino italiano <em>iure sanguinis, <\/em>cio\u00e8 dalla nascita. Se il coniuge italiano ha acquisito la cittadinanza successivamente al matrimonio (ad es. per residenza in Italia), i tre anni decorrono dalla data della naturalizzazione del coniuge. I tre anni vengono ridotti a un anno e mezzo in presenza di figli nati o adottati dai coniugi.<\/li>\n<\/ul>\n<p>&nbsp;<\/p>\n<ul>\n<li><u>Trascrizione e validit\u00e0 del matrimonio\/unione civile<\/u>:<br \/>\n-Se avvenuto all&#8217;estero, deve essere stato precedentemente trascritto presso un Comune in Italia.<br \/>\n-Il vincolo di coniugio\/unione civile deve rimanere valido e stabile fino all\u2019adozione del provvedimento di concessione della cittadinanza. Al fine del conferimento della cittadinanza italiana, alla data di adozione del decreto non deve essere intervenuto lo scioglimento del matrimonio\/unione civile per separazione personale o divorzio. Invece, il decesso del coniuge dopo la presentazione della domanda di cittadinanza non comporta la decadenza dal beneficio.<\/li>\n<\/ul>\n<p>&nbsp;<\/p>\n<ul>\n<li><u>Situazione penale:<br \/>\n<\/u>-Assenza di sentenze di condanna da parte delle Autorit\u00e0 giudiziarie italiane per reati per i quali sia prevista una pena superiore a tre anni di reclusione.<br \/>\n-Assenza di sentenze di condanna da parte delle Autorit\u00e0 giudiziarie straniere ad una pena superiore ad un anno per reati non politici.<br \/>\n-Assenza di condanne per delitti contro la personalit\u00e0 dello Stato e di motivi ostativi per la sicurezza della Repubblica.<\/li>\n<\/ul>\n<p>&nbsp;<\/p>\n<ul>\n<li><strong><u>Conoscenza della lingua italiana non inferiore a livello B1 del Quadro Comune Europeo di Riferimento (QCER)<\/u><\/strong><\/li>\n<\/ul>\n<p>&nbsp;<\/p>\n<ul>\n<li><strong><u>Pagamento delle tasse e percezioni indicate nelle sezioni Documenti e Costi<\/u><\/strong><\/li>\n<\/ul>\n","protected":false},"excerpt":{"rendered":"Residenza nella circoscrizione consolare: -Il richiedente dovr\u00e0 indirizzare la domanda alla Rappresentanza diplomatico-consolare competente per la sua residenza, esclusivamente attraverso l\u2019apposito applicativo informatico (vedi oltre: Punto 4, Procedura, Fase 1 \u2013 Registrazione e inserimento istanza). -Il coniuge\/parte dell\u2019unione civile di nazionalit\u00e0 italiana deve essere residente e regolarmente iscritto all\u2019Anagrafe degli Italiani residenti all\u2019estero (A.I.R.E.) della [&hellip;]","protected":false},"author":4,"featured_media":0,"parent":3123,"menu_order":0,"comment_status":"closed","ping_status":"closed","template":"","meta":{"footnotes":""},"class_list":["post-3139","page","type-page","status-publish","hentry"],"_links":{"self":[{"href":"https:\/\/amblapaz.esteri.it\/it\/wp-json\/wp\/v2\/pages\/3139","targetHints":{"allow":["GET"]}}],"collection":[{"href":"https:\/\/amblapaz.esteri.it\/it\/wp-json\/wp\/v2\/pages"}],"about":[{"href":"https:\/\/amblapaz.esteri.it\/it\/wp-json\/wp\/v2\/types\/page"}],"author":[{"embeddable":true,"href":"https:\/\/amblapaz.esteri.it\/it\/wp-json\/wp\/v2\/users\/4"}],"replies":[{"embeddable":true,"href":"https:\/\/amblapaz.esteri.it\/it\/wp-json\/wp\/v2\/comments?post=3139"}],"version-history":[{"count":3,"href":"https:\/\/amblapaz.esteri.it\/it\/wp-json\/wp\/v2\/pages\/3139\/revisions"}],"predecessor-version":[{"id":3254,"href":"https:\/\/amblapaz.esteri.it\/it\/wp-json\/wp\/v2\/pages\/3139\/revisions\/3254"}],"up":[{"embeddable":true,"href":"https:\/\/amblapaz.esteri.it\/it\/wp-json\/wp\/v2\/pages\/3123"}],"wp:attachment":[{"href":"https:\/\/amblapaz.esteri.it\/it\/wp-json\/wp\/v2\/media?parent=3139"}],"curies":[{"name":"wp","href":"https:\/\/api.w.org\/{rel}","templated":true}]}}