{"id":3151,"date":"2025-01-08T13:07:28","date_gmt":"2025-01-08T17:07:28","guid":{"rendered":"https:\/\/amblapaz.esteri.it\/?page_id=3151"},"modified":"2025-09-22T14:27:31","modified_gmt":"2025-09-22T18:27:31","slug":"documenti-necessari-per-la-richiesta-di-cittadinanza","status":"publish","type":"page","link":"https:\/\/amblapaz.esteri.it\/it\/servizi-consolari-e-visti\/servizi-per-il-cittadino-straniero\/cittadinanza\/cittadinanza-per-matrimonio-o-unione-civile\/cittadinanza-per-matrimonio-celebrato-dopo-il-27-04-1983\/documenti-necessari-per-la-richiesta-di-cittadinanza\/","title":{"rendered":"Documenti"},"content":{"rendered":"<ul>\n<li>Estratto dell\u2019atto di nascita o equivalente, in originale, rilasciato possibilmente da non oltre sei mesi dal Paese in cui si \u00e8 nati, completo di tutte le generalit\u00e0 (incluse paternit\u00e0 e maternit\u00e0), debitamente legalizzato\/apostillato e tradotto in lingua italiana.<\/li>\n<li>Certificati Penali del Paese di origine, degli eventuali Paesi terzi di residenza (a partire dai 14 anni d\u2019et\u00e0) \u2013 tranne l\u2019Italia \u2013 e dei Paesi di cui si possiede la cittadinanza, in originale, rilasciati inderogabilmente da non oltre sei mesi prima della presentazione della domanda, debitamente legalizzati\/apostillati e tradotti in lingua italiana.<\/li>\n<\/ul>\n<p>Il richiedente \u00e8 esonerato dal presentare il certificato penale del Paese di origine solo se lo ha lasciato prima del compimento dei 14 anni e <u>non<\/u> ne ha conservato la cittadinanza.<\/p>\n<p>&nbsp;<\/p>\n<ul>\n<li>Ricevuta del versamento del contributo di 250\u20ac a favore del Ministero dell\u2019Interno, con le modalit\u00e0 indicate nella sezione \u201cCosti\u201d.<\/li>\n<\/ul>\n<p>&nbsp;<\/p>\n<ul>\n<li>Documento di identit\u00e0: fotocopia del passaporto oppure della carta di identit\u00e0 estera in corso di validit\u00e0 (pagine con i dati personali, fotografia, date di rilascio e scadenza).<\/li>\n<\/ul>\n<p>&nbsp;<\/p>\n<ul>\n<li>Copia dell\u2019atto di matrimonio o estratto per riassunto del registro dei matrimoni, da richiedere al competente Comune italiano in cui l\u2019atto risulta trascritto, possibilmente rilasciato da non oltre sei mesi.<\/li>\n<\/ul>\n<p><u>NOTA BENE<\/u>: Qualora il richiedente sia un cittadino UE, potr\u00e0 avvalersi dell\u2019autocertificazione ai sensi del DPR 445\/2000.<\/p>\n<p>&nbsp;<\/p>\n<ul>\n<li><strong>Certificato di conoscenza della lingua italiana<\/strong> non inferiore al livello B1 del Quadro Comune Europeo di Riferimento (QCER). <u>Le certificazioni ammesse sono esclusivamente le seguenti<\/u>:<\/li>\n<li>PLIDA della Societ\u00e0 Dante Alighieri<\/li>\n<li>CertIt dell\u2019Universit\u00e0 Roma Tre<\/li>\n<li>CILS dell\u2019Universit\u00e0 per stranieri di Siena<\/li>\n<li>CELI dell\u2019Universit\u00e0 per stranieri di Perugia<\/li>\n<li>Co.L dell\u2019Universit\u00e0 per stranieri di Reggio Calabria<\/li>\n<\/ul>\n<p>Altre certificazioni provenienti dai suddetti Enti o da altre istituzioni non sono idonee e non potranno essere accettate.<\/p>\n<p>Non sono, invece, tenuti alla presentazione del titolo di conoscenza della lingua italiana:<\/p>\n<ul>\n<li>Gli stranieri (anche se residenti all\u2019estero) che abbiano sottoscritto l\u2019Accordo di integrazione di cui all\u2019art. 4 bis del D.Lgs. n. 286\/1998 Testo Unico Immigrazione.<\/li>\n<li>I titolari di permesso di soggiorno per soggiornanti di lungo periodo UE (o CE) di cui all\u2019articolo 9 del medesimo Testo Unico (anche se residenti all\u2019estero), solo se rilasciato dalle Autorit\u00e0 italiane. I permessi di soggiorno per motivi familiari o quelli emessi da altri Stati non sono idonei.<\/li>\n<li>Coloro che hanno conseguito un titolo di studio emesso da un istituto di istruzione pubblico o paritario riconosciuto dal Ministero dell\u2019Istruzione, dell\u2019Universit\u00e0 e della Ricerca e\/o dal Ministero degli Affari Esteri e della Cooperazione internazionale.<\/li>\n<li>I soggetti affetti da gravi limitazioni alla capacit\u00e0 di apprendimento linguistico derivanti dall\u2019et\u00e0, da patologie o disabilit\u00e0, attestate mediante certificazione rilasciata dalla struttura sanitaria pubblica, per effetto della Sentenza della Corte Costituzionale n. 25\/2025.<\/li>\n<\/ul>\n","protected":false},"excerpt":{"rendered":"Estratto dell\u2019atto di nascita o equivalente, in originale, rilasciato possibilmente da non oltre sei mesi dal Paese in cui si \u00e8 nati, completo di tutte le generalit\u00e0 (incluse paternit\u00e0 e maternit\u00e0), debitamente legalizzato\/apostillato e tradotto in lingua italiana. Certificati Penali del Paese di origine, degli eventuali Paesi terzi di residenza (a partire dai 14 anni [&hellip;]","protected":false},"author":4,"featured_media":0,"parent":3123,"menu_order":2,"comment_status":"closed","ping_status":"closed","template":"","meta":{"footnotes":""},"class_list":["post-3151","page","type-page","status-publish","hentry"],"_links":{"self":[{"href":"https:\/\/amblapaz.esteri.it\/it\/wp-json\/wp\/v2\/pages\/3151","targetHints":{"allow":["GET"]}}],"collection":[{"href":"https:\/\/amblapaz.esteri.it\/it\/wp-json\/wp\/v2\/pages"}],"about":[{"href":"https:\/\/amblapaz.esteri.it\/it\/wp-json\/wp\/v2\/types\/page"}],"author":[{"embeddable":true,"href":"https:\/\/amblapaz.esteri.it\/it\/wp-json\/wp\/v2\/users\/4"}],"replies":[{"embeddable":true,"href":"https:\/\/amblapaz.esteri.it\/it\/wp-json\/wp\/v2\/comments?post=3151"}],"version-history":[{"count":4,"href":"https:\/\/amblapaz.esteri.it\/it\/wp-json\/wp\/v2\/pages\/3151\/revisions"}],"predecessor-version":[{"id":4873,"href":"https:\/\/amblapaz.esteri.it\/it\/wp-json\/wp\/v2\/pages\/3151\/revisions\/4873"}],"up":[{"embeddable":true,"href":"https:\/\/amblapaz.esteri.it\/it\/wp-json\/wp\/v2\/pages\/3123"}],"wp:attachment":[{"href":"https:\/\/amblapaz.esteri.it\/it\/wp-json\/wp\/v2\/media?parent=3151"}],"curies":[{"name":"wp","href":"https:\/\/api.w.org\/{rel}","templated":true}]}}