{"id":3165,"date":"2025-01-08T13:10:06","date_gmt":"2025-01-08T17:10:06","guid":{"rendered":"https:\/\/amblapaz.esteri.it\/?page_id=3165"},"modified":"2025-01-10T13:19:27","modified_gmt":"2025-01-10T17:19:27","slug":"procedura","status":"publish","type":"page","link":"https:\/\/amblapaz.esteri.it\/it\/servizi-consolari-e-visti\/servizi-per-il-cittadino-straniero\/cittadinanza\/cittadinanza-per-matrimonio-o-unione-civile\/cittadinanza-per-matrimonio-celebrato-dopo-il-27-04-1983\/procedura\/","title":{"rendered":"Procedura"},"content":{"rendered":"<p><em>FASE 1 \u2013 <\/em><strong><span style=\"text-decoration: underline;\">REGISTRAZIONE E INSERIMENTO ISTANZA<\/span><\/strong><\/p>\n<p>Il richiedente residente all\u2019estero dovr\u00e0 effettuare la registrazione sul portale del Ministero dell\u2019Interno (<a href=\"https:\/\/portaleservizi.dlci.interno.it\/AliCittadinanza\/ali\/home.htm\"><u>https:\/\/portaleservizi.dlci.interno.it\/AliCittadinanza\/ali\/home.htm<\/u><\/a>) senza l\u2019utilizzo di SPID ma con il proprio indirizzo e-mail.<\/p>\n<p>Si precisa che l\u2019indirizzo e-mail dichiarato sul portale in fase di inoltro della domanda online costituisce domicilio eletto (art. 47 c.c.), si rende pertanto necessaria una frequente consultazione della propria casella di posta elettronica in quanto tutte le comunicazioni relative alla domanda di cittadinanza, ivi comprese richieste di integrazione documentale, convocazioni, notifiche di provvedimenti, ecc. avverranno unicamente tramite canale informatico.<\/p>\n<p><strong>Il richiedente \u00e8 tenuto a registrare i propri dati con la massima attenzione in quanto questi non potranno essere modificati e, in caso di errore, si dovr\u00e0 procedere ad una nuova registrazione con altro indirizzo e-mail. <\/strong>In particolare, andranno riportate le generalit\u00e0 indicate nell\u2019atto di nascita (incluse eventuali annotazioni) e\/o in atti e documenti formati all\u2019estero dalle competenti autorit\u00e0 straniere (quali atti di matrimonio, documenti d\u2019identit\u00e0, sentenze di cambio nome\/cognome, etc.). <em>In caso di discordanze, il richiedente \u00e8 tenuto a fornire opportuna documentazione giustificativa.<\/em><\/p>\n<p>Nella domanda dovr\u00e0 essere dichiarata l&#8217;eventuale convivenza di figli minori del\/della richiedente, nati da una precedente relazione.<\/p>\n<p>Si dovranno dichiarare tutte le residenze dal quattordicesimo anno e non lasciare periodi di tempo non dichiarati.<\/p>\n<p>Non andranno riportati caratteri o segni speciali (per esempio la cediglia, accenti acuti o gravi all\u2019interno della parola, accenti circonflessi, etc.). Sar\u00e0 possibile inserire solo l\u2019accento sull\u2019ultima lettera utilizzando l\u2019apostrofo, qualora ci sia anche nella lingua di origine.<\/p>\n<p>&nbsp;<\/p>\n<p><em>FASE 2 \u2013 <\/em><strong>VERIFICA CONSOLARE<\/strong><\/p>\n<p><strong>\u00a0<\/strong>L\u2019Ufficio Consolare sar\u00e0 automaticamente informato della presentazione della domanda e proceder\u00e0 alle necessarie verifiche. Il richiedente ricever\u00e0 quindi, in modalit\u00e0 telematica tramite il portale del Ministero dell\u2019Interno, una comunicazione relativa all\u2019accettazione o al rifiuto della propria pratica.<\/p>\n<p>In caso di rifiuto della domanda, si potr\u00e0 ripresentare la domanda avendo cura di sanare gli errori indicati nel rifiuto stesso e si potranno riutilizzare i pagamenti gi\u00e0 effettuati, se si ripresenta la domanda entro un anno.<\/p>\n<p>In caso di accettazione, il richiedente sar\u00e0 convocato per via telematica presso la Rappresentanza diplomatico-consolare per l\u2019autentica della firma apposta sulla domanda di cittadinanza, per la consegna di tutta la documentazione cartacea in originale, ivi compresa quella gi\u00e0 trasmessa per via telematica tramite il Portale, per la riscossione delle percezioni consolari previste.<\/p>\n<p>Tutta la documentazione di cui sopra sar\u00e0 conservata in originale dalla Rappresentanza diplomatico-consolare, ad eccezione del documento d\u2019identit\u00e0 e del certificato linguistico, per i quali verr\u00e0 effettuata una copia conforme con relativi pagamenti.<\/p>\n<p>&nbsp;<\/p>\n<p><em>FASE 3 \u2013 <\/em><strong>VALUTAZIONE E TERMINI DEL PROCEDIMENTO<\/strong><\/p>\n<p>La valutazione della domanda e la definizione del procedimento sono di esclusiva competenza del Ministero dell\u2019Interno, entro 24 mesi dalla data di presentazione della domanda, prorogabili fino al massimo di 36 mesi. Qualora al termine della valutazione della pratica il procedimento si concluda positivamente, il Ministero dell\u2019Interno invier\u00e0 il decreto di conferimento della cittadinanza italiana alla Rappresentanza diplomatico-consolare competente per residenza dell\u2019interessato\/a.<\/p>\n<p>&nbsp;<\/p>\n<p><em>FASE 4 \u2013 <\/em>DECRETO, NOTIFICA E GIURAMENTO<\/p>\n<p>Il decreto di conferimento della cittadinanza italiana verr\u00e0 notificato \u2013 tramite portale \u2013 con comunicazione indirizzata al richiedente. All\u2019atto della notifica verranno altres\u00ec richiesti documenti volti a verificare la permanenza del vincolo coniugale, con data successiva al decreto, quali, ad esempio (elenco non esaustivo):<\/p>\n<ul>\n<li>Atto integrale di matrimonio rilasciato dal competente Comune italiano (non l\u2019estratto) e corrispondente atto estero<\/li>\n<li>Certificato penale del Paese di attuale residenza, debitamente legalizzato e tradotto (vedi sezione \u201cDocumenti\u201d)<\/li>\n<\/ul>\n<p>&nbsp;<\/p>\n<p>Alla data di adozione del decreto, quindi, non deve essere intervenuto lo scioglimento del matrimonio o dell\u2019unione civile n\u00e9 la separazione personale (sentenza di separazione). Invece, il decesso del coniuge avvenuto dopo la presentazione della domanda di cittadinanza non comporta la decadenza del beneficio.<\/p>\n<p>Entro e non oltre sei mesi dalla notifica, l\u2019interessato verr\u00e0 convocato presso gli uffici consolari, per prestare giuramento di fedelt\u00e0 alla Repubblica e alle sue leggi. Il termine di sei mesi \u00e8 tassativo, decorso il quale si perder\u00e0 il diritto al conseguimento della cittadinanza.<\/p>\n<p>\u00c8 previsto il pagamento di una percezione, con le modalit\u00e0 indicate nella sezione \u201cCosti\u201d.<\/p>\n<p>L\u2019atto integrale di matrimonio va richiesto al Comune italiano nei cui registri l\u2019atto risulta trascritto; il certificato penale si richiede alle Autorit\u00e0 competenti nel paese di residenza e dovr\u00e0 essere in regola con le disposizioni in materia di legalizzazione\/apostille e traduzione, come spiegato nella sezione \u201cDocumenti\u201d.<\/p>\n<p>La persona interessata prester\u00e0 giuramento di fedelt\u00e0 alla Repubblica italiana pronunciando le seguenti parole:<\/p>\n<p><em>\u201cGIURO DI ESSERE FEDELE ALLA REPUBBLICA E DI OSSERVARE LA <\/em><a href=\"https:\/\/www.cortecostituzionale.it\/documenti\/download\/pdf\/Costituzione_della_Repubblica_italiana.pdf\"><em>COSTITUZIONE<\/em><\/a><em> E LE LEGGI DELLO STATO\u201d<\/em><\/p>\n<p>&nbsp;<\/p>\n<p>L\u2019acquisto della cittadinanza italiana decorrer\u00e0 dal giorno successivo a quello del giuramento.<\/p>\n<p>Il certificato di nascita originale sar\u00e0 inviato per la trascrizione al Comune italiano di riferimento insieme alla richiesta di iscrizione all\u2019AIRE e al verbale dell\u2019avvenuto giuramento.<\/p>\n<p>&nbsp;<\/p>\n","protected":false},"excerpt":{"rendered":"FASE 1 \u2013 REGISTRAZIONE E INSERIMENTO ISTANZA Il richiedente residente all\u2019estero dovr\u00e0 effettuare la registrazione sul portale del Ministero dell\u2019Interno (https:\/\/portaleservizi.dlci.interno.it\/AliCittadinanza\/ali\/home.htm) senza l\u2019utilizzo di SPID ma con il proprio indirizzo e-mail. Si precisa che l\u2019indirizzo e-mail dichiarato sul portale in fase di inoltro della domanda online costituisce domicilio eletto (art. 47 c.c.), si rende pertanto [&hellip;]","protected":false},"author":4,"featured_media":0,"parent":3123,"menu_order":4,"comment_status":"closed","ping_status":"closed","template":"","meta":{"footnotes":""},"class_list":["post-3165","page","type-page","status-publish","hentry"],"_links":{"self":[{"href":"https:\/\/amblapaz.esteri.it\/it\/wp-json\/wp\/v2\/pages\/3165","targetHints":{"allow":["GET"]}}],"collection":[{"href":"https:\/\/amblapaz.esteri.it\/it\/wp-json\/wp\/v2\/pages"}],"about":[{"href":"https:\/\/amblapaz.esteri.it\/it\/wp-json\/wp\/v2\/types\/page"}],"author":[{"embeddable":true,"href":"https:\/\/amblapaz.esteri.it\/it\/wp-json\/wp\/v2\/users\/4"}],"replies":[{"embeddable":true,"href":"https:\/\/amblapaz.esteri.it\/it\/wp-json\/wp\/v2\/comments?post=3165"}],"version-history":[{"count":4,"href":"https:\/\/amblapaz.esteri.it\/it\/wp-json\/wp\/v2\/pages\/3165\/revisions"}],"predecessor-version":[{"id":3263,"href":"https:\/\/amblapaz.esteri.it\/it\/wp-json\/wp\/v2\/pages\/3165\/revisions\/3263"}],"up":[{"embeddable":true,"href":"https:\/\/amblapaz.esteri.it\/it\/wp-json\/wp\/v2\/pages\/3123"}],"wp:attachment":[{"href":"https:\/\/amblapaz.esteri.it\/it\/wp-json\/wp\/v2\/media?parent=3165"}],"curies":[{"name":"wp","href":"https:\/\/api.w.org\/{rel}","templated":true}]}}