{"id":40,"date":"2023-04-11T18:01:19","date_gmt":"2023-04-11T16:01:19","guid":{"rendered":"https:\/\/ambasciatapraga.esteri.it\/?page_id=40"},"modified":"2025-12-31T13:00:39","modified_gmt":"2025-12-31T17:00:39","slug":"gli-uffici","status":"publish","type":"page","link":"https:\/\/amblapaz.esteri.it\/it\/chi-siamo\/gli-uffici\/","title":{"rendered":"Gli Uffici"},"content":{"rendered":"<p><strong>Ambasciata d&#8217;Italia in La Paz<\/strong><\/p>\n<p>Alla fine di evitare assembramenti di pubblico, si pu\u00f2 ricevere\u00a0<strong>solo previo appuntamento, <\/strong>da luned\u00ec a venerd\u00ec dalle 9:00 alle 12:30<br \/>\nAvenida S\u00e1nchez Bustamante n.977-Ed.Torre Pacifico (esq. 16 de Calacoto) La Paz, Bolivia<br \/>\nCentralino: +591 2 2125430-32<br \/>\nCellulare di emergenza (per cittadini italiani): +591 71554805<strong><span style=\"color: #ff0000;\"> -NO PRATICHE CONSOLARI-<\/span><\/strong><\/p>\n<p>Per le pratiche di visto, si ricorda che\u00a0Italia rappresenta ai seguenti paesi: Malta, Eslovaquia y Eslovenia.<\/p>\n<p><strong>Festivit\u00e0 Osservate per il 2026<\/strong><\/p>\n<p>\u2022 Capodanno: gioved\u00ec 01.01.2026<br \/>\n\u2022 Epifania: marted\u00ec 06.01.2026<br \/>\n\u2022 Carnevale: luned\u00ec 16.02.2026<br \/>\n\u2022 Venerd\u00ec Santo: venerd\u00ec 03.04.2026<br \/>\n\u2022 Luned\u00ec di Pasqua: luned\u00ec 06.04.2026<br \/>\n\u2022 Festa dei Lavoratori: venerd\u00ec 01.05.2026<br \/>\n\u2022 Festa Nazionale della Repubblica: marted\u00ec 02.06.2026<br \/>\n\u2022 Festa Nazionale Boliviana: gioved\u00ec 06.08.2026<br \/>\n\u2022 San Francesco (patrono d&#8217;Italia): domenica 04.10.2026<br \/>\n\u2022 Ognissanti: domenica 01.11.2026<br \/>\n\u2022 Natale: venerd\u00ec 25.12.2026<br \/>\n\u2022 Santo Stefano: sabato 26.12.2026<\/p>\n<p><strong>Struttura dell&#8217;Ambasciata d&#8217;Italia a La Paz<\/strong><\/p>\n<p><strong>Ufficio Consolare<\/strong>:<br \/>\nNotarile: <a href=\"mailto:consolare.lapaz@esteri.it\">lapaz.legale@esteri.it<\/a><br \/>\nVisti: <a href=\"mailto:lapaz.visti@esteri.it\">lapaz.visti@esteri.it<\/a><br \/>\nPassaporti: <a href=\"mailto:passaporti.lapaz@esteri.it\">passaporti.lapaz@esteri.it<\/a><br \/>\nCittadinanza: <a href=\"mailto:cittadinanza.lapaz@esteri.it\">cittadinanza.lapaz@esteri.it<\/a><br \/>\nAnagrafe (AIRE): <a href=\"mailto:consolare.lapaz@esteri.it\">consolare.lapaz@esteri.it<\/a><br \/>\nStato civile: <a href=\"mailto:amblapaz.statocivile@esteri.it\">amblapaz.statocivile@esteri.it<\/a><br \/>\nCarta d\u2019identit\u00e1 elettronica (CIE): <a href=\"mailto:lapaz.cie@esteri.it\">lapaz.cie@esteri.it<\/a><br \/>\nPEC:\u00a0<a href=\"mailto:amb.lapaz@cert.esteri.it\">amb.lapaz@cert.esteri.it<\/a><\/p>\n<p><strong>Segreteria dell\u2019Ambasciatore<\/strong>: <a href=\"mailto:segreteria.lapaz@esteri.it\">segreteria.lapaz@esteri.it<\/a><\/p>\n<p><strong>Settore Culturale:<\/strong> <a href=\"mailto:cultura.lapaz@esteri.it\">cultura.lapaz@esteri.it<\/a><\/p>\n<p><strong>Settore Commerciale:<\/strong> <a href=\"mailto:commerciale.lapaz@esteri.it\">commerciale.lapaz@esteri.it<\/a><\/p>\n<p><strong>Ufficio Amministrativo<\/strong>:<br \/>\nE-mail:\u00a0<a href=\"mailto:contabilita.lapaz@esteri.it\">contabilita.lapaz@esteri.it<\/a><br \/>\nE-mail:\u00a0<a href=\"mailto:amm.lapaz@esteri.it\">amm.lapaz@esteri.it<\/a><\/p>\n<p><strong>Consolato Onorario\u00a0a Sucre:<\/strong><br \/>\nConsole Onorario: Marco Castiglion<br \/>\nE-mail:\u00a0<a href=\"mailto:consolatoitalianosucre@yahoo.it\">consolatoitalianosucre@yahoo.it<\/a><\/p>\n<p><strong>Consolato Onorario\u00a0a Santa Cruz de la Sierra<\/strong><br \/>\nConsole Onorario: Gian Marco Pompeo<br \/>\nE-mail:\u00a0<a href=\"mailto:consuladodeitalia.santacruz@gmail.com\">consuladodeitalia.santacruz@gmail.com<\/a><\/p>\n<p><strong>Corrispondente Consolare\u00a0a Cochabamba<\/strong><br \/>\nGino Catacora<br \/>\nE-mail:\u00a0<a href=\"mailto:asuntos.consulares.cbba@gmail.com\">asuntos.consulares.cbba@gmail.com<\/a><\/p>\n<p><strong>Agenzia Italiana per la Cooperazione allo Sviluppo<br \/>\n<\/strong>Carrera 11 #93-53, Bogot\u00e1 (Colombia)<br \/>\nTel: +57 6017456540<br \/>\nE-mail: <a href=\"mailto:bogota@aics.gov.it\">bogota@aics.gov.it<\/a><br \/>\nSito web: <a href=\"https:\/\/bogota.aics.gov.it\/contatti\/\">https:\/\/bogota.aics.gov.it\/contatti\/<\/a><br \/>\nPer la Bolivia cliccare <a href=\"https:\/\/bogota.aics.gov.it\/paesi\/bolivia\/\">qui<\/a><\/p>\n","protected":false},"excerpt":{"rendered":"Ambasciata d&#8217;Italia in La Paz Alla fine di evitare assembramenti di pubblico, si pu\u00f2 ricevere\u00a0solo previo appuntamento, da luned\u00ec a venerd\u00ec dalle 9:00 alle 12:30 Avenida S\u00e1nchez Bustamante n.977-Ed.Torre Pacifico (esq. 16 de Calacoto) La Paz, Bolivia Centralino: +591 2 2125430-32 Cellulare di emergenza (per cittadini italiani): +591 71554805 -NO PRATICHE CONSOLARI- Per le pratiche [&hellip;]","protected":false},"author":1,"featured_media":0,"parent":13,"menu_order":4,"comment_status":"closed","ping_status":"closed","template":"","meta":{"footnotes":""},"class_list":["post-40","page","type-page","status-publish","hentry"],"_links":{"self":[{"href":"https:\/\/amblapaz.esteri.it\/it\/wp-json\/wp\/v2\/pages\/40","targetHints":{"allow":["GET"]}}],"collection":[{"href":"https:\/\/amblapaz.esteri.it\/it\/wp-json\/wp\/v2\/pages"}],"about":[{"href":"https:\/\/amblapaz.esteri.it\/it\/wp-json\/wp\/v2\/types\/page"}],"author":[{"embeddable":true,"href":"https:\/\/amblapaz.esteri.it\/it\/wp-json\/wp\/v2\/users\/1"}],"replies":[{"embeddable":true,"href":"https:\/\/amblapaz.esteri.it\/it\/wp-json\/wp\/v2\/comments?post=40"}],"version-history":[{"count":7,"href":"https:\/\/amblapaz.esteri.it\/it\/wp-json\/wp\/v2\/pages\/40\/revisions"}],"predecessor-version":[{"id":5473,"href":"https:\/\/amblapaz.esteri.it\/it\/wp-json\/wp\/v2\/pages\/40\/revisions\/5473"}],"up":[{"embeddable":true,"href":"https:\/\/amblapaz.esteri.it\/it\/wp-json\/wp\/v2\/pages\/13"}],"wp:attachment":[{"href":"https:\/\/amblapaz.esteri.it\/it\/wp-json\/wp\/v2\/media?parent=40"}],"curies":[{"name":"wp","href":"https:\/\/api.w.org\/{rel}","templated":true}]}}