{"id":43,"date":"2023-04-11T18:10:30","date_gmt":"2023-04-11T16:10:30","guid":{"rendered":"https:\/\/ambasciatapraga.esteri.it\/?page_id=43"},"modified":"2025-11-20T08:41:14","modified_gmt":"2025-11-20T12:41:14","slug":"diplomazia-economica","status":"publish","type":"page","link":"https:\/\/amblapaz.esteri.it\/it\/italia-e-bolivia\/diplomazia-economica\/","title":{"rendered":"Diplomazia economica"},"content":{"rendered":"<p><strong>CAMERA BOLIVIANA ITALIANA DI COMMERCIO E INDUSTRIA (CBICI)<\/strong><\/p>\n<p>E&#8217; stata fondata nella citt\u00e0 di Santa Cruz de la Sierra, dall&#8217;Assemblea Generale Ordinaria dei soci, rappresentanti legali di diverse societ\u00e0 legate al settore imprenditoriale con l&#8217;Italia, costituite in qualit\u00e0 di fondatori il 2 maggio 2019.<\/p>\n<p>Nasce come associazione senza fini di lucro il cui scopo \u00e8 promuovere, sviluppare e rafforzare il commercio, l&#8217;industria e i servizi tra gli imprenditori privati, \u200b\u200bsia in Bolivia che in Italia, con lo scopo primario di studiare, facilitare, incoraggiare e promuovere l&#8217;integrazione nei settori della cooperazione e degli scambi commerciali ed economici, del trasferimento tecnologico, della formazione e del gemellaggio tra i due paesi.<\/p>\n<p>Tra i suoi scopi ci sono principalmente:<\/p>\n<ul>\n<li>garantire la validit\u00e0 dei diritti e il rispetto degli obblighi del commercio, dell&#8217;industria e dei servizi;<\/li>\n<li>contribuire alla maggiore formazione degli imprenditori e dei loro collaboratori, tenendo conto dell&#8217;evoluzione dinamica del commercio, dell&#8217;industria e dei servizi, attraverso seminari, convegni, congressi, mostre ed altre attivit\u00e0;<\/li>\n<li>fungere da Centro di coordinamento per vari incontri d&#8217;affari, con l&#8217;obiettivo di promuovere il commercio, l&#8217;industria, i servizi e gli investimenti internazionali, discutendo i problemi e gli ostacoli del commercio bilaterale;<\/li>\n<li>promuovere l&#8217;integrazione tra il settore pubblico e quello privato, il dialogo tra le istituzioni pubbliche e il settore privato delle imprese, valorizzando le potenzialit\u00e0 dell&#8217;economia comunitaria e il ruolo delle organizzazioni sociali e delle associazioni nei progetti di sviluppo della produzione comunitaria e turistica.<\/li>\n<\/ul>\n<p>Indirizzo: calle C\u00f3rdoba n. 21, Equipetrol, Sta. Cruz de la Sierra<br \/>\nCell: (+591) 76243250<\/p>\n<p><strong>Membri attuali del consiglio:<\/strong><\/p>\n<p>Presidente: Dott.ssa Giovanna Gismondi, <a href=\"mailto:Presidente@camaracbici.com.bo\">presidente@camaracbici.com.bo<\/a><br \/>\nVicepresidente: Ing. Sergio Calabi, <a href=\"mailto:vicepresidente@camaracbici.com.bo\">vicepresidente@camaracbici.com.bo<\/a><br \/>\nSegretario Generale: Lic. Carola Capra, <a href=\"mailto:secretariageneral@camaracbici.com.bo\">secretariageneral@camaracbici.com.bo<\/a><br \/>\nTesoriere: Sig.ra Rosa Maria Colamarino, <a href=\"mailto:tesoriere@camaracbici.com.bo\">tesoriere@camaracbici.com.bo<\/a><br \/>\nMembro 1: Ing. Lizeth Garc\u00eda, <a href=\"mailto:vocaldirector1@camaracbici.com.bo\">vocaldirector1@camaracbici.com.bo<\/a><br \/>\nMembro 2: Ing. Milenka Espinoza, <a href=\"mailto:vocaldirector2@camaracbici.com.bo\">vocaldirector2@camaracbici.com.bo<\/a><\/p>\n","protected":false},"excerpt":{"rendered":"CAMERA BOLIVIANA ITALIANA DI COMMERCIO E INDUSTRIA (CBICI) E&#8217; stata fondata nella citt\u00e0 di Santa Cruz de la Sierra, dall&#8217;Assemblea Generale Ordinaria dei soci, rappresentanti legali di diverse societ\u00e0 legate al settore imprenditoriale con l&#8217;Italia, costituite in qualit\u00e0 di fondatori il 2 maggio 2019. Nasce come associazione senza fini di lucro il cui scopo \u00e8 [&hellip;]","protected":false},"author":1,"featured_media":0,"parent":14,"menu_order":0,"comment_status":"closed","ping_status":"closed","template":"","meta":{"footnotes":""},"class_list":["post-43","page","type-page","status-publish","hentry"],"_links":{"self":[{"href":"https:\/\/amblapaz.esteri.it\/it\/wp-json\/wp\/v2\/pages\/43","targetHints":{"allow":["GET"]}}],"collection":[{"href":"https:\/\/amblapaz.esteri.it\/it\/wp-json\/wp\/v2\/pages"}],"about":[{"href":"https:\/\/amblapaz.esteri.it\/it\/wp-json\/wp\/v2\/types\/page"}],"author":[{"embeddable":true,"href":"https:\/\/amblapaz.esteri.it\/it\/wp-json\/wp\/v2\/users\/1"}],"replies":[{"embeddable":true,"href":"https:\/\/amblapaz.esteri.it\/it\/wp-json\/wp\/v2\/comments?post=43"}],"version-history":[{"count":6,"href":"https:\/\/amblapaz.esteri.it\/it\/wp-json\/wp\/v2\/pages\/43\/revisions"}],"predecessor-version":[{"id":5264,"href":"https:\/\/amblapaz.esteri.it\/it\/wp-json\/wp\/v2\/pages\/43\/revisions\/5264"}],"up":[{"embeddable":true,"href":"https:\/\/amblapaz.esteri.it\/it\/wp-json\/wp\/v2\/pages\/14"}],"wp:attachment":[{"href":"https:\/\/amblapaz.esteri.it\/it\/wp-json\/wp\/v2\/media?parent=43"}],"curies":[{"name":"wp","href":"https:\/\/api.w.org\/{rel}","templated":true}]}}