{"id":49,"date":"2023-04-11T18:13:11","date_gmt":"2023-04-11T16:13:11","guid":{"rendered":"https:\/\/ambasciatapraga.esteri.it\/?page_id=49"},"modified":"2024-09-05T11:34:12","modified_gmt":"2024-09-05T15:34:12","slug":"passaporti-e-carte-didentita","status":"publish","type":"page","link":"https:\/\/amblapaz.esteri.it\/it\/servizi-consolari-e-visti\/servizi-per-il-cittadino-italiano\/passaporti-e-carte-didentita\/","title":{"rendered":"Passaporti"},"content":{"rendered":"<p>Codesta Cancelleria Consolare rilascia unicamente passaporti elettronici di seconda generazione. Pertanto si rende imprescindibile che gli interessati, all\u2019atto del rilascio del passaporto, si presentino personalmente al fine della captazione delle impronte digitali.<\/p>\n<p>L\u2019obbligo di inserimento delle impronte digitali nel passaporto \u00e8 stato disposto dalla normativa europea. Tale disposizione comporta quindi che tutti i cittadini europei siano tenuti a tale adempimento, che rende necessaria la presenza del richiedente presso l\u2019ufficio emittente.<\/p>\n<p><strong>I passaporti elettronici sono validi per l\u2019ingresso negli USA. Non \u00e8 necessaria la validit\u00e0 di 6 mesi come da circolare dell\u2019Ambasciata degli Stati Uniti d\u2019America \u2013 Sezione Consolare.<\/strong><\/p>\n<p><strong>Per l\u2019ingresso di turismo\/business negli USA \u00e8 necessaria l\u2019autorizzazione ESTA.<\/strong><\/p>\n<p>Prima di intraprendere un viaggio, si suggerisce di contattare sempre le Rappresentanze Diplomatiche dei Paesi di destinazione, al fine di verificare le formalit\u00e0 richieste per l\u2019ingresso.<\/p>\n<p>Anticipatamente all\u2019acquisto di qualsiasi titolo di viaggio (es. Biglietto aereo) che preveda l\u2019obbligo dell\u2019uso del Passaporto apporre la massima attenzione per quanto riguarda le requisiti per la validit\u00e0 del passaporto.<\/p>\n<p><strong>INFORMAZIONI GENERALI<\/strong><\/p>\n<p>Si ricorda che \u00e8 obbligo per tutti i cittadini italiani di regolarizzare lo stato civile e anagrafe e pertanto si raccomanda che tale aggiornamento avvenga prima dell\u2019eventuale richiesta del passaporto.<\/p>\n<p>I passaporti <strong>NON SONO RINNOVABILI<\/strong>.<\/p>\n<p>Di norma, possono richiedere il rilascio del passaporto presso la Cancelleria consolare dell\u2019Ambasciata d\u2019Italia a La Paz i cittadini italiani residenti in Bolivia e iscritti all\u2019A.I.R.E. (Anagrafe degli Italiani Residenti all&#8217;Estero); in casi particolari, motivati e documentati, il passaporto pu\u00f2 essere rilasciato a cittadini italiani non residenti (dopo aver acquisito la delega da parte della Questura o Consolato competente per residenza).<\/p>\n<p>Pertanto, chi non risulta registrato nella banca dati A.I.R.E. dovr\u00e0 prima regolarizzare la propria iscrizione anagrafica tramite il portale <a href=\"https:\/\/serviziconsolari.esteri.it\/ScoFE\/index.sco\"><strong>FAST IT<\/strong><\/a>.<\/p>\n<p>Nel caso si sia cambiato indirizzo di residenza (rispetto a quello comunicato all\u2019Ufficio consolare), \u00e8 necessario chiedere la variazione di indirizzo tramite il portale <a href=\"https:\/\/serviziconsolari.esteri.it\/ScoFE\/index.sco\"><strong>FAST IT<\/strong><\/a>.<\/p>\n<p><strong>COSTO E VALIDIT\u00c0 DEL PASSAPORTO<\/strong><\/p>\n<p>Il costo del rilascio del passaporto \u00e8 di Euro 116 (equivalente en Bolivianos).<\/p>\n<p>Il pagamento deve essere effettuato esclusivamente in Bolivianos (Bs).<\/p>\n<p>Il rilascio del passaporto \u00e8 gratuito nei seguenti casi:<\/p>\n<ul>\n<li>il richiedente italiano \u00e8 indigente<\/li>\n<li>il richiedente italiano \u00e8 un ministro del culto o un religioso missionario (in questo caso deve essere presentata una dichiarazione del superiore, in carta timbrata, attestando che il richiedente \u00e8 religioso missionario, con l&#8217;indicazione della sua residenza).<\/li>\n<\/ul>\n<p><strong>&gt; Quali sono le modalit\u00e0 di pagamento?<\/strong><\/p>\n<p>Il pagamento va effettuato presso qualunque succursale della Banca BCP<\/p>\n<p><strong>&gt; Quanto tempo vale il passaporto?<\/strong><\/p>\n<p>La validit\u00e0 del passaporto varia a seconda dell&#8217;et\u00e0 del titolare ed \u00e8 di:<\/p>\n<p>\u2022 3 anni per i minori di et\u00e0 compresa tra 0 e 3 anni;<br \/>\n\u2022 5 anni per i minori di et\u00e0 compresa tra 3 anni e il raggiungimento della maggiore et\u00e0 (18 anni);<br \/>\n\u2022 10 anni dai 18 anni di et\u00e0.<\/p>\n<p>Per richiedere il rilascio del passaporto \u00e8 necessario prendere un appuntamento tramite il <a href=\"https:\/\/prenotami.esteri.it\/\">Prenot@mi<\/a>. <strong>Va preso un appuntamento per ciascun richiedente e NON un solo appuntamento per tutta la famiglia. E\u2019 necessario l\u2019appuntamento anche per il rilascio di passaporto a minori.<\/strong><\/p>\n<p><strong>DOCUMENTI NECESSARI PER IL RILASCIO DEL PASSAPORTO<\/strong><\/p>\n<p>La documentazione sotto indicata deve essere prodotta in originale, accompagnata da una fotocopia semplice.<\/p>\n<p>L\u2019Ufficio Passaporti si riserva comunque, dopo aver valutato ogni singolo caso, la facolt\u00e0 di richiedere eventuale ulteriore documentazione che dovesse ritenere necessaria.<\/p>\n<p><strong>ATTENZIONE: Prima della richiesta di passaporto la situazione anagrafica e di stato civile devono essere aggiornate<\/strong> (cambi di residenza, matrimonio, nascita di figli, divorzio, ecc.).<\/p>\n<p><strong>Cittadini italiani<\/strong><\/p>\n<ul>\n<li>il passaporto precedente o, se non si \u00e8 titolari di passaporto, altro documento di riconoscimento del richiedente in corso di<br \/>\nvalidit\u00e0 ; se il passaporto \u00e8 richiesto per un minorenne, \u00e8 necessario che anche\u00a0i genitori\u00a0che accompagnano presentino un documento di riconoscimento in corso di validit\u00e0 e la copia;<\/li>\n<li>2 fotografie uguali recenti, NON digitalizzate, di 4cm x 4,5cm, a colori, su fondo bianco di buona qualit\u00e0, che ritraggano il viso di fronte, a media distanza e con l\u2019arco sopraccigliare scoperto;<\/li>\n<li>nel caso in cui il richiedente non sia pi\u00f9 in possesso del precedente documento in seguito a furto o smarrimento \u00e8 necessario portare: la denuncia effettuata presso le autorit\u00e0 di Polizia boliviane;<\/li>\n<li>fotocopia del documento d&#8217; identit\u00e0 emesso dalle autorit\u00e0 locali.<\/li>\n<\/ul>\n<p>Nel caso in cui il richiedente abbia cambiato indirizzo di residenza rispetto a quello registrato presso la Cancelleria Consolare, \u00e8 necessario chiedere la variazione di indirizzo tramite il portale <a href=\"https:\/\/serviziconsolari.esteri.it\/ScoFE\/index.sco\"><strong>FAST IT<\/strong><\/a>.<\/p>\n<p><strong>Richiedenti minori di 18 anni<\/strong><\/p>\n<p>Per il rilascio di Passaporti a minori di 18 anni \u00e8 necessario l\u2019assenso di <strong>entrambi i genitori<\/strong> espresso in una delle forme elencate al punto precedente.<\/p>\n<p><strong>\u00c8 SEMPRE necessaria la presenza personale del minorenne<\/strong> per il quale si richiede il passaporto munito di:<\/p>\n<ul>\n<li>il passaporto precedente o, se non si \u00e8 titolari di passaporto, altro documento di riconoscimento del richiedente in corso di validit\u00e0 ;<\/li>\n<li>i genitori devono accompagnare il minore provvisti di un documento di riconoscimento in corso di validit\u00e0 e fotocopia;<\/li>\n<li>2 fotografie uguali recenti, NON digitalizzate, di 4cm x 4,5cm, a colori, su fondo bianco di buona qualit\u00e0, che ritraggano il viso di fronte, a media distanza e con l\u2019arco sopraccigliare scoperto.<\/li>\n<li>nel caso in cui il richiedente non sia pi\u00f9 in possesso del precedente documento in seguito a furto o smarrimento \u00e8 necessario portare: la denuncia effettuata presso le autorit\u00e0 di Polizia boliviane;<\/li>\n<li>fotocopia del documento d&#8217; identit\u00e0 emesso dalle autorit\u00e0 locali.<\/li>\n<\/ul>\n<p>Tutti i minorenni devono essere in possesso di passaporto individuale.<\/p>\n<p>Il minore potr\u00e0 viaggiare all\u2019estero solo con un libretto passaporto individuale.<\/p>\n<p>Al contempo i passaporti dei genitori con iscrizioni di figli minori rimangono validi per il solo titolare fino alla naturale scadenza. Anche i passaporti individuali rilasciati ai minori, anteriormente alla nuova normativa (25.11.2009), con durata decennale, restano validi fino la scadenza.<\/p>\n<p>Normativa di riferimento: Legge n. 1185 del 21.11.1967 e modifiche.<\/p>\n<p><strong>In caso di mancato possesso di tali requisiti, non sar\u00e0 possibile emettere il passaporto. Si raccomanda quindi di fare molta attenzione al possesso dei requisiti.<\/strong><\/p>\n<p><strong>CASI DI FURTO O SMARRIMENTO DEL PASSAPORTO<\/strong><\/p>\n<p>In caso di furto o smarrimento del passaporto, al connazionale in situazione di emergenza, residente in Italia o in altro Paese, e per il quale non si faccia in tempo ad esprimere la necessaria istruttoria per l\u2019emissione di un nuovo passaporto, potr\u00e0 essere rilasciato un documento di viaggio di emergenza (Emergency Travel Document &#8211; ETD) valido solamente per il viaggio di rientro in Italia o nel Paese di residenza anagrafica all\u2019estero, in casi eccezionali, per un\u2019altra destinazione.<\/p>\n<p>N.B. Quando il Paese di residenza anagrafica sia al di fuori dell\u2019UE si consiglia di verificare con la Rappresentanza Diplomatica-Consolare competente la validit\u00e0 dell\u2019ETD ai fini dell\u2019ingresso.<\/p>\n<p>L\u2019interessato dovr\u00e0 presentarsi presso questa Cancelleria Consolare munito di:<\/p>\n<ul>\n<li>Documento di riconoscimento in corso di validit\u00e0 (e copia)<\/li>\n<li>Denuncia di furto o smarrimento del passaporto resa presso l\u2019Autorit\u00e0 Locale di Polizia rilasciata nella data odierna o nei primi giorni precedenti alla presentazione (massimo 3 mesi)<\/li>\n<li>2 fotografie uguali recenti, NON digitalizzate, di 4cm x 4,5cm, a colori, su fondo bianco di buona qualit\u00e0, che ritraggano il viso di fronte, a media distanza e con l\u2019arco sopraccigliare scoperto<\/li>\n<li>Biglietto di viaggio per il rientro (non \u00e8 sufficiente la sola prenotazione)<\/li>\n<li>Costo di Euro 1,55 (equivalente in Bolivianos) da pagare in contanti<\/li>\n<\/ul>\n<p>Il pagamento deve essere effettuato esclusivamente in Bolivianos (Bs).<\/p>\n<p>Nel caso invece necessitino di nuovo passaporto, perch\u00e9 devono attraversare altre frontiere prima di far rientro in Italia, l\u2019Ufficio provveder\u00e0 a richiedere all\u2019Autorit\u00e0 Italiana competente (Questura o altro Consolato) il Nulla Osta e la delega per il rilascio del nuovo passaporto. Questo solo e sempre se provvisti di un qualsiasi documento d\u2019identit\u00e0 valido.<\/p>\n<p><strong>AVVERTENZE GENERALI<\/strong><\/p>\n<p><strong>Si suggerisce di presentare la richiesta con congruo anticipo rispetto alla data di un eventuale viaggio.<\/strong><\/p>\n<p><strong>Si consiglia, ai connazionali, di evitare di prendere impegni di viaggio avendo il passaporto scaduto o senza la validit\u00e0 necessaria per l\u2019ingresso al Paese di destinazione.<\/strong><\/p>\n<p><strong>Il richiedente deve aver aggiornato la propria posizione anagrafica e di stato civile prima di presentare richiesta per il rilascio del passaporto.<\/strong><\/p>\n<p>Contatti dell&#8217;Ufficio Passaporti: <a href=\"mailto:passaporti.lapaz@esteri.it\">passaporti.lapaz@esteri.it<\/a><\/p>\n<p>Per ulteriori informazioni ed approfondimenti, si suggerisce di cliccare al seguente link: Informazioni generali sul sito del <a href=\"https:\/\/www.esteri.it\/mae\/it\/servizi\/italiani-all-estero\/documenti_di_viaggio\/passaporto.html\">Ministero degli Affari Esteri e della Cooperazione Internazionale<\/a><\/p>\n","protected":false},"excerpt":{"rendered":"Codesta Cancelleria Consolare rilascia unicamente passaporti elettronici di seconda generazione. Pertanto si rende imprescindibile che gli interessati, all\u2019atto del rilascio del passaporto, si presentino personalmente al fine della captazione delle impronte digitali. L\u2019obbligo di inserimento delle impronte digitali nel passaporto \u00e8 stato disposto dalla normativa europea. Tale disposizione comporta quindi che tutti i cittadini europei [&hellip;]","protected":false},"author":1,"featured_media":0,"parent":47,"menu_order":0,"comment_status":"closed","ping_status":"closed","template":"","meta":{"footnotes":""},"class_list":["post-49","page","type-page","status-publish","hentry"],"_links":{"self":[{"href":"https:\/\/amblapaz.esteri.it\/it\/wp-json\/wp\/v2\/pages\/49","targetHints":{"allow":["GET"]}}],"collection":[{"href":"https:\/\/amblapaz.esteri.it\/it\/wp-json\/wp\/v2\/pages"}],"about":[{"href":"https:\/\/amblapaz.esteri.it\/it\/wp-json\/wp\/v2\/types\/page"}],"author":[{"embeddable":true,"href":"https:\/\/amblapaz.esteri.it\/it\/wp-json\/wp\/v2\/users\/1"}],"replies":[{"embeddable":true,"href":"https:\/\/amblapaz.esteri.it\/it\/wp-json\/wp\/v2\/comments?post=49"}],"version-history":[{"count":3,"href":"https:\/\/amblapaz.esteri.it\/it\/wp-json\/wp\/v2\/pages\/49\/revisions"}],"predecessor-version":[{"id":2557,"href":"https:\/\/amblapaz.esteri.it\/it\/wp-json\/wp\/v2\/pages\/49\/revisions\/2557"}],"up":[{"embeddable":true,"href":"https:\/\/amblapaz.esteri.it\/it\/wp-json\/wp\/v2\/pages\/47"}],"wp:attachment":[{"href":"https:\/\/amblapaz.esteri.it\/it\/wp-json\/wp\/v2\/media?parent=49"}],"curies":[{"name":"wp","href":"https:\/\/api.w.org\/{rel}","templated":true}]}}