{"id":5974,"date":"2026-03-12T11:52:51","date_gmt":"2026-03-12T15:52:51","guid":{"rendered":"https:\/\/amblapaz.esteri.it\/?page_id=5974"},"modified":"2026-03-13T10:10:52","modified_gmt":"2026-03-13T14:10:52","slug":"comunicazione-della-variazione-della-residenza-in-bolivia-tramite-il-portale-fast-it","status":"publish","type":"page","link":"https:\/\/amblapaz.esteri.it\/it\/servizi-consolari-e-visti\/servizi-per-il-cittadino-italiano\/anagrafe\/comunicazione-della-variazione-della-residenza-in-bolivia-tramite-il-portale-fast-it\/","title":{"rendered":"Comunicazione della variazione della residenza in Bolivia tramite il Portale \u201cFast-It\u201d"},"content":{"rendered":"<p>Dopo aver effettuato l\u2019iscrizione al Portale dei Servizi Consolari \u00e8 possibile, se si \u00e8 gi\u00e0 iscritti all\u2019AIRE, <strong>comunicare il nuovo indirizzo di residenza all\u2019interno della stessa circoscrizione consolare<\/strong>. La richiesta verr\u00e0 inoltrata alla nostra Cancelleria Consolare che effettuer\u00e0 le modifiche richieste e comunicher\u00e0 l\u2019aggiornamento dei dati al proprio Comune di iscrizione AIRE. Si prega di comunicare il proprio indirizzo in modo corretto e completo, attenendosi alle istruzioni indicate qua sotto. Ricordiamo che il mancato aggiornamento delle informazioni relative all\u2019indirizzo rende impossibile il contatto con il cittadino e il ricevimento della cartolina o del plico elettorale in caso di votazioni.<\/p>\n<p>Ogni cittadino italiano MAGGIORENNE potr\u00e0 presentare richiesta di variazione della propria residenza per lui e per i familiari conviventi di cittadinanza italiana. Qualora tuttavia si dovesse richiedere anche la registrazione di un familiare i cui atti di stato civile matrimonio, divorzio, nascite figli) non sono stati trascritti in precedenza, sar\u00e0 necessario regolarizzare previamente la posizione seguendo le istruzioni presenti nella sezione \u201c<a href=\"https:\/\/amblapaz.esteri.it\/it\/servizi-consolari-e-visti\/servizi-per-il-cittadino-italiano\/stato-civile\/\">Stato Civile<\/a>\u201d della nostra pagina web.<\/p>\n<p><strong>ISTRUZIONI PRATICHE<\/strong>:<\/p>\n<p><strong>Compila la richiesta<\/strong>:<\/p>\n<p>Dopo aver compilato i campi richiesti nel modulo on line, sar\u00e0 necessario anche allegare:<\/p>\n<p>\u2022 <strong>ALLEGATO A<\/strong> \u2013 Scansione di un documento italiano in corso di validit\u00e0 (passaporto o carta d\u2019identit\u00e0) di tutti i componenti del nucleo familiare di cittadinanza italiana, residenti nella stessa abitazione;<br \/>\n\u2022 <strong>ALLEGATO B<\/strong> \u2013 Scansione del modulo di richiesta firmato<\/p>\n<p><strong>RICORDA!<\/strong> Il sistema di upload del sito respinge qualsiasi allegato di dimensioni superiori a 1.0 MB (o 1024KB). Del resto non \u00e8 necessario utilizzare lo scanner al massimo della potenzialit\u00e0 per ottenere una versione digitale del documento da inviare.<\/p>\n<p>Come convertire in digitale un documento cartaceo nel migliore dei modi:<br \/>\nIn generale lo scanner pu\u00f2 essere impostato con i seguenti parametri: Risoluzione: 200 dpi<br \/>\nUna risoluzione da 150 dpi a 200 dpi di solito offre una immagine di buona qualit\u00e0 che permette una lettura ed una stampa sufficientemente fedele ed accurata rispetto al documento originale.<br \/>\nColore: scala di grigi (gray scale) (NON usare colore se non \u00e8 espressamente richiesto)<br \/>\nFormato: jpeg o pdf consigliati<\/p>\n<p>In questo modo si otterr\u00e0 un documento molto pi\u00f9 leggero ma sempre perfettamente leggibile e stampabile.<\/p>\n<p>\u2013 <strong>Inoltra la richiesta<\/strong>.<\/p>\n<p><strong>IMPORTANTE: PIN<\/strong> \u2013 Si informa che il numero PIN richiamato nel portale \u201c<a href=\"https:\/\/serviziconsolari.esteri.it\/home\">Fast It<\/a>\u201d non \u00e8 necessario per la richiesta di iscrizione all\u00b4A.I.R.E. Si precisa inoltre che le funzioni del portale che necessitano del PIN non sono ancora state abilitate dal Ministero degli Affari Esteri e della Cooperazione Internazionale. Si specifica che non \u00e8 possibile per gli utenti generare autonomamente il proprio PIN e che questa Ambasciata pubblicher\u00e0 sul sito web un avviso specifico relativo al rilascio del PIN, non appena questo servizio sar\u00e0 reso disponibile.<\/p>\n","protected":false},"excerpt":{"rendered":"Dopo aver effettuato l\u2019iscrizione al Portale dei Servizi Consolari \u00e8 possibile, se si \u00e8 gi\u00e0 iscritti all\u2019AIRE, comunicare il nuovo indirizzo di residenza all\u2019interno della stessa circoscrizione consolare. La richiesta verr\u00e0 inoltrata alla nostra Cancelleria Consolare che effettuer\u00e0 le modifiche richieste e comunicher\u00e0 l\u2019aggiornamento dei dati al proprio Comune di iscrizione AIRE. Si prega di [&hellip;]","protected":false},"author":4,"featured_media":0,"parent":344,"menu_order":0,"comment_status":"closed","ping_status":"closed","template":"","meta":{"footnotes":""},"class_list":["post-5974","page","type-page","status-publish","hentry"],"_links":{"self":[{"href":"https:\/\/amblapaz.esteri.it\/it\/wp-json\/wp\/v2\/pages\/5974","targetHints":{"allow":["GET"]}}],"collection":[{"href":"https:\/\/amblapaz.esteri.it\/it\/wp-json\/wp\/v2\/pages"}],"about":[{"href":"https:\/\/amblapaz.esteri.it\/it\/wp-json\/wp\/v2\/types\/page"}],"author":[{"embeddable":true,"href":"https:\/\/amblapaz.esteri.it\/it\/wp-json\/wp\/v2\/users\/4"}],"replies":[{"embeddable":true,"href":"https:\/\/amblapaz.esteri.it\/it\/wp-json\/wp\/v2\/comments?post=5974"}],"version-history":[{"count":2,"href":"https:\/\/amblapaz.esteri.it\/it\/wp-json\/wp\/v2\/pages\/5974\/revisions"}],"predecessor-version":[{"id":6016,"href":"https:\/\/amblapaz.esteri.it\/it\/wp-json\/wp\/v2\/pages\/5974\/revisions\/6016"}],"up":[{"embeddable":true,"href":"https:\/\/amblapaz.esteri.it\/it\/wp-json\/wp\/v2\/pages\/344"}],"wp:attachment":[{"href":"https:\/\/amblapaz.esteri.it\/it\/wp-json\/wp\/v2\/media?parent=5974"}],"curies":[{"name":"wp","href":"https:\/\/api.w.org\/{rel}","templated":true}]}}