{"id":5996,"date":"2026-03-12T12:57:58","date_gmt":"2026-03-12T16:57:58","guid":{"rendered":"https:\/\/amblapaz.esteri.it\/?page_id=5996"},"modified":"2026-03-12T13:10:45","modified_gmt":"2026-03-12T17:10:45","slug":"come-fare-per-iscriversi-alla-i-r-e","status":"publish","type":"page","link":"https:\/\/amblapaz.esteri.it\/it\/servizi-consolari-e-visti\/servizi-per-il-cittadino-italiano\/anagrafe\/come-fare-per-iscriversi-alla-i-r-e\/","title":{"rendered":"Come fare per iscriversi all\u2019A.I.R.E."},"content":{"rendered":"<p><strong>Si invita l\u2019utenza ad utilizzare il portale \u201cFast-It\u201d <\/strong>(<a href=\"https:\/\/serviziconsolari.esteri.it\/\">https:\/\/serviziconsolari.esteri.it\/<\/a>) per l\u2019iscrizione all\u2019AIRE e per la comunicazione della variazione della residenza in Bolivia. Ciononostante, <strong>\u00e8 ancora possibile realizzare le predette operazioni anche attraverso le seguenti modalit\u00e0<\/strong>:<\/p>\n<p><strong>ISCRIZIONE AIRE: <\/strong>Sar\u00e0 necessario allegare la seguente documentazione allo sportello:<\/p>\n<p>1)<strong> Apposito formulario di richiesta<\/strong> compilato in ogni sua parte e firmato;<\/p>\n<p>2) <strong>Copia del passaporto italiano o carta di identit\u00e0 italiana<\/strong>;<\/p>\n<p>3) <strong>Copia del \u201cCarnet de Extranjer\u00eda\u201d<\/strong><\/p>\n<p>4) <strong>Bolletta di un servizio o contratto d&#8217;affitto<\/strong><\/p>\n<p>IMPORTANTE: Ogni cittadino italiano MAGGIORENNE potr\u00e0 presentare richiesta di iscrizione AIRE per lui e per i familiari conviventi di cittadinanza italiana. Qualora tuttavia si dovesse richiedere anche la registrazione di un familiare i cui atti di stato civile (matrimonio, divorzio, nascite figli) non sono stati trascritti in precedenza, sar\u00e0 necessario regolarizzare previamente la posizione seguendo le istruzioni presenti nella sezione \u201c<a href=\"https:\/\/amblapaz.esteri.it\/it\/servizi-consolari-e-visti\/servizi-per-il-cittadino-italiano\/stato-civile\/\">Stato Civile<\/a>\u201d della nostra pagina web.<\/p>\n<p><strong>In caso di obiettiva e comprovata difficolt\u00e0 nell\u2019utilizzo del portale \u201cFast-It\u201d o di Prenot@mi per questo servizio, si invitano i connazionali a scrivere direttamente all\u2019indirizzo <a href=\"mailto:cancconsolare.lima@esteri.it\">consolare.lapaz@esteri.it<\/a>, dettagliando puntualmente le criticit\u00e0 sperimentate.<\/strong><\/p>\n","protected":false},"excerpt":{"rendered":"Si invita l\u2019utenza ad utilizzare il portale \u201cFast-It\u201d (https:\/\/serviziconsolari.esteri.it\/) per l\u2019iscrizione all\u2019AIRE e per la comunicazione della variazione della residenza in Bolivia. Ciononostante, \u00e8 ancora possibile realizzare le predette operazioni anche attraverso le seguenti modalit\u00e0: ISCRIZIONE AIRE: Sar\u00e0 necessario allegare la seguente documentazione allo sportello: 1) Apposito formulario di richiesta compilato in ogni sua parte [&hellip;]","protected":false},"author":4,"featured_media":0,"parent":344,"menu_order":0,"comment_status":"closed","ping_status":"closed","template":"","meta":{"footnotes":""},"class_list":["post-5996","page","type-page","status-publish","hentry"],"_links":{"self":[{"href":"https:\/\/amblapaz.esteri.it\/it\/wp-json\/wp\/v2\/pages\/5996","targetHints":{"allow":["GET"]}}],"collection":[{"href":"https:\/\/amblapaz.esteri.it\/it\/wp-json\/wp\/v2\/pages"}],"about":[{"href":"https:\/\/amblapaz.esteri.it\/it\/wp-json\/wp\/v2\/types\/page"}],"author":[{"embeddable":true,"href":"https:\/\/amblapaz.esteri.it\/it\/wp-json\/wp\/v2\/users\/4"}],"replies":[{"embeddable":true,"href":"https:\/\/amblapaz.esteri.it\/it\/wp-json\/wp\/v2\/comments?post=5996"}],"version-history":[{"count":2,"href":"https:\/\/amblapaz.esteri.it\/it\/wp-json\/wp\/v2\/pages\/5996\/revisions"}],"predecessor-version":[{"id":5998,"href":"https:\/\/amblapaz.esteri.it\/it\/wp-json\/wp\/v2\/pages\/5996\/revisions\/5998"}],"up":[{"embeddable":true,"href":"https:\/\/amblapaz.esteri.it\/it\/wp-json\/wp\/v2\/pages\/344"}],"wp:attachment":[{"href":"https:\/\/amblapaz.esteri.it\/it\/wp-json\/wp\/v2\/media?parent=5996"}],"curies":[{"name":"wp","href":"https:\/\/api.w.org\/{rel}","templated":true}]}}