{"id":6005,"date":"2026-03-12T13:16:20","date_gmt":"2026-03-12T17:16:20","guid":{"rendered":"https:\/\/amblapaz.esteri.it\/?page_id=6005"},"modified":"2026-03-13T10:15:38","modified_gmt":"2026-03-13T14:15:38","slug":"iscrizione-allaire-tramite-il-portale-fast-it","status":"publish","type":"page","link":"https:\/\/amblapaz.esteri.it\/it\/servizi-consolari-e-visti\/servizi-per-il-cittadino-italiano\/anagrafe\/iscrizione-allaire-tramite-il-portale-fast-it\/","title":{"rendered":"Iscrizione all\u2019AIRE tramite il Portale \u201cFast-It\u201d"},"content":{"rendered":"<p>Dopo aver effettuato l\u2019iscrizione al Portale dei Servizi Consolari, \u00e8 possibile richiedere l\u2019iscrizione all\u2019AIRE (Anagrafe degli Italiani Residenti all\u2019Estero) all\u2019interno della categoria \u201c<a href=\"https:\/\/amblapaz.esteri.it\/it\/servizi-consolari-e-visti\/servizi-per-il-cittadino-italiano\/anagrafe\/\">Anagrafe consolare e AIRE<\/a>\u201d, accedendo al servizio \u201c<strong>Richiedi l\u2019iscrizione all\u2019AIRE<\/strong>\u201d.<\/p>\n<p>Sar\u00e0 poi necessario <strong>compilare i campi previsti, effettuare la stampa del relativo modulo, firmarlo e caricarlo sul portale, insieme a copia del proprio documento e della prova di residenza<\/strong>, in un procedimento guidato ed intuitivo. Al termine della procedura, la richiesta verr\u00e0 inoltrata alla Cancelleria Consolare: un operatore prender\u00e0 in carico la domanda d\u2019iscrizione e provveder\u00e0, una volta controllato che sia completa, ad inoltrarla al Comune di provenienza in Italia (l\u2019AIRE \u00e8 infatti tenuta per legge dai Comuni italiani). In attesa della risposta dal Comune si viene comunque iscritti d\u2019ufficio negli Schedari consolari del Consolato di competenza. Lo status di \u201ciscritto all\u2019AIRE\u201d si ottiene per\u00f2 una volta che il Consolato ha ricevuto dal Comune la conferma dell\u2019iscrizione all\u2019AIRE. Durante tutto il corso del procedimento, l\u2019utente \u00e8 avvisato dei progressi della pratica sia mediante comunicazioni sulla sua pagina personale del portale, sia tramite e-mail. Nel caso in cui la pratica risulti carente di informazioni o documenti, o per le necessarie correzioni o integrazioni, verr\u00e0 restituita all\u2019utente.<\/p>\n<p>N.B.: La richiesta d\u2019iscrizione all\u2019AIRE non s\u2019intende automaticamente accettata!<\/p>\n<p><strong>IMPORTANTE:<\/strong> Ogni cittadino italiano MAGGIORENNE potr\u00e0 presentare richiesta di iscrizione AIRE per lui e per i familiari conviventi di cittadinanza italiana. Qualora tuttavia si dovesse richiedere anche la registrazione di un familiare i cui atti di stato civile (matrimonio, divorzio, nascite figli) non sono stati trascritti in precedenza, sar\u00e0 necessario regolarizzare previamente la posizione seguendo le istruzioni presenti nella sezione \u201c<a href=\"https:\/\/amblapaz.esteri.it\/it\/servizi-consolari-e-visti\/servizi-per-il-cittadino-italiano\/stato-civile\/\">Stato Civile<\/a>\u201d della nostra pagina web.<\/p>\n<p><strong>ISTRUZIONI PRATICHE:<\/strong><\/p>\n<p><strong>Compila la richiesta<\/strong>.<\/p>\n<p>Dopo aver compilato i campi richiesti nel modulo on line, sar\u00e0 necessario anche allegare:<\/p>\n<ul>\n<li><strong>ALLEGATO A<\/strong> \u2013 Scansione di un documento italiano in corso di validit\u00e0 (passaporto o carta d\u2019identit\u00e0) di tutti i componenti del nucleo familiare di cittadinanza italiana, residenti nella stessa abitazione. Oltre a ci\u00f2, <strong>nello stesso file<\/strong>, dovr\u00e0 essere trasmessa una scansione del Carnet de Extranjer\u00eda (del richiedente e di eventuali componenti del nucleo familiare).<\/li>\n<li><strong>ALLEGATO B<\/strong> \u2013 Scansione del modulo di richiesta firmato<\/li>\n<\/ul>\n<p><strong>RICORDA!<\/strong> Il sistema di upload del sito respinge qualsiasi allegato di dimensioni superiori a 1.0 MB (o 1024KB). Del resto non \u00e8 necessario utilizzare lo scanner al massimo della potenzialit\u00e0 per ottenere una versione digitale del documento da inviare.<\/p>\n<p>Come convertire in digitale un documento cartaceo nel migliore dei modi:<br \/>\nIn generale lo scanner pu\u00f2 essere impostato con i seguenti parametri: Risoluzione: 200 dpi<br \/>\nUna risoluzione da 150 dpi a 200 dpi di solito offre una immagine di buona qualit\u00e0 che permette una lettura ed una stampa\u00a0sufficientemente fedele ed accurata rispetto al documento originale.<br \/>\nColore: scala di grigi (gray scale) (NON usare colore se non \u00e8 espressamente richiesto).<br \/>\nFormato: jpeg o pdf consigliati.<br \/>\nIn questo modo si otterr\u00e0 un documento molto pi\u00f9 leggero ma sempre perfettamente leggibile e stampabile.<\/p>\n<p><strong>Inoltra la richiesta<\/strong>.<\/p>\n<p><strong>IMPORTANTE: PIN<\/strong> \u2013 Si informa che il numero PIN richiamato nel portale \u201c<a href=\"https:\/\/serviziconsolari.esteri.it\/home\">Fast-It<\/a>\u201d non \u00e8 necessario per la richiesta di iscrizione all\u00b4A.I.R.E. Si precisa inoltre che le funzioni del portale che necessitano del PIN non sono ancora state abilitate dal Ministero degli Affari Esteri e della Cooperazione Internazionale. Si specifica che non \u00e8 possibile per gli utenti generare autonomamente il proprio PIN e che questa Ambasciata pubblicher\u00e0 sul sito web un avviso specifico relativo al rilascio del PIN, non appena questo servizio sar\u00e0 reso disponibile.<\/p>\n<p>&nbsp;<\/p>\n","protected":false},"excerpt":{"rendered":"Dopo aver effettuato l\u2019iscrizione al Portale dei Servizi Consolari, \u00e8 possibile richiedere l\u2019iscrizione all\u2019AIRE (Anagrafe degli Italiani Residenti all\u2019Estero) all\u2019interno della categoria \u201cAnagrafe consolare e AIRE\u201d, accedendo al servizio \u201cRichiedi l\u2019iscrizione all\u2019AIRE\u201d. Sar\u00e0 poi necessario compilare i campi previsti, effettuare la stampa del relativo modulo, firmarlo e caricarlo sul portale, insieme a copia del proprio [&hellip;]","protected":false},"author":4,"featured_media":0,"parent":344,"menu_order":0,"comment_status":"closed","ping_status":"closed","template":"","meta":{"footnotes":""},"class_list":["post-6005","page","type-page","status-publish","hentry"],"_links":{"self":[{"href":"https:\/\/amblapaz.esteri.it\/it\/wp-json\/wp\/v2\/pages\/6005","targetHints":{"allow":["GET"]}}],"collection":[{"href":"https:\/\/amblapaz.esteri.it\/it\/wp-json\/wp\/v2\/pages"}],"about":[{"href":"https:\/\/amblapaz.esteri.it\/it\/wp-json\/wp\/v2\/types\/page"}],"author":[{"embeddable":true,"href":"https:\/\/amblapaz.esteri.it\/it\/wp-json\/wp\/v2\/users\/4"}],"replies":[{"embeddable":true,"href":"https:\/\/amblapaz.esteri.it\/it\/wp-json\/wp\/v2\/comments?post=6005"}],"version-history":[{"count":2,"href":"https:\/\/amblapaz.esteri.it\/it\/wp-json\/wp\/v2\/pages\/6005\/revisions"}],"predecessor-version":[{"id":6018,"href":"https:\/\/amblapaz.esteri.it\/it\/wp-json\/wp\/v2\/pages\/6005\/revisions\/6018"}],"up":[{"embeddable":true,"href":"https:\/\/amblapaz.esteri.it\/it\/wp-json\/wp\/v2\/pages\/344"}],"wp:attachment":[{"href":"https:\/\/amblapaz.esteri.it\/it\/wp-json\/wp\/v2\/media?parent=6005"}],"curies":[{"name":"wp","href":"https:\/\/api.w.org\/{rel}","templated":true}]}}