{"id":6283,"date":"2026-03-27T13:21:27","date_gmt":"2026-03-27T17:21:27","guid":{"rendered":"https:\/\/amblapaz.esteri.it\/?page_id=6283"},"modified":"2026-03-27T13:43:25","modified_gmt":"2026-03-27T17:43:25","slug":"portale-fast-it-dubbi-e-errori-frequenti","status":"publish","type":"page","link":"https:\/\/amblapaz.esteri.it\/it\/servizi-consolari-e-visti\/servizi-per-il-cittadino-italiano\/anagrafe\/portale-fast-it-dubbi-e-errori-frequenti\/","title":{"rendered":"Dubbi e errori frequenti &#8211; Portale FAST-IT"},"content":{"rendered":"<p><strong>Ho richiesto l\u2019iscrizione tramite portale FAST IT e lo status risulta: \u201cIn Lavorazione\u201d. Cosa significa?<\/strong><\/p>\n<p>Significa che la Sua richiesta \u00e8 stata lavorata in prima fase ed \u00e8 stato necessario richiedere conferme al Suo Comune. Il tempo di \u201clavorazione\u201d di una pratica pu\u00f2 variare a seconda del tempo impiegato dal Comune nel rispondere la nostra richiesta. Dopo 180 giorni \u00e8 possibile richiedere informazioni via e-mail: <a href=\"mailto:consolare.lapaz@esteri.it\">consolare.lapaz@esteri.it<\/a><\/p>\n<p><strong>Quando visualizzo la mia scheda anagrafica su FAST IT, anche se i miei dati sembrano essere aggiornati, lo stato di registrazione \u00e8: \u201cNon Iscritto\u201d. \u00c8 un problema?<\/strong><\/p>\n<p>Se nel campo \u201cISCRIZIONE AIRE\u201d appare lo stato \u201cNon iscritto\u201d \u2013 ma l\u2019indirizzo e gli altri dati sono aggiornati \u2013 l\u2019interessato NON deve richiedere alcun aggiornamento. Questa informazione riflette l\u2019eventuale mancanza di riscontro da parte del Comune che pu\u00f2 avere tempi variabili, ma che NON altera il registro degli iscritti, n\u00e9 limita l\u2019accesso ai servizi consolari.<\/p>\n<p><strong>Mio figlio minorenne, che \u00e8 gi\u00e0 cittadino italiano, vive con l\u2019altro genitore straniero. Come posso aggiornare il suo indirizzo?<\/strong><\/p>\n<p>La richiesta deve essere inviata per e-mail \u2013 <a href=\"mailto:consolare.lapaz@esteri.it\">consolare.lapaz@esteri.it<\/a>\u2013 con i seguenti documenti: Formulario di richiesta compilato dal genitore straniero con cui vive il minore, atto di assenso AIRE firmato dal genitore che non vive nello stesso indirizzo, documento d\u2019identit\u00e0 valido dei genitori e del minore, prova di residenza a nome del genitore straniero (meno di tre mesi), e documentazione rilasciata dal Comune relativa alla cittadinanza del minore (se non ancora depositata presso questa Ambasciata).<br \/>\n<span style=\"text-decoration: underline;\">NOTA BENE:<\/span><br \/>\nSe il genitore che concede l\u2019assenso \u00e8 un <strong>cittadino dell\u2019Unione Europea<\/strong>, potr\u00e0 semplicemente compilare e firmare a penna il modulo di assenso allegando copia del documento d\u2019identit\u00e0 (pagina con foto e firma). Se invece il genitore che concede l\u2019assenso \u00e8 <strong>extra UE<\/strong>, dovr\u00e0 firmare il modulo di assenso presso Ambasciata o Consolato italiano competente (se risiede all&#8217;estero) o presso il Comune (se risiende in Italia).<\/p>\n<p><strong>Quando cerco di visualizzare la mia registrazione riscontro un messaggio di errore che dice che devo essere un cittadino italiano iscritto all\u2019AIRE per richiedere il servizio. Tuttavia, la mia cittadinanza \u00e8 gi\u00e0 stata completata e sono registrato presso questo consolato. Cosa devo fare?<\/strong><\/p>\n<p>Questo errore di solito significa che la registrazione su FAST IT non \u00e8 stata fatta con gli stessi dati presenti nel nostro sistema. L\u2019Associazione, che permette la visualizzazione della propria scheda anagrafica, pu\u00f2 essere fatta solo quando i dati inseriti in FAST IT rispecchiano i dati presenti nella nostra Anagrafe Consolare. Se hai dubbi su quali siano i suoi dati di registro \u00e8 possibile inviare un\u2019e-mail \u2013 <a href=\"mailto:consolare.lapaz@esteri.it\">consolare.lapaz@esteri.it<\/a>&#8211; con i tuoi dati completi chiedendo conferma.<\/p>\n<p><strong>Sono registrato su FAST IT in un altro consolato, ma ora sono residente in Bolivia, come posso fare il cambio?<\/strong><\/p>\n<p>Per effettuare il cambiamento \u00e8 necessario non avere nessuna richiesta in corso. In questo caso, basta cliccare sul pulsante \u201cComunicare la variazione della propria residenza\u201d e cambiare la Nazione\/Stato di residenza e la citt\u00e0. Apparir\u00e0 il seguente messaggio:<\/p>\n<p>\u201cAttenzione, si sta cambiando Sede Consolare di riferimento. Sei sicuro di voler continuare? Premendo \u201cOk\u201d sarete reindirizzati alla variazione Aire. Cliccando su \u201cOk\u201d la SEDE di appartenenza sar\u00e0 cambiata, anche senza concludere la richiesta.<\/p>\n<p><strong>Sto cercando di allegare tutti i documenti, ma i file superano il limite di 1Mega. Cosa fare?<\/strong><\/p>\n<p>Pu\u00f2 essere necessario, per esempio, scansionare la documentazione in bianco e nero per ridurre le dimensioni dei file.<br \/>\n<strong>Come convertire in digitale un documento cartaceo nel migliore dei modi<\/strong>: In generale lo scanner pu\u00f2 essere impostato con i seguenti parametri:<\/p>\n<ul>\n<li><strong>Risoluzione<\/strong>: 200 dpi (una risoluzione da 150 dpi a 200 dpi di solito offre una immagine di buona qualit\u00e0 che permette una lettura ed una stampa sufficientemente fedele ed accurata rispetto al documento originale).<\/li>\n<li><strong>Colore<\/strong>: scala di grigi (gray scale) (NON usare colore se non \u00e8 espressamente richiesto).<\/li>\n<li><strong>Formato<\/strong>: jpeg o pdf consigliati.<\/li>\n<\/ul>\n<p><strong>Ho fatto una richiesta di prima iscrizione tramite FAST IT e lo status risulta \u201crifiutata\u201d con il messaggio \u201cPratica gi\u00e0 esistente\u201d. Cosa fare?<\/strong><\/p>\n<p>Quando questo Consolato accetta una richiesta di prima iscrizione, attraverso FAST IT tutti i dati inseriti dal richiedente migrano alla nostra anagrafe consolare.<\/p>\n<p>Se il nome del richiedente esiste gi\u00e0 nel nostro database (anagrafe consolare) non siamo in grado di accettare tale domanda.<\/p>\n<p>Se la richiesta \u00e8 per la registrazione di cambiamenti di stato civile \u2013 figli, matrimonio, ecc. \u2013 sar\u00e0 necessario seguire le disposizioni presenti nella sezione Stato Civile.<\/p>\n<p><strong>Mio figlio minorenne abita solo con me, ma l\u2019altro genitore non vuole sottoscrivere la richiesta di iscrizione AIRE. Come devo procedere?<\/strong><\/p>\n<p>Se la richiesta di iscrizione A.I.R.E. coinvolge un minore entrambi i genitori devono sottoscrivere la Richiesta di iscrizione. In tal senso, sar\u00e0 necessario inviare anche il documento di identit\u00e0 del genitore straniero.<\/p>\n<p>Qualora non risulti la firma di uno dei due genitori in tale Dichiarazione, il genitore che presenta l\u2019istanza dovr\u00e0 fornire al Consolato \u2013 inviando un\u2019email a <a href=\"mailto:consolare.lapaz@esteri.it\">consolare.lapaz@esteri.it<\/a> \u2013 le ultime coordinate conosciute dell\u2019altro genitore: contatto telefonico, indirizzo postale e\/o e-mail. Altrimenti, dovr\u00e0 fornire \u2013 ove non gi\u00e0 presente agli atti di questa sede \u2013 evidenza documentale dell\u2019impossibilit\u00e0 di ottenere il consenso dell\u2019altro genitore: ad esempio, per decesso o per provvedimento giurisdizionale interdittivo della sua genitorialit\u00e0 oppure perch\u00e9 il minore \u00e8 stato riconosciuto da un solo genitore.<\/p>\n","protected":false},"excerpt":{"rendered":"Ho richiesto l\u2019iscrizione tramite portale FAST IT e lo status risulta: \u201cIn Lavorazione\u201d. Cosa significa? Significa che la Sua richiesta \u00e8 stata lavorata in prima fase ed \u00e8 stato necessario richiedere conferme al Suo Comune. Il tempo di \u201clavorazione\u201d di una pratica pu\u00f2 variare a seconda del tempo impiegato dal Comune nel rispondere la nostra [&hellip;]","protected":false},"author":4,"featured_media":0,"parent":344,"menu_order":0,"comment_status":"closed","ping_status":"closed","template":"","meta":{"footnotes":""},"class_list":["post-6283","page","type-page","status-publish","hentry"],"_links":{"self":[{"href":"https:\/\/amblapaz.esteri.it\/it\/wp-json\/wp\/v2\/pages\/6283","targetHints":{"allow":["GET"]}}],"collection":[{"href":"https:\/\/amblapaz.esteri.it\/it\/wp-json\/wp\/v2\/pages"}],"about":[{"href":"https:\/\/amblapaz.esteri.it\/it\/wp-json\/wp\/v2\/types\/page"}],"author":[{"embeddable":true,"href":"https:\/\/amblapaz.esteri.it\/it\/wp-json\/wp\/v2\/users\/4"}],"replies":[{"embeddable":true,"href":"https:\/\/amblapaz.esteri.it\/it\/wp-json\/wp\/v2\/comments?post=6283"}],"version-history":[{"count":4,"href":"https:\/\/amblapaz.esteri.it\/it\/wp-json\/wp\/v2\/pages\/6283\/revisions"}],"predecessor-version":[{"id":6301,"href":"https:\/\/amblapaz.esteri.it\/it\/wp-json\/wp\/v2\/pages\/6283\/revisions\/6301"}],"up":[{"embeddable":true,"href":"https:\/\/amblapaz.esteri.it\/it\/wp-json\/wp\/v2\/pages\/344"}],"wp:attachment":[{"href":"https:\/\/amblapaz.esteri.it\/it\/wp-json\/wp\/v2\/media?parent=6283"}],"curies":[{"name":"wp","href":"https:\/\/api.w.org\/{rel}","templated":true}]}}