{"id":89,"date":"2023-04-11T18:22:07","date_gmt":"2023-04-11T16:22:07","guid":{"rendered":"https:\/\/ambasciatapraga.esteri.it\/?page_id=89"},"modified":"2026-02-12T09:43:18","modified_gmt":"2026-02-12T13:43:18","slug":"visti","status":"publish","type":"page","link":"https:\/\/amblapaz.esteri.it\/it\/servizi-consolari-e-visti\/servizi-per-il-cittadino-straniero\/visti\/","title":{"rendered":"Visti"},"content":{"rendered":"<p><strong>Procedimiento para la obtenci\u00f3n de visas<\/strong><\/p>\n<p>&nbsp;<\/p>\n<p><strong><em>Paso 1: Agendar cita<\/em><\/strong><\/p>\n<p>La Oficina de Visas de la Embajada\u00a0de Italia en La Paz atiende al p\u00fablico\u00a0<strong>s\u00f3lo con cita previa.<\/strong><\/p>\n<ol>\n<li>Para solicitar una visa de <strong><u>corta duraci\u00f3n (hasta 90 dias)<\/u><\/strong> se ruega seguir las siguientes instrucciones: <a href=\"https:\/\/amblapaz.esteri.it\/wp-content\/uploads\/2024\/02\/Instrucciones-para-solicitud-de-cita-Visa-Turismo.pdf\">Instrucciones para solicitud de cita \u2013 Visa Turismo<\/a><\/li>\n<li>Para solicitar visa de <strong><u>larga duraci\u00f3n<\/u><\/strong><u> <strong>(m\u00e1s de 90 d\u00edas)<\/strong><\/u> se ruega utilizar el servicio de\u00a0reserva\u00a0on-line <a href=\"https:\/\/prenotami.esteri.it\/\">Prenot@mi<\/a>, tomando en cuenta las siguientes instrucciones:<\/li>\n<\/ol>\n<p><strong>\u2013 El tipo de servicio que reserve en la plataforma debe ser acorde a la visa que solicitar\u00e1, de lo contrario, no se le podr\u00e1 atender en ventanilla. Informaci\u00f3n respecto a los tipos de visas podr\u00e1 ser encontrada en el apartado <em>\u201cTipos de visas y requisitos\u201d<\/em> de esta p\u00e1gina. <\/strong><\/p>\n<p><strong>\u2013 Cada solicitante debe solicitar una cita a su nombre. No se aceptan dos o m\u00e1s personas con una \u00fanica cita confirmada.<\/strong><\/p>\n<p><strong>\u2013 En el caso de menores de edad, la cita debe ser solicitada a nombre de uno de los padres. <\/strong><\/p>\n<p>&nbsp;<\/p>\n<p><strong><em>Paso 2: Reunir requisitos y realizar el pago<\/em><\/strong><\/p>\n<ol>\n<li>Los requisitos para cada tipo de visa pueden ser consultados en el apartado <strong><em>\u201cTipos de visas y requisitos\u201d<\/em> de esta p\u00e1gina.<\/strong><\/li>\n<li><strong>El pago de la visa se lo debe efectuar antes de la cita, en cualquier sucursal del banco BCP (Banco de Cr\u00e9dito), que ya conoce el n\u00famero de cuenta y el monto seg\u00fan la tipolog\u00eda de visa (corta o larga duraci\u00f3n). Al momento de realizar el pago en el banco, debe especificar el concepto: visa de corta duraci\u00f3n, visa de larga duraci\u00f3n, visa de estudio o visa reducida (para solicitantes de entre 6 y 12 a\u00f1os de edad). <\/strong><\/li>\n<\/ol>\n<p><strong>\u2013 Las tarifas consulares pueden variar cada trimestre (1 de enero, 1 de abril, 1 de julio, 1 de octubre), por lo tanto, es responsabilidad del usuario averiguar la nueva tarifa antes de proceder con el pago.<\/strong><\/p>\n<p><strong>El tarifario completo, detallado y actualizado para todos los tipos de visas lo encuentra en el siguiente enlace: <\/strong><a href=\"https:\/\/amblapaz.esteri.it\/es\/servizi-consolari-e-visti\/servizi-per-il-cittadino-italiano\/tariffe-consolari\/\"><strong>Tarifas consulares \u2013 Visas\u00a0<\/strong><\/a><\/p>\n<p><strong><u>Atenci\u00f3n: la Oficina de Visas no acepta pagos en efectivo. <\/u><\/strong><\/p>\n<p>&nbsp;<\/p>\n<p><strong><em>Paso 3: Presentar la solicitud<\/em><\/strong><br \/>\nUna vez realizada la reserva para la entrevista seg\u00fan las instrucciones arriba mencionadas, realizado el pago de la tarifa consular y recabados los requisitos para la solicitud, debe entregar los documentos de forma personal y presencial en la Embajada de Italia en La Paz, en la fecha y hora que figure en la reserva.<\/p>\n<p><strong>Es necesario presentar la documentaci\u00f3n solicitada, tanto en original como en fotocopia. La Embajada de Italia no realiza fotocopias de los documentos, ni puede llenar los formularios para el solicitante. Si Usted no cumple con estos requisitos, podr\u00eda perder el turno de la entrevista.<\/strong><\/p>\n<p><strong>Se ruega a los solicitantes leer el formulario de solicitud de visa con mucha atenci\u00f3n, pegar la foto en la parte superior y llenar las casillas de forma correcta. Todas las casillas deben estar llenadas con letra clara y legible, firmando en las p\u00e1ginas 3 y 4, donde tambi\u00e9n es necesario aclarar el lugar de presentaci\u00f3n de la solicitud y la fecha de entrega de documentos. <\/strong><\/p>\n<p><strong>\u00a0<\/strong><\/p>\n<p><strong><u>Atenci\u00f3n: No se revisa documentaci\u00f3n v\u00eda correo electr\u00f3nico o cualquier otro medio.\u00a0 <\/u><\/strong><\/p>\n<p>&nbsp;<\/p>\n<p><strong>Tipos de Visas y requisitos\u00a0<\/strong><\/p>\n<p><strong><em>Visas Schengen tipo \u2018C\u2019 \u2013 Corta duraci\u00f3n<\/em><\/strong><\/p>\n<ul>\n<li><a href=\"https:\/\/amblapaz.esteri.it\/wp-content\/uploads\/2025\/08\/Visita-turismo-familiares-EU.pdf\">Visita-Turismo familiare UE<\/a><\/li>\n<li><a href=\"https:\/\/amblapaz.esteri.it\/wp-content\/uploads\/2024\/02\/Atencion-medica-Corta-duracion.pdf\"><u>Atenci\u00f3n m\u00e9dica<\/u><\/a><\/li>\n<li><a href=\"https:\/\/amblapaz.esteri.it\/wp-content\/uploads\/2024\/02\/Competicion-deportiva.pdf\"><u>Competici\u00f3n deportiva<\/u><\/a><\/li>\n<li><a href=\"https:\/\/amblapaz.esteri.it\/wp-content\/uploads\/2025\/11\/Estudio-Corta-duracion.pdf\"><u>Estudio<\/u><\/a><\/li>\n<li><a href=\"https:\/\/amblapaz.esteri.it\/wp-content\/uploads\/2024\/02\/Investigacion-Corta-duracion.pdf\"><u>Investigaci\u00f3n<\/u><\/a><\/li>\n<li><a href=\"https:\/\/amblapaz.esteri.it\/wp-content\/uploads\/2025\/05\/Invitacion.pdf\"><u>Invitaci\u00f3n<\/u><\/a><\/li>\n<li><a href=\"https:\/\/amblapaz.esteri.it\/wp-content\/uploads\/2025\/01\/Mision-Corta-duracion.pdf\"><u>Misi\u00f3n<\/u><\/a><\/li>\n<li><a href=\"https:\/\/amblapaz.esteri.it\/wp-content\/uploads\/2024\/02\/Motivos-religiosos-Corta-duracion.pdf\"><u>Motivos religiosos<\/u><\/a><\/li>\n<li><a href=\"https:\/\/amblapaz.esteri.it\/wp-content\/uploads\/2025\/05\/Negocios.pdf\"><u>Negocios<\/u><\/a><\/li>\n<li><a href=\"https:\/\/amblapaz.esteri.it\/wp-content\/uploads\/2026\/01\/Trabajo-dependiente-Corta-duracion.pdf\"><u>Trabajo dependiente<\/u><\/a><\/li>\n<li><a href=\"https:\/\/amblapaz.esteri.it\/wp-content\/uploads\/2024\/02\/Transito-maritimo.pdf\"><u>Tr\u00e1nsito mar\u00edtimo<\/u><\/a><\/li>\n<li><a href=\"https:\/\/amblapaz.esteri.it\/wp-content\/uploads\/2024\/02\/Transito.pdf\"><u>Tr\u00e1nsito<\/u><\/a><\/li>\n<li><a href=\"https:\/\/amblapaz.esteri.it\/wp-content\/uploads\/2025\/05\/Turismo-Familia-o-Amigos.pdf\"><u>Turismo \u2013 Familia o amigos<\/u><\/a><\/li>\n<li><a href=\"https:\/\/amblapaz.esteri.it\/wp-content\/uploads\/2024\/02\/Turismo.pdf\"><u>Turismo<\/u><\/a><\/li>\n<li><a href=\"https:\/\/amblapaz.esteri.it\/wp-content\/uploads\/2024\/10\/Nomada-digital-C-Corta-Duracion.pdf\">Nomada digital<\/a><\/li>\n<li><a href=\"https:\/\/amblapaz.esteri.it\/wp-content\/uploads\/2024\/10\/Trabajador-a-distancia-Corta-Duracion.pdf\">Trabajador a distancia<\/a><\/li>\n<\/ul>\n<p>&nbsp;<\/p>\n<p><strong><em>Visas Nacionales tipo \u2018D\u2019 &#8211;\u00a0 Larga duraci\u00f3n<\/em><\/strong><\/p>\n<ul>\n<li><a href=\"https:\/\/amblapaz.esteri.it\/wp-content\/uploads\/2024\/02\/Adopcion.pdf\"><u>Adopci\u00f3n<\/u><\/a><\/li>\n<li><a href=\"https:\/\/amblapaz.esteri.it\/wp-content\/uploads\/2024\/02\/Atencion-medica-Larga-duracion.pdf\"><u>Atenci\u00f3n m\u00e9dica<\/u><\/a><\/li>\n<li><a href=\"https:\/\/amblapaz.esteri.it\/wp-content\/uploads\/2024\/02\/Diplomatico.pdf\"><u>Diplom\u00e1tico<\/u><\/a><\/li>\n<li><a href=\"https:\/\/amblapaz.esteri.it\/wp-content\/uploads\/2025\/11\/Estudio-Matriculacion-universitaria.pdf\"><u>Estudio \u2013 Matriculaci\u00f3n universitaria<\/u><\/a><\/li>\n<li><a href=\"https:\/\/amblapaz.esteri.it\/wp-content\/uploads\/2024\/02\/Investigacion-Larga-duracion.pdf\"><u>Investigaci\u00f3n<\/u><\/a><\/li>\n<li><a href=\"https:\/\/amblapaz.esteri.it\/wp-content\/uploads\/2025\/01\/Mision-Larga-duracion.pdf\"><u>Misi\u00f3n<\/u><\/a><\/li>\n<li><a href=\"https:\/\/amblapaz.esteri.it\/wp-content\/uploads\/2024\/02\/Motivos-religiosos-Larga-duracion.pdf\"><u>Motivos religiosos<\/u><\/a><\/li>\n<li><a href=\"https:\/\/amblapaz.esteri.it\/wp-content\/uploads\/2025\/07\/Regrupacion-Familiares-italiano-o-europeos.pdf\"><u>Reagrupaci\u00f3n con familiares italianos o europeos<\/u><\/a><\/li>\n<li><a href=\"https:\/\/amblapaz.esteri.it\/wp-content\/uploads\/2025\/07\/Reagrupacion-con-familiares-extranjeros-residentes-en-Italia.pdf\"><u>Reagrupaci\u00f3n con familiares extranjeros residentes en Italia <\/u><\/a><\/li>\n<li><a href=\"https:\/\/amblapaz.esteri.it\/wp-content\/uploads\/2024\/02\/Reingreso.pdf\"><u>Reingreso<\/u><\/a><\/li>\n<li><a href=\"https:\/\/amblapaz.esteri.it\/wp-content\/uploads\/2026\/01\/Trabajo-dependiente-Larga-duracion.pdf\"><u>Trabajo dependiente<\/u><\/a><\/li>\n<li><a href=\"https:\/\/amblapaz.esteri.it\/wp-content\/uploads\/2024\/02\/Trabajo-dependiente-Maritimo.pdf\"><u>Trabajo dependiente &#8211; Mar\u00edtimo<\/u><\/a><\/li>\n<li><a href=\"https:\/\/amblapaz.esteri.it\/wp-content\/uploads\/2024\/10\/Nomada-digital-D-Larga-Duracion.pdf\">Nomada digital<\/a><\/li>\n<li><a href=\"https:\/\/amblapaz.esteri.it\/wp-content\/uploads\/2024\/10\/Trabajador-a-distancia-Larga-Duracion.pdf\">Trabajador a distancia<\/a><\/li>\n<li><a href=\"https:\/\/amblapaz.esteri.it\/wp-content\/uploads\/2025\/07\/Residencia-electiva.pdf\">Residencia electiva<\/a><\/li>\n<\/ul>\n<p><strong>Atenci\u00f3n: Es indispensable consultar la <\/strong><a href=\"https:\/\/amblapaz.esteri.it\/wp-content\/uploads\/2024\/02\/Normativa-ICAO.pdf\"><strong>Normativa ICAO<\/strong><\/a><strong> para las fotograf\u00edas que deben ser adjuntadas en los formularios de solicitudes de Visa Schengen y Nacional.\u00a0 <\/strong><\/p>\n<p><strong>Formularios:<\/strong><\/p>\n<ul>\n<li><a href=\"https:\/\/amblapaz.esteri.it\/wp-content\/uploads\/2024\/09\/Formulario-versione-aggiornata.pdf\"><u>Formulario de solicitud de Visa Schengen<\/u><\/a><\/li>\n<li><a href=\"https:\/\/amblapaz.esteri.it\/wp-content\/uploads\/2024\/02\/Formulario-Visa-Nacional.pdf\"><u>Formulario de solicitud de Visa Nacional<\/u><\/a><\/li>\n<li><a href=\"https:\/\/amblapaz.esteri.it\/wp-content\/uploads\/2024\/02\/Formulario-Invitacion.pdf\"><u>Formulario de invitaci\u00f3n<\/u><\/a><\/li>\n<li><a href=\"https:\/\/amblapaz.esteri.it\/wp-content\/uploads\/2024\/02\/Formulario-Invitacion-por-negocios.pdf\"><u>Formulario de invitaci\u00f3n por negocios<\/u><\/a><\/li>\n<\/ul>\n<p>&nbsp;<\/p>\n<p>&nbsp;<\/p>\n<p><strong>AVISO IMPORTANTE\u00a0<\/strong><\/p>\n<p>En caso de presentaci\u00f3n de documentaci\u00f3n falsa, esta Embajada est\u00e1 obligada a denunciar el solicitante ante a la autoridad judicial italiana (art\u00edculos 331-332 del C\u00f3digo de Procedimiento Penal italiano).<strong>\u00a0<\/strong><\/p>\n<p>La Embajada de Italia \u2013 Oficina de Visas desea recordar a todos los usuarios que el sistema de reservas es totalmente GRATUITO. Nunca se pedir\u00e1 a los usuarios que paguen ninguna tarifa para reservar una cita en esta Embajada.<\/p>\n<p>Recomendamos a todos los usuarios que se abstengan de aceptar cualquier oferta realizada por sitios web, agencias u otras personas o servicios que afirmen poder reservar una cita anticipada en su nombre, por el pago de una tarifa.<\/p>\n<p>Esta Embajada no ofrece servicio de solicitudes de urgencia a cambio de un costo extra.<\/p>\n<p>La Embajada no reconoce ninguno de los servicios, agencias o individuos y se reserva el derecho de tomar las medidas oportunas.<\/p>\n<p>Por favor, informe inmediatamente de cualquier servicio de este tipo a esta Embajada enviando un correo electr\u00f3nico a <a href=\"mailto:lapaz.visti@esteri.it\">lapaz.visti@esteri.it<\/a><\/p>\n<p>&nbsp;<\/p>\n<p>Para toda otra consulta de \u00edndole urgente y no especificada en esta p\u00e1gina, puede escribir al correo electr\u00f3nico:\u00a0<a href=\"mailto:lapaz.visti@esteri.it\">lapaz.visti@esteri.it<\/a>.<\/p>\n<p>&nbsp;<\/p>\n<p>&nbsp;<\/p>\n<p>Para toda otra consulta de \u00edndole urgente y no especificada en esta p\u00e1gina, puede escribir al correo electr\u00f3nico:\u00a0<a href=\"mailto:lapaz.visti@esteri.it\">lapaz.visti@esteri.it<\/a>.<\/p>\n","protected":false},"excerpt":{"rendered":"Procedimiento para la obtenci\u00f3n de visas &nbsp; Paso 1: Agendar cita La Oficina de Visas de la Embajada\u00a0de Italia en La Paz atiende al p\u00fablico\u00a0s\u00f3lo con cita previa. Para solicitar una visa de corta duraci\u00f3n (hasta 90 dias) se ruega seguir las siguientes instrucciones: Instrucciones para solicitud de cita \u2013 Visa Turismo Para solicitar visa [&hellip;]","protected":false},"author":1,"featured_media":0,"parent":48,"menu_order":0,"comment_status":"closed","ping_status":"closed","template":"","meta":{"footnotes":""},"class_list":["post-89","page","type-page","status-publish","hentry"],"_links":{"self":[{"href":"https:\/\/amblapaz.esteri.it\/it\/wp-json\/wp\/v2\/pages\/89","targetHints":{"allow":["GET"]}}],"collection":[{"href":"https:\/\/amblapaz.esteri.it\/it\/wp-json\/wp\/v2\/pages"}],"about":[{"href":"https:\/\/amblapaz.esteri.it\/it\/wp-json\/wp\/v2\/types\/page"}],"author":[{"embeddable":true,"href":"https:\/\/amblapaz.esteri.it\/it\/wp-json\/wp\/v2\/users\/1"}],"replies":[{"embeddable":true,"href":"https:\/\/amblapaz.esteri.it\/it\/wp-json\/wp\/v2\/comments?post=89"}],"version-history":[{"count":8,"href":"https:\/\/amblapaz.esteri.it\/it\/wp-json\/wp\/v2\/pages\/89\/revisions"}],"predecessor-version":[{"id":5835,"href":"https:\/\/amblapaz.esteri.it\/it\/wp-json\/wp\/v2\/pages\/89\/revisions\/5835"}],"up":[{"embeddable":true,"href":"https:\/\/amblapaz.esteri.it\/it\/wp-json\/wp\/v2\/pages\/48"}],"wp:attachment":[{"href":"https:\/\/amblapaz.esteri.it\/it\/wp-json\/wp\/v2\/media?parent=89"}],"curies":[{"name":"wp","href":"https:\/\/api.w.org\/{rel}","templated":true}]}}